{"id":692919,"date":"2025-08-27T14:09:48","date_gmt":"2025-08-27T11:09:48","guid":{"rendered":"https:\/\/roveyayinevi.com.tr\/index.php\/urun\/ahlakin-soykutugu-ustune\/"},"modified":"2026-04-16T02:02:43","modified_gmt":"2026-04-15T23:02:43","slug":"ahlakin-soykutugu-ustune","status":"publish","type":"product","link":"https:\/\/roveyayinevi.com.tr\/index.php\/urun\/ahlakin-soykutugu-ustune\/","title":{"rendered":"Ahlak\u0131n Soyk\u00fct\u00fc\u011f\u00fc \u00dcst\u00fcne"},"content":{"rendered":"<p>H\u0131n\u00e7 duygusunu yak\u0131ndan incelemeyi d\u00fc\u015f\u00fcnen psikologlara s\u00f6yleyece\u011fim \u015fu:Bu bitki, en iyi, anar\u015fist veYahudi d\u00fc\u015fmanlar\u0131 aras\u0131nda a\u00e7\u0131yor,bir de gizli yerlerde \u00e7i\u00e7ekleniyor hep,menek\u015fe gibi, ama farkl\u0131 bir kokuyla. <\/p>\n","protected":false},"excerpt":{"rendered":"<p>H\u0131n\u00e7 duygusunu yak\u0131ndan incelemeyi d\u00fc\u015f\u00fcnen psikologlara s\u00f6yleyece\u011fim \u015fu:Bu bitki, en iyi, anar\u015fist veYahudi d\u00fc\u015fmanlar\u0131 aras\u0131nda a\u00e7\u0131yor,bir de gizli yerlerde \u00e7i\u00e7ekleniyor hep,menek\u015fe gibi, ama farkl\u0131 bir kokuyla.<\/p>\n","protected":false},"featured_media":0,"template":"","meta":{"_monsterinsights_skip_tracking":false,"_monsterinsights_sitenote_active":false,"_monsterinsights_sitenote_note":"","_monsterinsights_sitenote_category":0},"product_brand":[],"product_cat":[15319,12388],"product_tag":[],"class_list":{"0":"post-692919","1":"product","2":"type-product","3":"status-publish","5":"product_cat-etik","6":"product_cat-felsefe","7":"pa_cilt-ciltsiz","8":"pa_tur-kitap","9":"pa_yayinevi-say-yayinlari","10":"pa_yazar-friedrich-wilhelm-nietzsche","12":"first","13":"instock","14":"sale","15":"shipping-taxable","16":"purchasable","17":"product-type-simple"},"_links":{"self":[{"href":"https:\/\/roveyayinevi.com.tr\/index.php\/wp-json\/wp\/v2\/product\/692919","targetHints":{"allow":["GET"]}}],"collection":[{"href":"https:\/\/roveyayinevi.com.tr\/index.php\/wp-json\/wp\/v2\/product"}],"about":[{"href":"https:\/\/roveyayinevi.com.tr\/index.php\/wp-json\/wp\/v2\/types\/product"}],"wp:attachment":[{"href":"https:\/\/roveyayinevi.com.tr\/index.php\/wp-json\/wp\/v2\/media?parent=692919"}],"wp:term":[{"taxonomy":"product_brand","embeddable":true,"href":"https:\/\/roveyayinevi.com.tr\/index.php\/wp-json\/wp\/v2\/product_brand?post=692919"},{"taxonomy":"product_cat","embeddable":true,"href":"https:\/\/roveyayinevi.com.tr\/index.php\/wp-json\/wp\/v2\/product_cat?post=692919"},{"taxonomy":"product_tag","embeddable":true,"href":"https:\/\/roveyayinevi.com.tr\/index.php\/wp-json\/wp\/v2\/product_tag?post=692919"}],"curies":[{"name":"wp","href":"https:\/\/api.w.org\/{rel}","templated":true}]}}