{"id":692918,"date":"2025-08-27T14:09:48","date_gmt":"2025-08-27T11:09:48","guid":{"rendered":"https:\/\/roveyayinevi.com.tr\/index.php\/urun\/hayati-yeniden-kesfedin\/"},"modified":"2026-04-08T02:03:40","modified_gmt":"2026-04-07T23:03:40","slug":"hayati-yeniden-kesfedin","status":"publish","type":"product","link":"https:\/\/roveyayinevi.com.tr\/index.php\/urun\/hayati-yeniden-kesfedin\/","title":{"rendered":"Hayat\u0131 Yeniden Ke\u015ffedin"},"content":{"rendered":"<p>Daha cesur, \u00fcretken ve doyumlu bir hayat i\u00e7in gerekli ara\u00e7larA\u015f\u0131r\u0131 vicdan ve hay\u0131r diyememek y\u00fcz\u00fcnden kendi ihtiya\u00e7lar\u0131n\u0131za s\u0131ra gelmiyor mu?Terk edilmekten korktu\u011funuz i\u00e7in ili\u015fkilerde \u00e7ok mu altta kal\u0131yorsunuz?Sa\u011fl\u0131\u011f\u0131n\u0131z\u0131 kaybetmek, akl\u0131n\u0131z\u0131 ka\u00e7\u0131rmak, paras\u0131z kalmak, u\u00e7a\u011fa binmek gibi korkular\u0131n\u0131z ya\u015fam sevincinizi yok mu ediyor?Hayat\u0131n\u0131z, i\u015fleri yeti\u015ftirmeye \u00e7al\u0131\u015fmakla m\u0131 ge\u00e7iyor?Tatmin etmeyen ili\u015fkiler, evhamlarla dolu bir hayat, nedensiz yere di\u011ferlerinden a\u015fa\u011f\u0131 hissetmek&#8230; B\u00fct\u00fcn bunlar fark etmeden kabul etti\u011fimiz inan\u0131\u015flar\u0131m\u0131z\u0131 de\u011fi\u015ftirerek \u00e7\u00f6z\u00fclebilir. Bu kendine zarar verici d\u00fc\u015f\u00fcnme ve hissetme kal\u0131plar\u0131na \u201c\u015fema\u201d ad\u0131 verilmektedir. Hayat\u0131 Yeniden Ke\u015ffedin, mutlulu\u011faula\u015fman\u0131z\u0131 engelleyen bu girdaplardan nas\u0131l kurtulaca\u011f\u0131n\u0131z\u0131 g\u00f6steriyor.Ki\u015fili\u011fe i\u015flemi\u015f ve tedavisi zor sorunlar i\u00e7in geli\u015ftirilen ve etkinli\u011fi bilimsel olarak kan\u0131tlanm\u0131\u015f \u015eema Terapi\u2019nin yarat\u0131c\u0131lar\u0131ndan Jeffrey E. Young ve Janet S. Klosko, ila\u00e7lar\u0131n yard\u0131m\u0131 ve uzun s\u00fcren geleneksel terapiler olmadan, \u015femalar\u0131n\u0131z\u0131 testler arac\u0131l\u0131\u011f\u0131 ile fark edip, Bili\u015fsel Terapinin devrim niteli\u011findeki ilkeleri ile de\u011fi\u015fmenize yard\u0131mc\u0131 oluyor.<\/p>\n","protected":false},"excerpt":{"rendered":"<p>Daha cesur, \u00fcretken ve doyumlu bir hayat i\u00e7in gerekli ara\u00e7larA\u015f\u0131r\u0131 vicdan ve hay\u0131r diyememek y\u00fcz\u00fcnden kendi ihtiya\u00e7lar\u0131n\u0131za s\u0131ra gelmiyor mu?Terk edilmekten korktu\u011funuz i\u00e7in ili\u015fkilerde \u00e7ok mu<span class=\"excerpt-hellip\"> [\u2026]<\/span><\/p>\n","protected":false},"featured_media":0,"template":"","meta":{"_monsterinsights_skip_tracking":false,"_monsterinsights_sitenote_active":false,"_monsterinsights_sitenote_note":"","_monsterinsights_sitenote_category":0},"product_brand":[],"product_cat":[12364,12376],"product_tag":[],"class_list":{"0":"post-692918","1":"product","2":"type-product","3":"status-publish","5":"product_cat-genel-konular","6":"product_cat-kisisel-gelisim","7":"pa_cilt-ciltsiz","8":"pa_tur-kitap","9":"pa_yayinevi-psikonet-yayinlari","10":"pa_yazar-jeffrey-e-young","12":"first","13":"instock","14":"sale","15":"shipping-taxable","16":"purchasable","17":"product-type-simple"},"_links":{"self":[{"href":"https:\/\/roveyayinevi.com.tr\/index.php\/wp-json\/wp\/v2\/product\/692918","targetHints":{"allow":["GET"]}}],"collection":[{"href":"https:\/\/roveyayinevi.com.tr\/index.php\/wp-json\/wp\/v2\/product"}],"about":[{"href":"https:\/\/roveyayinevi.com.tr\/index.php\/wp-json\/wp\/v2\/types\/product"}],"wp:attachment":[{"href":"https:\/\/roveyayinevi.com.tr\/index.php\/wp-json\/wp\/v2\/media?parent=692918"}],"wp:term":[{"taxonomy":"product_brand","embeddable":true,"href":"https:\/\/roveyayinevi.com.tr\/index.php\/wp-json\/wp\/v2\/product_brand?post=692918"},{"taxonomy":"product_cat","embeddable":true,"href":"https:\/\/roveyayinevi.com.tr\/index.php\/wp-json\/wp\/v2\/product_cat?post=692918"},{"taxonomy":"product_tag","embeddable":true,"href":"https:\/\/roveyayinevi.com.tr\/index.php\/wp-json\/wp\/v2\/product_tag?post=692918"}],"curies":[{"name":"wp","href":"https:\/\/api.w.org\/{rel}","templated":true}]}}