{"id":692916,"date":"2025-08-27T14:09:47","date_gmt":"2025-08-27T11:09:47","guid":{"rendered":"https:\/\/roveyayinevi.com.tr\/index.php\/urun\/ahkamsiz-hukumler\/"},"modified":"2026-04-16T02:02:43","modified_gmt":"2026-04-15T23:02:43","slug":"ahkamsiz-hukumler","status":"publish","type":"product","link":"https:\/\/roveyayinevi.com.tr\/index.php\/urun\/ahkamsiz-hukumler\/","title":{"rendered":"Ahkams\u0131z H\u00fck\u00fcmler"},"content":{"rendered":"<p>Bu yaz\u0131lar kaleme al\u0131nd\u0131\u011f\u0131nda, benden ba\u015fka okuyucum yoktu. Zaten birileri okusun diye de yazmam\u0131\u015ft\u0131m. Yazd\u0131klar\u0131m, evvel zaman i\u00e7inde, \u00e7o\u011fu, ya\u015fanan hadiselere kar\u015f\u0131 tepki olarak i\u00e7imde birikmi\u015f \u00f6fkeler veya yenilgiler yahut i\u00e7 \u00e7eki\u015fmelerden ibarettir&#8230; Asl\u0131nda \u00e7ok kapsaml\u0131 olan, 20 y\u0131l boyunca biriken bu yaz\u0131lardaki \u015fahsi say\u0131labilecek ve o g\u00fcn\u00fc ilgilendirebilecek anekdotlar ile de\u011ferlendirmeler de \u00e7\u0131kar\u0131ld\u0131. O nedenle hadiseleri tasvir ederken m\u00fcmk\u00fcn mertebe genel yarg\u0131lar\u0131 vermeye, belli bir isim zikretmeden tabloyu aktarmaya \u00e7al\u0131\u015ft\u0131m. Bir cemaatten veya cemiyetten s\u00f6z ederken onlar\u0131 incitmemek i\u00e7in s\u00f6z\u00fc daha bir usturuplu kullanmaya \u00f6zen g\u00f6sterdim. B\u00fct\u00fcn\u00fcyle ba\u015farabildim mi? Sanm\u0131yorum! Nitekim bundan dolay\u0131 bu eserin ba\u015f\u0131na \u00e7ok \u015feyler geldi. Eser; k\u0131rp\u0131ld\u0131, bi\u00e7ildi, elendi ve b\u00f6ylece kar\u015f\u0131n\u0131za \u00e7\u0131kabildi. Ad\u0131 \u00fcst\u00fcnde, ahk\u00e2ms\u0131z h\u00fck\u00fcmler. Bendeniz de ahk\u00e2ms\u0131z h\u00fck\u00fcmler m\u00fcft\u00fcs\u00fc. Yaz\u0131lanlar\u0131 bir ayna varsay\u0131n. Ondan incinmeye, ona k\u0131zmaya, bozulmaya gerek yok. Sinirlerinizi bozan sat\u0131rlarla kar\u015f\u0131la\u015ft\u0131\u011f\u0131n\u0131zda, omzunuza d\u00f6k\u00fclen kepekleri size g\u00f6sterdi\u011fi i\u00e7in o aynaya te\u015fekk\u00fcr de edebilirsiniz, k\u0131z\u0131p k\u0131rabilirsiniz de. Tercih sizin&#8230; <\/p>\n","protected":false},"excerpt":{"rendered":"<p>Bu yaz\u0131lar kaleme al\u0131nd\u0131\u011f\u0131nda, benden ba\u015fka okuyucum yoktu. Zaten birileri okusun diye de yazmam\u0131\u015ft\u0131m. Yazd\u0131klar\u0131m, evvel zaman i\u00e7inde, \u00e7o\u011fu, ya\u015fanan hadiselere kar\u015f\u0131 tepki olarak i\u00e7imde birikmi\u015f<span class=\"excerpt-hellip\"> [\u2026]<\/span><\/p>\n","protected":false},"featured_media":0,"template":"","meta":{"_monsterinsights_skip_tracking":false,"_monsterinsights_sitenote_active":false,"_monsterinsights_sitenote_note":"","_monsterinsights_sitenote_category":0},"product_brand":[],"product_cat":[12777,12291],"product_tag":[],"class_list":{"0":"post-692916","1":"product","2":"type-product","3":"status-publish","5":"product_cat-deneme","6":"product_cat-edebiyat","7":"pa_cilt-ciltsiz","8":"pa_tur-kitap","9":"pa_yayinevi-hayat-yayinlari","10":"pa_yazar-mehmet-ali-bulut","12":"first","13":"instock","14":"sale","15":"shipping-taxable","16":"purchasable","17":"product-type-simple"},"_links":{"self":[{"href":"https:\/\/roveyayinevi.com.tr\/index.php\/wp-json\/wp\/v2\/product\/692916","targetHints":{"allow":["GET"]}}],"collection":[{"href":"https:\/\/roveyayinevi.com.tr\/index.php\/wp-json\/wp\/v2\/product"}],"about":[{"href":"https:\/\/roveyayinevi.com.tr\/index.php\/wp-json\/wp\/v2\/types\/product"}],"wp:attachment":[{"href":"https:\/\/roveyayinevi.com.tr\/index.php\/wp-json\/wp\/v2\/media?parent=692916"}],"wp:term":[{"taxonomy":"product_brand","embeddable":true,"href":"https:\/\/roveyayinevi.com.tr\/index.php\/wp-json\/wp\/v2\/product_brand?post=692916"},{"taxonomy":"product_cat","embeddable":true,"href":"https:\/\/roveyayinevi.com.tr\/index.php\/wp-json\/wp\/v2\/product_cat?post=692916"},{"taxonomy":"product_tag","embeddable":true,"href":"https:\/\/roveyayinevi.com.tr\/index.php\/wp-json\/wp\/v2\/product_tag?post=692916"}],"curies":[{"name":"wp","href":"https:\/\/api.w.org\/{rel}","templated":true}]}}