{"id":692915,"date":"2025-08-27T14:09:47","date_gmt":"2025-08-27T11:09:47","guid":{"rendered":"https:\/\/roveyayinevi.com.tr\/index.php\/urun\/dede-korkut\/"},"modified":"2026-04-16T02:02:43","modified_gmt":"2026-04-15T23:02:43","slug":"dede-korkut","status":"publish","type":"product","link":"https:\/\/roveyayinevi.com.tr\/index.php\/urun\/dede-korkut\/","title":{"rendered":"Dede Korkut"},"content":{"rendered":"<p>Dede Korkut O\u011fuznamesi, on iki hikaye ve bir mukaddimedene olu\u015fur; destanla\u015fm\u0131\u015f tarihi olaylar\u0131 masal unsurlar\u0131yla birle\u015ftirerek O\u011fuz halk\u0131n\u0131n karakteri ve al\u0131n yaz\u0131s\u0131 aras\u0131ndaki ili\u015fkiyi g\u00f6zleri ve g\u00f6n\u00fclleri doyurur nitelikte anlat\u0131r. G\u00fczel ve hikmetli s\u00f6zler, T\u00fcrkler\u2019in tarihine ait rivayetler, han ve beyler hakk\u0131nda methiyeler, T\u00fcrk t\u00f6resine ait pek \u00e7ok konu ile birlikte iyilere \u00f6vg\u00fc, k\u00f6t\u00fclere ele\u015ftiri sunar. Dede Kokut, T\u00fcrk \u0130lyada\u2019s\u0131 olarak da al\u0131n\u0131r ve \u015eehname, Beowulf, Kalevala gibi b\u00fcy\u00fck d\u00fcnya destanlar\u0131 ile bir tutulur. <\/p>\n","protected":false},"excerpt":{"rendered":"<p>Dede Korkut O\u011fuznamesi, on iki hikaye ve bir mukaddimedene olu\u015fur; destanla\u015fm\u0131\u015f tarihi olaylar\u0131 masal unsurlar\u0131yla birle\u015ftirerek O\u011fuz halk\u0131n\u0131n karakteri ve al\u0131n yaz\u0131s\u0131 aras\u0131ndaki ili\u015fkiyi g\u00f6zleri ve<span class=\"excerpt-hellip\"> [\u2026]<\/span><\/p>\n","protected":false},"featured_media":0,"template":"","meta":{"_monsterinsights_skip_tracking":false,"_monsterinsights_sitenote_active":false,"_monsterinsights_sitenote_note":"","_monsterinsights_sitenote_category":0},"product_brand":[],"product_cat":[12274,12284],"product_tag":[],"class_list":{"0":"post-692915","1":"product","2":"type-product","3":"status-publish","5":"product_cat-cocuk-ve-genclik-kitaplari","6":"product_cat-hikayeler","7":"pa_cilt-ciltsiz","8":"pa_tur-kitap","9":"pa_yayinevi-say-yayinlari","10":"pa_yazar-dede-korkut","12":"first","13":"instock","14":"sale","15":"shipping-taxable","16":"purchasable","17":"product-type-simple"},"_links":{"self":[{"href":"https:\/\/roveyayinevi.com.tr\/index.php\/wp-json\/wp\/v2\/product\/692915","targetHints":{"allow":["GET"]}}],"collection":[{"href":"https:\/\/roveyayinevi.com.tr\/index.php\/wp-json\/wp\/v2\/product"}],"about":[{"href":"https:\/\/roveyayinevi.com.tr\/index.php\/wp-json\/wp\/v2\/types\/product"}],"wp:attachment":[{"href":"https:\/\/roveyayinevi.com.tr\/index.php\/wp-json\/wp\/v2\/media?parent=692915"}],"wp:term":[{"taxonomy":"product_brand","embeddable":true,"href":"https:\/\/roveyayinevi.com.tr\/index.php\/wp-json\/wp\/v2\/product_brand?post=692915"},{"taxonomy":"product_cat","embeddable":true,"href":"https:\/\/roveyayinevi.com.tr\/index.php\/wp-json\/wp\/v2\/product_cat?post=692915"},{"taxonomy":"product_tag","embeddable":true,"href":"https:\/\/roveyayinevi.com.tr\/index.php\/wp-json\/wp\/v2\/product_tag?post=692915"}],"curies":[{"name":"wp","href":"https:\/\/api.w.org\/{rel}","templated":true}]}}