{"id":692914,"date":"2025-08-27T14:09:47","date_gmt":"2025-08-27T11:09:47","guid":{"rendered":"https:\/\/roveyayinevi.com.tr\/index.php\/urun\/cozumlu-osmanli-turkcesi-metinleri\/"},"modified":"2026-04-16T02:02:43","modified_gmt":"2026-04-15T23:02:43","slug":"cozumlu-osmanli-turkcesi-metinleri","status":"publish","type":"product","link":"https:\/\/roveyayinevi.com.tr\/index.php\/urun\/cozumlu-osmanli-turkcesi-metinleri\/","title":{"rendered":"\u00c7\u00f6z\u00fcml\u00fc Osmanl\u0131 T\u00fcrk\u00e7esi Metinleri"},"content":{"rendered":"<p>Bu kitaptaki Osmanl\u0131 T\u00fcrk\u00e7esi metinleri se\u00e7ilirken, k\u0131sa c\u00fcmleli, Fars\u00e7a ve Arap\u00e7a kelimelerin, tamlamalar\u0131n az bulundu\u011fu kolay metinlerden uzun ve karma\u015f\u0131k c\u00fcmlelerin Fars\u00e7a ve Arap\u00e7a tamlamalarla s\u00fcslendi\u011fi g\u00fc\u00e7 metinlere do\u011fru bir seyir izlenmi\u015ftir. Se\u00e7ilen metinlerde t\u00fcr ve konu \u00e7e\u015fitlili\u011fi g\u00f6zetilmi\u015ftir. Hik\u00e2ye, roman, s\u00f6ylev, sefaretname, belge, gazete, dergi, s\u00fcreli edebi ve ilmi yay\u0131n, tezkire gibi t\u00fcrlerde sosyoloji, tarih, arkeoloji, antropoloji, co\u011frafya, jeoloji, fen bilimleri, sosyal bilimler, t\u0131p, ilahiyat gibi bilim dallar\u0131 ile ilgili metinler se\u00e7ilmi\u015ftir. Mensur Osmanl\u0131 T\u00fcrk\u00e7esi metinlerinin yelpazesi geni\u015f tutulmu\u015ftur. \u0130kinci b\u00f6l\u00fcmde Manzum Osmanl\u0131 T\u00fcrk\u00e7esi metinleri ile \u00fc\u00e7\u00fcnc\u00fc b\u00f6l\u00fcmde \u00c7ok Dilli Osmanl\u0131 T\u00fcrk\u00e7esi metinleri verilmi\u015ftir. Arap harfli Osmanl\u0131 T\u00fcrk\u00e7esi metinlerinin yeni T\u00fcrk harfleriyle okunu\u015fu aynen verilerek kullan\u0131c\u0131ya okudu\u011funu kontrol imk\u00e2n\u0131 sa\u011flanm\u0131\u015ft\u0131r. Metin \u00e7\u00f6z\u00fcmlerine bakmadan Osmanl\u0131 T\u00fcrk\u00e7esi metinlerini \u00e7\u00f6zmek isteyenler i\u00e7in sunulan metinlerden bir s\u00f6zl\u00fck haz\u0131rlanm\u0131\u015ft\u0131r. S\u00f6zl\u00fck b\u00f6l\u00fcm\u00fcnde verilen anlamlar tamamen se\u00e7ilen metinlerde ge\u00e7en kelimelerin anlamlar\u0131d\u0131r. Osmanl\u0131 T\u00fcrk\u00e7esi ile yaz\u0131lm\u0131\u015f metinleri okuma ve anlama becerisini geli\u015ftirmek isteyenlerin, metinleri okuduktan sonra s\u00f6zl\u00fck b\u00f6l\u00fcm\u00fcne ba\u015fvurmalar\u0131, metni do\u011fru okuyup anlamaya \u00e7al\u0131\u015fmalar\u0131, son olarak kendilerini kontrol etmek i\u00e7in metin \u00e7\u00f6z\u00fcmleri b\u00f6l\u00fcm\u00fcne ba\u015fvurmalar\u0131 tavsiye edilir. <\/p>\n","protected":false},"excerpt":{"rendered":"<p>Bu kitaptaki Osmanl\u0131 T\u00fcrk\u00e7esi metinleri se\u00e7ilirken, k\u0131sa c\u00fcmleli, Fars\u00e7a ve Arap\u00e7a kelimelerin, tamlamalar\u0131n az bulundu\u011fu kolay metinlerden uzun ve karma\u015f\u0131k c\u00fcmlelerin Fars\u00e7a ve Arap\u00e7a tamlamalarla s\u00fcslendi\u011fi<span class=\"excerpt-hellip\"> [\u2026]<\/span><\/p>\n","protected":false},"featured_media":0,"template":"","meta":{"_monsterinsights_skip_tracking":false,"_monsterinsights_sitenote_active":false,"_monsterinsights_sitenote_note":"","_monsterinsights_sitenote_category":0},"product_brand":[],"product_cat":[12274,14573],"product_tag":[],"class_list":{"0":"post-692914","1":"product","2":"type-product","3":"status-publish","5":"product_cat-cocuk-ve-genclik-kitaplari","6":"product_cat-referans-kitaplar-cocuk-ve-genclik-kitaplari","7":"pa_cilt-ciltsiz","8":"pa_tur-kitap","9":"pa_yayinevi-say-yayinlari","10":"pa_yazar-mehmet-kanar","12":"first","13":"instock","14":"sale","15":"shipping-taxable","16":"purchasable","17":"product-type-simple"},"_links":{"self":[{"href":"https:\/\/roveyayinevi.com.tr\/index.php\/wp-json\/wp\/v2\/product\/692914","targetHints":{"allow":["GET"]}}],"collection":[{"href":"https:\/\/roveyayinevi.com.tr\/index.php\/wp-json\/wp\/v2\/product"}],"about":[{"href":"https:\/\/roveyayinevi.com.tr\/index.php\/wp-json\/wp\/v2\/types\/product"}],"wp:attachment":[{"href":"https:\/\/roveyayinevi.com.tr\/index.php\/wp-json\/wp\/v2\/media?parent=692914"}],"wp:term":[{"taxonomy":"product_brand","embeddable":true,"href":"https:\/\/roveyayinevi.com.tr\/index.php\/wp-json\/wp\/v2\/product_brand?post=692914"},{"taxonomy":"product_cat","embeddable":true,"href":"https:\/\/roveyayinevi.com.tr\/index.php\/wp-json\/wp\/v2\/product_cat?post=692914"},{"taxonomy":"product_tag","embeddable":true,"href":"https:\/\/roveyayinevi.com.tr\/index.php\/wp-json\/wp\/v2\/product_tag?post=692914"}],"curies":[{"name":"wp","href":"https:\/\/api.w.org\/{rel}","templated":true}]}}