{"id":692912,"date":"2025-08-27T14:09:46","date_gmt":"2025-08-27T11:09:46","guid":{"rendered":"https:\/\/roveyayinevi.com.tr\/index.php\/urun\/cennetin-ejderleri\/"},"modified":"2026-04-16T02:02:43","modified_gmt":"2026-04-15T23:02:43","slug":"cennetin-ejderleri","status":"publish","type":"product","link":"https:\/\/roveyayinevi.com.tr\/index.php\/urun\/cennetin-ejderleri\/","title":{"rendered":"Cennetin Ejderleri"},"content":{"rendered":"<p>Do\u011fum, memeli hayvan t\u00fcrleri i\u00e7erisinde sadece insan taraf\u0131ndan ac\u0131 verici bir deneyim olarak ya\u015fan\u0131r. Bunun sebebi a\u00e7\u0131kt\u0131r: Keskin zek\u00e2ya ev sahipli\u011fi yapacak b\u00fcy\u00fck bir beyin. Zek\u00e2n\u0131n evrimiyle do\u011fum sanc\u0131s\u0131 aras\u0131ndaki ba\u011flant\u0131 umulmad\u0131k bir \u015fekilde Eski Ahit\u2019te kurulmu\u015f gibidir. Havva, y\u0131lan\u0131n ya da ejderin k\u0131\u015fk\u0131rtmas\u0131yla iyili\u011fin ve k\u00f6t\u00fcl\u00fc\u011f\u00fcn bilgisini ta\u015f\u0131yan a\u011fac\u0131n meyvesinden yer. Tanr\u0131 bunun \u00fczerine Havva\u2019y\u0131 cezaland\u0131r\u0131r; ona \u201cAc\u0131 \u00e7ekerek do\u011fum yapacaks\u0131n\u201d der. Tanr\u0131\u2019n\u0131n herhangi bir bilgiyi de\u011fil de \u00f6zellikle iyilik ile k\u00f6t\u00fcl\u00fck aras\u0131ndaki fark\u0131n bilgisini yasaklam\u0131\u015f olmas\u0131 ilgin\u00e7tir. Ejdere bundan sonraki hayat\u0131n\u0131 yerde s\u00fcr\u00fcnerek ge\u00e7irme cezas\u0131 veren Tanr\u0131 her iki t\u00fcr\u00fc, s\u00fcr\u00fcngenleri ve memelileri ayr\u0131 ayr\u0131 cezaland\u0131rmakla kalmay\u0131p birbirlerine de d\u00fc\u015fman eder: \u201cOnun soyu senin ba\u015f\u0131n\u0131 ezecek, sen onun topu\u011funa sald\u0131racaks\u0131n.\u201d Carl Sagan\u2019\u0131n bilim ile mitoloji aras\u0131nda \u00e7arp\u0131c\u0131 paralellikler kurdu\u011fu bu klasikle\u015fmi\u015f yap\u0131t\u0131n\u0131 ilgiyle okuyacaks\u0131n\u0131z. Isaac Asimov <\/p>\n","protected":false},"excerpt":{"rendered":"<p>Do\u011fum, memeli hayvan t\u00fcrleri i\u00e7erisinde sadece insan taraf\u0131ndan ac\u0131 verici bir deneyim olarak ya\u015fan\u0131r. Bunun sebebi a\u00e7\u0131kt\u0131r: Keskin zek\u00e2ya ev sahipli\u011fi yapacak b\u00fcy\u00fck bir beyin. Zek\u00e2n\u0131n<span class=\"excerpt-hellip\"> [\u2026]<\/span><\/p>\n","protected":false},"featured_media":0,"template":"","meta":{"_monsterinsights_skip_tracking":false,"_monsterinsights_sitenote_active":false,"_monsterinsights_sitenote_note":"","_monsterinsights_sitenote_category":0},"product_brand":[],"product_cat":[13590,12337],"product_tag":[],"class_list":{"0":"post-692912","1":"product","2":"type-product","3":"status-publish","5":"product_cat-arastirma-inceleme-politika-siyaset","6":"product_cat-politika-siyaset","7":"pa_cilt-ciltsiz","8":"pa_tur-kitap","9":"pa_yayinevi-say-yayinlari","10":"pa_yazar-carl-sagan","12":"first","13":"instock","14":"sale","15":"shipping-taxable","16":"purchasable","17":"product-type-simple"},"_links":{"self":[{"href":"https:\/\/roveyayinevi.com.tr\/index.php\/wp-json\/wp\/v2\/product\/692912","targetHints":{"allow":["GET"]}}],"collection":[{"href":"https:\/\/roveyayinevi.com.tr\/index.php\/wp-json\/wp\/v2\/product"}],"about":[{"href":"https:\/\/roveyayinevi.com.tr\/index.php\/wp-json\/wp\/v2\/types\/product"}],"wp:attachment":[{"href":"https:\/\/roveyayinevi.com.tr\/index.php\/wp-json\/wp\/v2\/media?parent=692912"}],"wp:term":[{"taxonomy":"product_brand","embeddable":true,"href":"https:\/\/roveyayinevi.com.tr\/index.php\/wp-json\/wp\/v2\/product_brand?post=692912"},{"taxonomy":"product_cat","embeddable":true,"href":"https:\/\/roveyayinevi.com.tr\/index.php\/wp-json\/wp\/v2\/product_cat?post=692912"},{"taxonomy":"product_tag","embeddable":true,"href":"https:\/\/roveyayinevi.com.tr\/index.php\/wp-json\/wp\/v2\/product_tag?post=692912"}],"curies":[{"name":"wp","href":"https:\/\/api.w.org\/{rel}","templated":true}]}}