{"id":692911,"date":"2025-08-27T14:09:46","date_gmt":"2025-08-27T11:09:46","guid":{"rendered":"https:\/\/roveyayinevi.com.tr\/index.php\/urun\/desen\/"},"modified":"2026-04-16T02:02:43","modified_gmt":"2026-04-15T23:02:43","slug":"desen","status":"publish","type":"product","link":"https:\/\/roveyayinevi.com.tr\/index.php\/urun\/desen\/","title":{"rendered":"Desen"},"content":{"rendered":"<p>\u00c7izime dayal\u0131 bir anlat\u0131m bi\u00e7imi olarak tan\u0131mlayabilece\u011fimiz   desen  , t\u00fcm tasar\u0131m ve olu\u015fturma disiplinleri i\u00e7in en temel bir yard\u0131mc\u0131, d\u00fc\u015f\u00fcncenin g\u00f6rselle\u015fti\u011fi bir ilk a\u015fama, bir ilk ad\u0131m, bir eskiz ya da taslak olabilece\u011fi gibi, \u00f6zellikle 20. y\u00fczy\u0131ldan itibaren, resim gibi, kendi ba\u015f\u0131na yeterli bir yap\u0131t konumunda \u00f6znel bir anlat\u0131m arac\u0131 olarak da de\u011ferlendirilmi\u015ftir. <\/p>\n","protected":false},"excerpt":{"rendered":"<p>\u00c7izime dayal\u0131 bir anlat\u0131m bi\u00e7imi olarak tan\u0131mlayabilece\u011fimiz desen , t\u00fcm tasar\u0131m ve olu\u015fturma disiplinleri i\u00e7in en temel bir yard\u0131mc\u0131, d\u00fc\u015f\u00fcncenin g\u00f6rselle\u015fti\u011fi bir ilk a\u015fama, bir ilk<span class=\"excerpt-hellip\"> [\u2026]<\/span><\/p>\n","protected":false},"featured_media":0,"template":"","meta":{"_monsterinsights_skip_tracking":false,"_monsterinsights_sitenote_active":false,"_monsterinsights_sitenote_note":"","_monsterinsights_sitenote_category":0},"product_brand":[],"product_cat":[15733,12408],"product_tag":[],"class_list":{"0":"post-692911","1":"product","2":"type-product","3":"status-publish","5":"product_cat-resim","6":"product_cat-sanat","7":"pa_cilt-ciltsiz","8":"pa_tur-kitap","9":"pa_yayinevi-say-yayinlari","10":"pa_yazar-mustafa-orkun-muftuoglu","12":"first","13":"instock","14":"sale","15":"shipping-taxable","16":"purchasable","17":"product-type-simple"},"_links":{"self":[{"href":"https:\/\/roveyayinevi.com.tr\/index.php\/wp-json\/wp\/v2\/product\/692911","targetHints":{"allow":["GET"]}}],"collection":[{"href":"https:\/\/roveyayinevi.com.tr\/index.php\/wp-json\/wp\/v2\/product"}],"about":[{"href":"https:\/\/roveyayinevi.com.tr\/index.php\/wp-json\/wp\/v2\/types\/product"}],"wp:attachment":[{"href":"https:\/\/roveyayinevi.com.tr\/index.php\/wp-json\/wp\/v2\/media?parent=692911"}],"wp:term":[{"taxonomy":"product_brand","embeddable":true,"href":"https:\/\/roveyayinevi.com.tr\/index.php\/wp-json\/wp\/v2\/product_brand?post=692911"},{"taxonomy":"product_cat","embeddable":true,"href":"https:\/\/roveyayinevi.com.tr\/index.php\/wp-json\/wp\/v2\/product_cat?post=692911"},{"taxonomy":"product_tag","embeddable":true,"href":"https:\/\/roveyayinevi.com.tr\/index.php\/wp-json\/wp\/v2\/product_tag?post=692911"}],"curies":[{"name":"wp","href":"https:\/\/api.w.org\/{rel}","templated":true}]}}