{"id":692909,"date":"2025-08-27T14:09:46","date_gmt":"2025-08-27T11:09:46","guid":{"rendered":"https:\/\/roveyayinevi.com.tr\/index.php\/urun\/can-cekisen-bir-meslek-uzerine-son-notlar\/"},"modified":"2026-04-16T02:02:43","modified_gmt":"2026-04-15T23:02:43","slug":"can-cekisen-bir-meslek-uzerine-son-notlar","status":"publish","type":"product","link":"https:\/\/roveyayinevi.com.tr\/index.php\/urun\/can-cekisen-bir-meslek-uzerine-son-notlar\/","title":{"rendered":"Can \u00c7eki\u015fen Bir Meslek \u00dczerine Son Notlar"},"content":{"rendered":"<p>Gazetecilik \u00f6l\u00fcyor mu? Can \u00c7eki\u015fen Bir Meslek \u00dczerine Son Notlar\u2019da Haluk \u015eahin gazetecilik mesle\u011finin ge\u00e7irmekte oldu\u011fu a\u011f\u0131r hastal\u0131\u011f\u0131 ele al\u0131yor ve soruyor: Gazetecilik \u00f6l\u00fcyor mu? Daha da \u00f6nemlisi, gazetecili\u011fin \u00f6ld\u00fc\u011f\u00fc bir toplumda ya da d\u00fcnyada demokrasi ya\u015fayabilir mi? 40 y\u0131la yak\u0131n bir u\u011fra\u015f\u0131dan sonra aktif televizyonculuk ya\u015fam\u0131na birka\u00e7 ay \u00f6nce son veren \u015eahin, ge\u00e7en y\u0131l Radikal gazetesinden tasfiyesinden yola \u00e7\u0131karak gazetecili\u011fin a\u011f\u0131r hastal\u0131\u011f\u0131n\u0131n nedenlerini ve olas\u0131 sonu\u00e7lar\u0131n\u0131 analiz ediyor. Bir yandan ge\u00e7mi\u015fe bak\u0131p, Bab\u0131\u00e2li\u2019nin 1980\u2019den bu yana ser\u00fcvenini \u00e7arp\u0131c\u0131 g\u00f6zlemlerle anlat\u0131rken, bir yandan da g\u00f6zlerini gelece\u011fe \u00e7evirerek Twitter\u2019l\u0131, Facebook\u2019lu, Youtube\u2019lu bir d\u00fcnyada demokrasinin ve ifade \u00f6zg\u00fcrl\u00fc\u011f\u00fcn\u00fcn olanaklar\u0131n\u0131 sorguluyor. Sonu\u00e7ta kar\u015f\u0131m\u0131za T\u00fcrkiye\u2019de ve d\u00fcnyada medyan\u0131n bunal\u0131m\u0131n\u0131 ve bu bunal\u0131m\u0131n demokrasi ile ili\u015fkisini anlamak isteyen herkesin mutlaka okumas\u0131 gereken bir kitap \u00e7\u0131k\u0131yor. Kitapta \u015fu sorular\u0131n da yan\u0131t\u0131 var: T\u00fcrkiye\u2019de bas\u0131na kar\u015f\u0131 yap\u0131lan d\u00f6rt darbe giri\u015fiminden hangisi ba\u015far\u0131l\u0131 oldu? Ni\u00e7in ve nas\u0131l? U\u011fur Mumcu &#8220;bilgi sahibi olmadan fikir sahibi olunmaz&#8221; derken ne demek istiyordu? Nedim \u015eener\u2019e Viyana\u2019da D\u00fcnya Bas\u0131n \u00d6zg\u00fcrl\u00fc\u011f\u00fc Kahraman\u0131 \u00f6d\u00fcl\u00fc verilen toplant\u0131da neler oldu? \u00d6zg\u00fcr gazetecili\u011fin manifestosunu kim dile getirdi? G\u00fcn\u00fcm\u00fczde medya demokratik g\u00f6revlerini yerine getiriyor mu? Getiremiyorsa, neler yap\u0131labilir? <\/p>\n","protected":false},"excerpt":{"rendered":"<p>Gazetecilik \u00f6l\u00fcyor mu? Can \u00c7eki\u015fen Bir Meslek \u00dczerine Son Notlar\u2019da Haluk \u015eahin gazetecilik mesle\u011finin ge\u00e7irmekte oldu\u011fu a\u011f\u0131r hastal\u0131\u011f\u0131 ele al\u0131yor ve soruyor: Gazetecilik \u00f6l\u00fcyor mu? Daha<span class=\"excerpt-hellip\"> [\u2026]<\/span><\/p>\n","protected":false},"featured_media":0,"template":"","meta":{"_monsterinsights_skip_tracking":false,"_monsterinsights_sitenote_active":false,"_monsterinsights_sitenote_note":"","_monsterinsights_sitenote_category":0},"product_brand":[],"product_cat":[12337,14543],"product_tag":[],"class_list":{"0":"post-692909","1":"product","2":"type-product","3":"status-publish","5":"product_cat-politika-siyaset","6":"product_cat-turkiye-siyaseti-ve-politikasi","7":"pa_cilt-ciltsiz","8":"pa_tur-kitap","9":"pa_yayinevi-say-yayinlari","10":"pa_yazar-haluk-sahin","12":"first","13":"instock","14":"sale","15":"shipping-taxable","16":"purchasable","17":"product-type-simple"},"_links":{"self":[{"href":"https:\/\/roveyayinevi.com.tr\/index.php\/wp-json\/wp\/v2\/product\/692909","targetHints":{"allow":["GET"]}}],"collection":[{"href":"https:\/\/roveyayinevi.com.tr\/index.php\/wp-json\/wp\/v2\/product"}],"about":[{"href":"https:\/\/roveyayinevi.com.tr\/index.php\/wp-json\/wp\/v2\/types\/product"}],"wp:attachment":[{"href":"https:\/\/roveyayinevi.com.tr\/index.php\/wp-json\/wp\/v2\/media?parent=692909"}],"wp:term":[{"taxonomy":"product_brand","embeddable":true,"href":"https:\/\/roveyayinevi.com.tr\/index.php\/wp-json\/wp\/v2\/product_brand?post=692909"},{"taxonomy":"product_cat","embeddable":true,"href":"https:\/\/roveyayinevi.com.tr\/index.php\/wp-json\/wp\/v2\/product_cat?post=692909"},{"taxonomy":"product_tag","embeddable":true,"href":"https:\/\/roveyayinevi.com.tr\/index.php\/wp-json\/wp\/v2\/product_tag?post=692909"}],"curies":[{"name":"wp","href":"https:\/\/api.w.org\/{rel}","templated":true}]}}