{"id":692908,"date":"2025-08-27T14:09:45","date_gmt":"2025-08-27T11:09:45","guid":{"rendered":"https:\/\/roveyayinevi.com.tr\/index.php\/urun\/cocukta-fobinin-analizi\/"},"modified":"2026-04-16T02:02:43","modified_gmt":"2026-04-15T23:02:43","slug":"cocukta-fobinin-analizi","status":"publish","type":"product","link":"https:\/\/roveyayinevi.com.tr\/index.php\/urun\/cocukta-fobinin-analizi\/","title":{"rendered":"\u00c7ocukta Fobinin Analizi"},"content":{"rendered":"<p>\u201c\u0130leriki sayfalarda anlat\u0131lan k\u00fc\u00e7\u00fcc\u00fck bir hastaya ait hastal\u0131k ve tedavi hik\u00e2yesi asl\u0131nda benim g\u00f6zlemlerime dayanm\u0131yor. Tedavi plan\u0131n\u0131 b\u00fct\u00fcn\u00fcyle ben y\u00fcr\u00fctt\u00fcm ve \u00e7ocukla bir kez y\u00fcz y\u00fcze konu\u015ftum, ama tedaviyi aslen \u00e7ocu\u011fun babas\u0131 ger\u00e7ekle\u015ftirdi ve kendisine, ald\u0131\u011f\u0131 notlar\u0131 yay\u0131mlamama izin verdi\u011fi i\u00e7in te\u015fekk\u00fcr bor\u00e7luyum. Baban\u0131n yapt\u0131klar\u0131 bununla bitmiyor. S\u00f6ylemek istedi\u011fim, bir \u00e7ocu\u011fu babas\u0131ndan ba\u015fka hi\u00e7 kimsenin bu t\u00fcrden itiraflarda bulunmaya raz\u0131 edemeyece\u011fi.\u201d Freud\u2019un 1909 y\u0131l\u0131nda \u201c\u00e7ocukluk nevrozu\u201d \u00fczerine yazd\u0131\u011f\u0131 hatta kendi deyimiyle \u201caktard\u0131\u011f\u0131\u201d bu analiz, yaz\u0131ld\u0131\u011f\u0131 d\u00f6nemde hem \u00e7ok ses getirmi\u015f hem de farkl\u0131 a\u00e7\u0131lardan tart\u0131\u015fmalara neden olmu\u015ftur. Bu tart\u0131\u015fmalar daha \u00e7ok \u201czavall\u0131 \u00e7ocu\u011fun, daha o ya\u015fta masumiyetinin elinden al\u0131nd\u0131\u011f\u0131\u201d y\u00f6n\u00fcnde gelmi\u015ftir. Ancak 1922 y\u0131l\u0131 ilkbahar\u0131nda \u201cK\u00fc\u00e7\u00fck Hans\u201d 19 ya\u015f\u0131nda bir gen\u00e7 adam olarak gelip Freud\u2019u buldu\u011funda t\u00fcm bu endi\u015felerin yersizli\u011fi bir kez daha ortaya \u00e7\u0131km\u0131\u015f, \u201cK\u00fc\u00e7\u00fck Hans\u201d y\u0131llar sonra bu analizi ba\u015fka birinin \u201chik\u00e2yesi\u201d gibi okudu\u011funu ve herhangi bir tak\u0131nt\u0131s\u0131 ya da sorunu olmadan b\u00fcy\u00fcd\u00fc\u011f\u00fcn\u00fc dile getirmi\u015ftir. \u201cK\u00fc\u00e7\u00fck Hans Vakas\u0131\u201d, Freud\u2019un ele ald\u0131\u011f\u0131 di\u011fer d\u00f6rt hastal\u0131k vakas\u0131yla birlikte onun \u00e7al\u0131\u015fmalar\u0131 i\u00e7erisinde \u00f6nemli bir yer tutmaktad\u0131r. <\/p>\n","protected":false},"excerpt":{"rendered":"<p>\u201c\u0130leriki sayfalarda anlat\u0131lan k\u00fc\u00e7\u00fcc\u00fck bir hastaya ait hastal\u0131k ve tedavi hik\u00e2yesi asl\u0131nda benim g\u00f6zlemlerime dayanm\u0131yor. Tedavi plan\u0131n\u0131 b\u00fct\u00fcn\u00fcyle ben y\u00fcr\u00fctt\u00fcm ve \u00e7ocukla bir kez y\u00fcz y\u00fcze<span class=\"excerpt-hellip\"> [\u2026]<\/span><\/p>\n","protected":false},"featured_media":0,"template":"","meta":{"_monsterinsights_skip_tracking":false,"_monsterinsights_sitenote_active":false,"_monsterinsights_sitenote_note":"","_monsterinsights_sitenote_category":0},"product_brand":[],"product_cat":[12358,12357],"product_tag":[],"class_list":{"0":"post-692908","1":"product","2":"type-product","3":"status-publish","5":"product_cat-genel-psikoloji","6":"product_cat-psikoloji","7":"pa_cilt-ciltsiz","8":"pa_tur-kitap","9":"pa_yayinevi-say-yayinlari","10":"pa_yazar-sigmund-freud","12":"first","13":"instock","14":"sale","15":"shipping-taxable","16":"purchasable","17":"product-type-simple"},"_links":{"self":[{"href":"https:\/\/roveyayinevi.com.tr\/index.php\/wp-json\/wp\/v2\/product\/692908","targetHints":{"allow":["GET"]}}],"collection":[{"href":"https:\/\/roveyayinevi.com.tr\/index.php\/wp-json\/wp\/v2\/product"}],"about":[{"href":"https:\/\/roveyayinevi.com.tr\/index.php\/wp-json\/wp\/v2\/types\/product"}],"wp:attachment":[{"href":"https:\/\/roveyayinevi.com.tr\/index.php\/wp-json\/wp\/v2\/media?parent=692908"}],"wp:term":[{"taxonomy":"product_brand","embeddable":true,"href":"https:\/\/roveyayinevi.com.tr\/index.php\/wp-json\/wp\/v2\/product_brand?post=692908"},{"taxonomy":"product_cat","embeddable":true,"href":"https:\/\/roveyayinevi.com.tr\/index.php\/wp-json\/wp\/v2\/product_cat?post=692908"},{"taxonomy":"product_tag","embeddable":true,"href":"https:\/\/roveyayinevi.com.tr\/index.php\/wp-json\/wp\/v2\/product_tag?post=692908"}],"curies":[{"name":"wp","href":"https:\/\/api.w.org\/{rel}","templated":true}]}}