{"id":692906,"date":"2025-08-27T14:09:45","date_gmt":"2025-08-27T11:09:45","guid":{"rendered":"https:\/\/roveyayinevi.com.tr\/index.php\/urun\/cinsellik-uzerine\/"},"modified":"2026-04-16T02:02:43","modified_gmt":"2026-04-15T23:02:43","slug":"cinsellik-uzerine","status":"publish","type":"product","link":"https:\/\/roveyayinevi.com.tr\/index.php\/urun\/cinsellik-uzerine\/","title":{"rendered":"Cinsellik \u00dczerine"},"content":{"rendered":"<p>\u0130nsan\u0131n ve hayvan\u0131n cinsel gereksinimlerini a\u00e7\u0131klamak i\u00e7in, biyolojide \u201ccinsel bir d\u00fcrt\u00fc\u201dn\u00fcn varl\u0131\u011f\u0131ndan s\u00f6z edilir. Ayn\u0131 \u015fekilde, a\u00e7l\u0131\u011f\u0131 anlatmak i\u00e7in de bir beslenme d\u00fcrt\u00fcs\u00fcn\u00fcn oldu\u011fu varsay\u0131l\u0131r. Bununla birlikte halk dilinde cinsel gereksinim i\u00e7in a\u00e7l\u0131\u011fa kar\u015f\u0131l\u0131k gelen bir kelime yoktur. Halk\u0131n g\u00f6r\u00fc\u015f\u00fc, cinsel d\u00fcrt\u00fcn\u00fcn niteli\u011fi ve karakterleri \u00fczerine baz\u0131 kesin d\u00fc\u015f\u00fcnceler i\u00e7erir. Freud, bu noktada m\u00fcdahale etme gere\u011fi duyar ve cinsel bast\u0131rmalar\u0131n \u00e7ocuklar \u00fczerinde nas\u0131l evrildi\u011fini sergiler. Freud\u2019un anla\u015f\u0131lmas\u0131nda kilit rol\u00fc oynayan ve b\u00fcy\u00fck g\u00fcr\u00fclt\u00fcler kopararak sert tart\u0131\u015fmalara yol a\u00e7an Cinsiyet \u00dczerine, her ayd\u0131n\u0131n hatta her anne baban\u0131n mutlaka okumas\u0131 gereken temel yap\u0131tlardan biridir. <\/p>\n","protected":false},"excerpt":{"rendered":"<p>\u0130nsan\u0131n ve hayvan\u0131n cinsel gereksinimlerini a\u00e7\u0131klamak i\u00e7in, biyolojide \u201ccinsel bir d\u00fcrt\u00fc\u201dn\u00fcn varl\u0131\u011f\u0131ndan s\u00f6z edilir. Ayn\u0131 \u015fekilde, a\u00e7l\u0131\u011f\u0131 anlatmak i\u00e7in de bir beslenme d\u00fcrt\u00fcs\u00fcn\u00fcn oldu\u011fu varsay\u0131l\u0131r. Bununla<span class=\"excerpt-hellip\"> [\u2026]<\/span><\/p>\n","protected":false},"featured_media":0,"template":"","meta":{"_monsterinsights_skip_tracking":false,"_monsterinsights_sitenote_active":false,"_monsterinsights_sitenote_note":"","_monsterinsights_sitenote_category":0},"product_brand":[],"product_cat":[12358,12357],"product_tag":[],"class_list":{"0":"post-692906","1":"product","2":"type-product","3":"status-publish","5":"product_cat-genel-psikoloji","6":"product_cat-psikoloji","7":"pa_cilt-ciltsiz","8":"pa_tur-kitap","9":"pa_yayinevi-say-yayinlari","10":"pa_yazar-sigmund-freud","12":"first","13":"instock","14":"sale","15":"shipping-taxable","16":"purchasable","17":"product-type-simple"},"_links":{"self":[{"href":"https:\/\/roveyayinevi.com.tr\/index.php\/wp-json\/wp\/v2\/product\/692906","targetHints":{"allow":["GET"]}}],"collection":[{"href":"https:\/\/roveyayinevi.com.tr\/index.php\/wp-json\/wp\/v2\/product"}],"about":[{"href":"https:\/\/roveyayinevi.com.tr\/index.php\/wp-json\/wp\/v2\/types\/product"}],"wp:attachment":[{"href":"https:\/\/roveyayinevi.com.tr\/index.php\/wp-json\/wp\/v2\/media?parent=692906"}],"wp:term":[{"taxonomy":"product_brand","embeddable":true,"href":"https:\/\/roveyayinevi.com.tr\/index.php\/wp-json\/wp\/v2\/product_brand?post=692906"},{"taxonomy":"product_cat","embeddable":true,"href":"https:\/\/roveyayinevi.com.tr\/index.php\/wp-json\/wp\/v2\/product_cat?post=692906"},{"taxonomy":"product_tag","embeddable":true,"href":"https:\/\/roveyayinevi.com.tr\/index.php\/wp-json\/wp\/v2\/product_tag?post=692906"}],"curies":[{"name":"wp","href":"https:\/\/api.w.org\/{rel}","templated":true}]}}