{"id":692904,"date":"2025-08-27T14:09:45","date_gmt":"2025-08-27T11:09:45","guid":{"rendered":"https:\/\/roveyayinevi.com.tr\/index.php\/urun\/bilmek-ve-istemek\/"},"modified":"2026-04-16T02:02:43","modified_gmt":"2026-04-15T23:02:43","slug":"bilmek-ve-istemek","status":"publish","type":"product","link":"https:\/\/roveyayinevi.com.tr\/index.php\/urun\/bilmek-ve-istemek\/","title":{"rendered":"Bilmek ve \u0130stemek"},"content":{"rendered":"<p>Karanl\u0131ktan \u015fik\u00e2yet eder, bir b\u00fct\u00fcn olarak varolu\u015fun anlam\u0131n\u0131, fakat \u00f6zellikle de bizimle b\u00fct\u00fcn aras\u0131ndaki m\u00fcnasebeti anlamadan \u00f6mr\u00fcm\u00fcz\u00fc t\u00fcketti\u011fimizden yak\u0131n\u0131r\u0131z. \u015eu halde sadece hayat\u0131m\u0131z k\u0131sa de\u011fildir, fakat bilgimiz de b\u00fct\u00fcn\u00fcyle onunla s\u0131n\u0131rl\u0131d\u0131r; \u00e7\u00fcnk\u00fc ne do\u011fumumuzdan \u00f6nceki zamana ne de \u00f6l\u00fcm\u00fcm\u00fczden sonraki zamana bakabiliriz. O nedenle bilincimiz, deyim yerindeyse, geceleyin bir an i\u00e7in \u00e7ak\u0131p s\u00f6nen bir \u015fim\u015fekten ba\u015fka bir \u015fey de\u011fildir. Dolay\u0131s\u0131yla sanki bir ifrit, \u015fa\u015fk\u0131nl\u0131\u011f\u0131m\u0131zdan [ve onun verdi\u011fi s\u0131k\u0131nt\u0131 ve tedirginlikten] \u015feytanca bir zevk almak i\u00e7in bilgimizin kalan\u0131n\u0131n tamam\u0131n\u0131 bizden muz\u0131rca bir niyetle esirgemi\u015f gibidir. Bizim hayat\u0131m\u0131z \u00f6l\u00fcmden al\u0131nm\u0131\u015f bir bor\u00e7 olarak g\u00f6r\u00fclebilir; uyku da bu durumda bu bor\u00e7 i\u00e7in her g\u00fcn \u00f6denen faiz olacakt\u0131r. \u00d6l\u00fcm a\u00e7\u0131k\u00e7a kendisinin bireyin sonu oldu\u011funu ilan eder, fakat onda yeni bir varl\u0131\u011f\u0131n tohumu ya\u015famaya devam eder.  E\u011fer bilmemiz gerekti\u011fi gibi bilseydik, istememiz \u00e7ocuklar\u0131n istemesinden farks\u0131z olur muydu? Ve b\u00f6yle s\u0131n\u0131rs\u0131z sorumsuz istemeyle d\u00fcnya bug\u00fcn oldu\u011fu gibi yang\u0131n yerine d\u00f6ner miydi? <\/p>\n","protected":false},"excerpt":{"rendered":"<p>Karanl\u0131ktan \u015fik\u00e2yet eder, bir b\u00fct\u00fcn olarak varolu\u015fun anlam\u0131n\u0131, fakat \u00f6zellikle de bizimle b\u00fct\u00fcn aras\u0131ndaki m\u00fcnasebeti anlamadan \u00f6mr\u00fcm\u00fcz\u00fc t\u00fcketti\u011fimizden yak\u0131n\u0131r\u0131z. \u015eu halde sadece hayat\u0131m\u0131z k\u0131sa de\u011fildir, fakat<span class=\"excerpt-hellip\"> [\u2026]<\/span><\/p>\n","protected":false},"featured_media":0,"template":"","meta":{"_monsterinsights_skip_tracking":false,"_monsterinsights_sitenote_active":false,"_monsterinsights_sitenote_note":"","_monsterinsights_sitenote_category":0},"product_brand":[],"product_cat":[12388,13555],"product_tag":[],"class_list":{"0":"post-692904","1":"product","2":"type-product","3":"status-publish","5":"product_cat-felsefe","6":"product_cat-genel-felsefe","7":"pa_cilt-ciltsiz","8":"pa_tur-kitap","9":"pa_yayinevi-say-yayinlari","10":"pa_yazar-arthur-schopenhauer","12":"first","13":"instock","14":"sale","15":"shipping-taxable","16":"purchasable","17":"product-type-simple"},"_links":{"self":[{"href":"https:\/\/roveyayinevi.com.tr\/index.php\/wp-json\/wp\/v2\/product\/692904","targetHints":{"allow":["GET"]}}],"collection":[{"href":"https:\/\/roveyayinevi.com.tr\/index.php\/wp-json\/wp\/v2\/product"}],"about":[{"href":"https:\/\/roveyayinevi.com.tr\/index.php\/wp-json\/wp\/v2\/types\/product"}],"wp:attachment":[{"href":"https:\/\/roveyayinevi.com.tr\/index.php\/wp-json\/wp\/v2\/media?parent=692904"}],"wp:term":[{"taxonomy":"product_brand","embeddable":true,"href":"https:\/\/roveyayinevi.com.tr\/index.php\/wp-json\/wp\/v2\/product_brand?post=692904"},{"taxonomy":"product_cat","embeddable":true,"href":"https:\/\/roveyayinevi.com.tr\/index.php\/wp-json\/wp\/v2\/product_cat?post=692904"},{"taxonomy":"product_tag","embeddable":true,"href":"https:\/\/roveyayinevi.com.tr\/index.php\/wp-json\/wp\/v2\/product_tag?post=692904"}],"curies":[{"name":"wp","href":"https:\/\/api.w.org\/{rel}","templated":true}]}}