{"id":692902,"date":"2025-08-27T14:09:44","date_gmt":"2025-08-27T11:09:44","guid":{"rendered":"https:\/\/roveyayinevi.com.tr\/index.php\/urun\/bebegin-ruhsal-gelisimi\/"},"modified":"2026-04-16T02:02:43","modified_gmt":"2026-04-15T23:02:43","slug":"bebegin-ruhsal-gelisimi","status":"publish","type":"product","link":"https:\/\/roveyayinevi.com.tr\/index.php\/urun\/bebegin-ruhsal-gelisimi\/","title":{"rendered":"Bebe\u011fin Ruhsal Geli\u015fimi"},"content":{"rendered":"<p>Bebe\u011fin Ruhsal Geli\u015fimi, bebe\u011finin geli\u015fimini yak\u0131ndan izleyen ve bu konuda daha fazla bilgi edinmek isteyen anne babalar i\u00e7in, geli\u015fimsel olarak i\u015flerin ne zaman yolunda gitti\u011fi ve ne zaman bir sorun olabilece\u011fini d\u00fc\u015f\u00fcnmemiz gerekti\u011fi konusunda ayd\u0131nlat\u0131c\u0131 bilgiler veriyor. Bebeklerin, 0-3 ya\u015f d\u00f6nemindeki ruhsal geli\u015fimini t\u00fcm y\u00f6nleriyle ele al\u0131rken, anne babalar\u0131n ak\u0131llar\u0131nda olu\u015fabilecek onlarca soruya verdi\u011fi yan\u0131tlarla bebe\u011finizin sa\u011fl\u0131kl\u0131 bir ruhsal hayata sahip olmas\u0131 i\u00e7in en yak\u0131n rehberiniz olmay\u0131 \u00f6neriyor. -Dr. Koray Karabekiro\u011flu \ufffc<\/p>\n","protected":false},"excerpt":{"rendered":"<p>Bebe\u011fin Ruhsal Geli\u015fimi, bebe\u011finin geli\u015fimini yak\u0131ndan izleyen ve bu konuda daha fazla bilgi edinmek isteyen anne babalar i\u00e7in, geli\u015fimsel olarak i\u015flerin ne zaman yolunda gitti\u011fi ve<span class=\"excerpt-hellip\"> [\u2026]<\/span><\/p>\n","protected":false},"featured_media":0,"template":"","meta":{"_monsterinsights_skip_tracking":false,"_monsterinsights_sitenote_active":false,"_monsterinsights_sitenote_note":"","_monsterinsights_sitenote_category":0},"product_brand":[],"product_cat":[12679,12357],"product_tag":[],"class_list":{"0":"post-692902","1":"product","2":"type-product","3":"status-publish","5":"product_cat-cocuk-psikolojisi","6":"product_cat-psikoloji","7":"pa_cilt-ciltsiz","8":"pa_tur-kitap","9":"pa_yayinevi-say-yayinlari","10":"pa_yazar-koray-karabekiroglu","12":"first","13":"instock","14":"sale","15":"shipping-taxable","16":"purchasable","17":"product-type-simple"},"_links":{"self":[{"href":"https:\/\/roveyayinevi.com.tr\/index.php\/wp-json\/wp\/v2\/product\/692902","targetHints":{"allow":["GET"]}}],"collection":[{"href":"https:\/\/roveyayinevi.com.tr\/index.php\/wp-json\/wp\/v2\/product"}],"about":[{"href":"https:\/\/roveyayinevi.com.tr\/index.php\/wp-json\/wp\/v2\/types\/product"}],"wp:attachment":[{"href":"https:\/\/roveyayinevi.com.tr\/index.php\/wp-json\/wp\/v2\/media?parent=692902"}],"wp:term":[{"taxonomy":"product_brand","embeddable":true,"href":"https:\/\/roveyayinevi.com.tr\/index.php\/wp-json\/wp\/v2\/product_brand?post=692902"},{"taxonomy":"product_cat","embeddable":true,"href":"https:\/\/roveyayinevi.com.tr\/index.php\/wp-json\/wp\/v2\/product_cat?post=692902"},{"taxonomy":"product_tag","embeddable":true,"href":"https:\/\/roveyayinevi.com.tr\/index.php\/wp-json\/wp\/v2\/product_tag?post=692902"}],"curies":[{"name":"wp","href":"https:\/\/api.w.org\/{rel}","templated":true}]}}