{"id":692901,"date":"2025-08-27T14:09:44","date_gmt":"2025-08-27T11:09:44","guid":{"rendered":"https:\/\/roveyayinevi.com.tr\/index.php\/urun\/bas-belasi-icatlar\/"},"modified":"2026-04-16T02:02:42","modified_gmt":"2026-04-15T23:02:42","slug":"bas-belasi-icatlar","status":"publish","type":"product","link":"https:\/\/roveyayinevi.com.tr\/index.php\/urun\/bas-belasi-icatlar\/","title":{"rendered":"Ba\u015f Belas\u0131 \u0130catlar"},"content":{"rendered":"<p>Silah\u0131 icat ettik: Vah\u015fi hayvanlara yem olmaktan kurtulduk, karn\u0131m\u0131z\u0131 daha iyi doyurduk, e\u015fitlik k\u00fclt\u00fcr\u00fc yaratt\u0131k; ama ba\u015f\u0131m\u0131za patlay\u0131c\u0131lar\u0131, n\u00fckleer f\u00fczeleri, kitle imha silahlar\u0131n\u0131 bela ettik&#8230; Tar\u0131m\u0131 icat ettik: A\u00e7l\u0131k riskini asgariye indirdik, ama \u00f6zg\u00fcrce ya\u015farken kendimizi topra\u011fa ba\u011f\u0131ml\u0131 hale getirdik, kar\u015f\u0131m\u0131zda askerler, krallar, rahipler ve s\u0131n\u0131fl\u0131 bir toplum bulduk. Yaz\u0131y\u0131 icat ettik: Demokrasinin, bilimin ve sanat\u0131n yolunu a\u00e7t\u0131k, ama ayn\u0131 zamanda monar\u015fiyi, oligar\u015fiyi, pl\u00fctokrasiyi de yaratm\u0131\u015f olduk. Elektroni\u011fi icat ettik: \u00d6zg\u00fcrle\u015ftik, insan ileti\u015fiminin \u00f6n\u00fcnde dikilen co\u011frafya engelini a\u015ft\u0131k, ama b\u00f6ylece devlet ayg\u0131t\u0131n\u0131 daha bask\u0131c\u0131 hale getirdik, \u00f6zg\u00fcrl\u00fc\u011f\u00fcm\u00fcz\u00fc yitirdik, \u00f6zel ya\u015fam\u0131m\u0131zdan olduk. Genetik m\u00fchendisli\u011fi, nanoteknoloji, epigenetik insan\u0131n \u00f6n\u00fcndeki pek \u00e7ok sa\u011fl\u0131k sorununu \u00e7\u00f6zecek, insana daha uzun ve sa\u011fl\u0131kl\u0131 bir ya\u015fam vaat edecek gibi g\u00f6r\u00fcn\u00fcyor, ama gelece\u011fimizi korkun\u00e7 bi\u00e7imlerde tehdit de ediyor.  Uygarl\u0131\u011f\u0131m\u0131zda bir distopya d\u00f6nemine girip girmedi\u011fimizi bize zaman g\u00f6sterecek.  -Robert Winston- <\/p>\n","protected":false},"excerpt":{"rendered":"<p>Silah\u0131 icat ettik: Vah\u015fi hayvanlara yem olmaktan kurtulduk, karn\u0131m\u0131z\u0131 daha iyi doyurduk, e\u015fitlik k\u00fclt\u00fcr\u00fc yaratt\u0131k; ama ba\u015f\u0131m\u0131za patlay\u0131c\u0131lar\u0131, n\u00fckleer f\u00fczeleri, kitle imha silahlar\u0131n\u0131 bela ettik&#8230; Tar\u0131m\u0131<span class=\"excerpt-hellip\"> [\u2026]<\/span><\/p>\n","protected":false},"featured_media":0,"template":"","meta":{"_monsterinsights_skip_tracking":false,"_monsterinsights_sitenote_active":false,"_monsterinsights_sitenote_note":"","_monsterinsights_sitenote_category":0},"product_brand":[],"product_cat":[13005,15998],"product_tag":[],"class_list":{"0":"post-692901","1":"product","2":"type-product","3":"status-publish","5":"product_cat-bilim-muhendislik","6":"product_cat-bilim-tarihi","7":"pa_cilt-ciltsiz","8":"pa_tur-kitap","9":"pa_yayinevi-say-yayinlari","10":"pa_yazar-robert-winston","12":"first","13":"instock","14":"sale","15":"shipping-taxable","16":"purchasable","17":"product-type-simple"},"_links":{"self":[{"href":"https:\/\/roveyayinevi.com.tr\/index.php\/wp-json\/wp\/v2\/product\/692901","targetHints":{"allow":["GET"]}}],"collection":[{"href":"https:\/\/roveyayinevi.com.tr\/index.php\/wp-json\/wp\/v2\/product"}],"about":[{"href":"https:\/\/roveyayinevi.com.tr\/index.php\/wp-json\/wp\/v2\/types\/product"}],"wp:attachment":[{"href":"https:\/\/roveyayinevi.com.tr\/index.php\/wp-json\/wp\/v2\/media?parent=692901"}],"wp:term":[{"taxonomy":"product_brand","embeddable":true,"href":"https:\/\/roveyayinevi.com.tr\/index.php\/wp-json\/wp\/v2\/product_brand?post=692901"},{"taxonomy":"product_cat","embeddable":true,"href":"https:\/\/roveyayinevi.com.tr\/index.php\/wp-json\/wp\/v2\/product_cat?post=692901"},{"taxonomy":"product_tag","embeddable":true,"href":"https:\/\/roveyayinevi.com.tr\/index.php\/wp-json\/wp\/v2\/product_tag?post=692901"}],"curies":[{"name":"wp","href":"https:\/\/api.w.org\/{rel}","templated":true}]}}