{"id":692900,"date":"2025-08-27T14:09:44","date_gmt":"2025-08-27T11:09:44","guid":{"rendered":"https:\/\/roveyayinevi.com.tr\/index.php\/urun\/uluslararasi-politika-ilkeler-kavramlar-kurumlar\/"},"modified":"2026-04-16T02:02:42","modified_gmt":"2026-04-15T23:02:42","slug":"uluslararasi-politika-ilkeler-kavramlar-kurumlar","status":"publish","type":"product","link":"https:\/\/roveyayinevi.com.tr\/index.php\/urun\/uluslararasi-politika-ilkeler-kavramlar-kurumlar\/","title":{"rendered":"Uluslararas\u0131 Politika \u0130lkeler, Kavramlar, Kurumlar"},"content":{"rendered":"<p>Uluslararas\u0131 politika gerek i\u00e7eri\u011fi, gerek anlat\u0131m\u0131 ve \u00e7\u00f6z\u00fcmlemesi bak\u0131m\u0131ndan kendisine \u00f6zg\u00fc kavramlar\u0131, ilkeleri, etkenleri ve kurum ve modelleri olan bir disiplindir. Biz, 1969 y\u0131l\u0131nda yay\u0131nlad\u0131\u011f\u0131m\u0131z D\u0131\u015f Politika; i\u00e7 Etkenler A\u00e7\u0131s\u0131ndan Bir D\u0131\u015f politika \u0130ncelemesi ba\u015fl\u0131kl\u0131 k\u0131sa \u00e7al\u0131\u015fmam\u0131zda, bir &#8216;ilk deneme&#8221; olarak uluslararas\u0131 politikan\u0131n kimi y\u00f6nlerini analitik bir bi\u00e7imde anlatmaya \u00e7al\u0131\u015ft\u0131k ve bunun, \u00e7ok daha geli\u015ftirilmi\u015f ba\u015fka \u00e7al\u0131\u015fmalar i\u00e7in bir &#8220;ba\u015flang\u0131\u00e7&#8221; olabilece\u011fini d\u00fc\u015f\u00fcnm\u00fc\u015ft\u00fck. Bununla birlikte, o zamandan buyana konu ile do\u011frudan ilgili pek az \u00e7al\u0131\u015fma yay\u0131nlanm\u0131\u015f, bunlar\u0131n i\u00e7inde \u00e7a\u011fda\u015f bilim \u00f6l\u00e7\u00fclerine uyanlar\u0131n say\u0131s\u0131 ise daha da az olmu\u015ftur. Biz bu \u00e7al\u0131\u015fmam\u0131zda, olanaklar\u0131m\u0131z \u00f6l\u00e7\u00fcs\u00fcnde yeni bulgulardan ve geli\u015fmelerden yararlanarak, bir T\u00fcrk y\u00fcksek \u00f6\u011fretim kurumunda disiplinin anlat\u0131lmas\u0131nda belki bir k\u0131lavuz olabilecek ve daha geli\u015ftirilmi\u015f \u00e7al\u0131\u015fmalar\u0131n haz\u0131rlanmas\u0131 i\u00e7in gerekli ara\u00e7lar\u0131 ve y\u00f6ntemleri sa\u011flayacak bir \u00e7\u00f6z\u00fcmleme \u00e7er\u00e7evesi vermeye \u00e7al\u0131\u015ft\u0131k. Kitab\u0131m\u0131z\u0131n bundan ba\u015fka bir iddias\u0131 da yoktur.<\/p>\n","protected":false},"excerpt":{"rendered":"<p>Uluslararas\u0131 politika gerek i\u00e7eri\u011fi, gerek anlat\u0131m\u0131 ve \u00e7\u00f6z\u00fcmlemesi bak\u0131m\u0131ndan kendisine \u00f6zg\u00fc kavramlar\u0131, ilkeleri, etkenleri ve kurum ve modelleri olan bir disiplindir. Biz, 1969 y\u0131l\u0131nda yay\u0131nlad\u0131\u011f\u0131m\u0131z D\u0131\u015f<span class=\"excerpt-hellip\"> [\u2026]<\/span><\/p>\n","protected":false},"featured_media":0,"template":"","meta":{"_monsterinsights_skip_tracking":false,"_monsterinsights_sitenote_active":false,"_monsterinsights_sitenote_note":"","_monsterinsights_sitenote_category":0},"product_brand":[],"product_cat":[12338,12337],"product_tag":[],"class_list":{"0":"post-692900","1":"product","2":"type-product","3":"status-publish","5":"product_cat-dunya-siyaseti-ve-politikasi","6":"product_cat-politika-siyaset","7":"pa_cilt-ciltsiz","8":"pa_tur-kitap","9":"pa_yayinevi-siyasal-kitabevi-akademik-kitaplar","10":"pa_yazar-mehmet-gonlubol","12":"first","13":"instock","14":"sale","15":"shipping-taxable","16":"purchasable","17":"product-type-simple"},"_links":{"self":[{"href":"https:\/\/roveyayinevi.com.tr\/index.php\/wp-json\/wp\/v2\/product\/692900","targetHints":{"allow":["GET"]}}],"collection":[{"href":"https:\/\/roveyayinevi.com.tr\/index.php\/wp-json\/wp\/v2\/product"}],"about":[{"href":"https:\/\/roveyayinevi.com.tr\/index.php\/wp-json\/wp\/v2\/types\/product"}],"wp:attachment":[{"href":"https:\/\/roveyayinevi.com.tr\/index.php\/wp-json\/wp\/v2\/media?parent=692900"}],"wp:term":[{"taxonomy":"product_brand","embeddable":true,"href":"https:\/\/roveyayinevi.com.tr\/index.php\/wp-json\/wp\/v2\/product_brand?post=692900"},{"taxonomy":"product_cat","embeddable":true,"href":"https:\/\/roveyayinevi.com.tr\/index.php\/wp-json\/wp\/v2\/product_cat?post=692900"},{"taxonomy":"product_tag","embeddable":true,"href":"https:\/\/roveyayinevi.com.tr\/index.php\/wp-json\/wp\/v2\/product_tag?post=692900"}],"curies":[{"name":"wp","href":"https:\/\/api.w.org\/{rel}","templated":true}]}}