{"id":692896,"date":"2025-08-27T14:09:43","date_gmt":"2025-08-27T11:09:43","guid":{"rendered":"https:\/\/roveyayinevi.com.tr\/index.php\/urun\/sosyoloji-kisa-fakat-elestirel-bir-giris\/"},"modified":"2026-04-16T02:02:42","modified_gmt":"2026-04-15T23:02:42","slug":"sosyoloji-kisa-fakat-elestirel-bir-giris","status":"publish","type":"product","link":"https:\/\/roveyayinevi.com.tr\/index.php\/urun\/sosyoloji-kisa-fakat-elestirel-bir-giris\/","title":{"rendered":"Sosyoloji &#8211; K\u0131sa Fakat Ele\u015ftirel Bir Giri\u015f"},"content":{"rendered":"<p>Sosyoloji: K\u0131sa Fakat Ele\u015ftirel Bir Giri\u015f, g\u00fcn\u00fcm\u00fcz sosyoloji literat\u00fcr\u00fcn\u00fcn belki de en \u00f6nemli giri\u015f kitab\u0131. Giddens bu yap\u0131t\u0131nda, hem toplumsal kuram hem de g\u00f6rg\u00fcl ara\u015ft\u0131rma alan\u0131nda, kendisinin de do\u011frudan katk\u0131da bulundu\u011fu geli\u015fmeler konusundaki tart\u0131\u015fmalar\u0131, belli bir \u00e7er\u00e7eve i\u00e7inde birle\u015ftiriyor. Modernle\u015fmeden sanayi toplumuna, s\u0131n\u0131flar\u0131n d\u00f6n\u00fc\u015f\u00fcm\u00fcnden modern devlete, kentle\u015fmeden aileye, k\u00fcreselle\u015fmeden ulus-devletin gelece\u011fine dek uzanan toplumsal kuramdaki var olan sorunlarla ilgili esin kayna\u011f\u0131 olabilecek yakla\u015f\u0131mlar\u0131 canl\u0131, \u00e7ok boyutlu ve ele\u015ftirel bir bak\u0131\u015f a\u00e7\u0131s\u0131yla ele al\u0131yor. \u00dcniversite \u00f6\u011frencilerinin yan\u0131 s\u0131ra konu hakk\u0131nda uzman olmayan okuyucular i\u00e7in de \u00f6nemli bir ba\u015fvuru kayna\u011f\u0131.<\/p>\n","protected":false},"excerpt":{"rendered":"<p>Sosyoloji: K\u0131sa Fakat Ele\u015ftirel Bir Giri\u015f, g\u00fcn\u00fcm\u00fcz sosyoloji literat\u00fcr\u00fcn\u00fcn belki de en \u00f6nemli giri\u015f kitab\u0131. Giddens bu yap\u0131t\u0131nda, hem toplumsal kuram hem de g\u00f6rg\u00fcl ara\u015ft\u0131rma alan\u0131nda,<span class=\"excerpt-hellip\"> [\u2026]<\/span><\/p>\n","protected":false},"featured_media":0,"template":"","meta":{"_monsterinsights_skip_tracking":false,"_monsterinsights_sitenote_active":false,"_monsterinsights_sitenote_note":"","_monsterinsights_sitenote_category":0},"product_brand":[],"product_cat":[12325,12324],"product_tag":[],"class_list":{"0":"post-692896","1":"product","2":"type-product","3":"status-publish","5":"product_cat-diger-sosyoloji","6":"product_cat-sosyoloji","7":"pa_cilt-ciltsiz","8":"pa_tur-kitap","9":"pa_yayinevi-siyasal-kitabevi-akademik-kitaplar","10":"pa_yazar-anthony-giddens","12":"first","13":"instock","14":"sale","15":"shipping-taxable","16":"purchasable","17":"product-type-simple"},"_links":{"self":[{"href":"https:\/\/roveyayinevi.com.tr\/index.php\/wp-json\/wp\/v2\/product\/692896","targetHints":{"allow":["GET"]}}],"collection":[{"href":"https:\/\/roveyayinevi.com.tr\/index.php\/wp-json\/wp\/v2\/product"}],"about":[{"href":"https:\/\/roveyayinevi.com.tr\/index.php\/wp-json\/wp\/v2\/types\/product"}],"wp:attachment":[{"href":"https:\/\/roveyayinevi.com.tr\/index.php\/wp-json\/wp\/v2\/media?parent=692896"}],"wp:term":[{"taxonomy":"product_brand","embeddable":true,"href":"https:\/\/roveyayinevi.com.tr\/index.php\/wp-json\/wp\/v2\/product_brand?post=692896"},{"taxonomy":"product_cat","embeddable":true,"href":"https:\/\/roveyayinevi.com.tr\/index.php\/wp-json\/wp\/v2\/product_cat?post=692896"},{"taxonomy":"product_tag","embeddable":true,"href":"https:\/\/roveyayinevi.com.tr\/index.php\/wp-json\/wp\/v2\/product_tag?post=692896"}],"curies":[{"name":"wp","href":"https:\/\/api.w.org\/{rel}","templated":true}]}}