{"id":692893,"date":"2025-08-27T14:09:43","date_gmt":"2025-08-27T11:09:43","guid":{"rendered":"https:\/\/roveyayinevi.com.tr\/index.php\/urun\/ucuncu-kusak-insan-haklari-olarak-kolektif-haklar\/"},"modified":"2026-04-16T02:02:42","modified_gmt":"2026-04-15T23:02:42","slug":"ucuncu-kusak-insan-haklari-olarak-kolektif-haklar","status":"publish","type":"product","link":"https:\/\/roveyayinevi.com.tr\/index.php\/urun\/ucuncu-kusak-insan-haklari-olarak-kolektif-haklar\/","title":{"rendered":"\u00dc\u00e7\u00fcnc\u00fc Ku\u015fak \u0130nsan Haklar\u0131 Olarak Kolektif Haklar"},"content":{"rendered":"<p>Bat\u0131-d\u0131\u015f\u0131 toplumlar\u0131n tarihsel gelene\u011fi ile daha iyi \u00f6rt\u00fc\u015fen kolektif insan haklar\u0131, en   yeni   insan haklar\u0131 k\u00fcmesi olarak bug\u00fcn artan bir kabul g\u00f6rmeye ba\u015flam\u0131\u015ft\u0131r. Bu haklar, bir yandan, <\/p>\n","protected":false},"excerpt":{"rendered":"<p>Bat\u0131-d\u0131\u015f\u0131 toplumlar\u0131n tarihsel gelene\u011fi ile daha iyi \u00f6rt\u00fc\u015fen kolektif insan haklar\u0131, en yeni insan haklar\u0131 k\u00fcmesi olarak bug\u00fcn artan bir kabul g\u00f6rmeye ba\u015flam\u0131\u015ft\u0131r. Bu haklar, bir<span class=\"excerpt-hellip\"> [\u2026]<\/span><\/p>\n","protected":false},"featured_media":0,"template":"","meta":{"_monsterinsights_skip_tracking":false,"_monsterinsights_sitenote_active":false,"_monsterinsights_sitenote_note":"","_monsterinsights_sitenote_category":0},"product_brand":[],"product_cat":[13059,12337],"product_tag":[],"class_list":{"0":"post-692893","1":"product","2":"type-product","3":"status-publish","5":"product_cat-diger-politika-siyaset","6":"product_cat-politika-siyaset","7":"pa_tur-kitap","8":"pa_yayinevi-siyasal-kitabevi-akademik-kitaplar","9":"pa_yazar-berdal-aral","11":"first","12":"instock","13":"sale","14":"shipping-taxable","15":"purchasable","16":"product-type-simple"},"_links":{"self":[{"href":"https:\/\/roveyayinevi.com.tr\/index.php\/wp-json\/wp\/v2\/product\/692893","targetHints":{"allow":["GET"]}}],"collection":[{"href":"https:\/\/roveyayinevi.com.tr\/index.php\/wp-json\/wp\/v2\/product"}],"about":[{"href":"https:\/\/roveyayinevi.com.tr\/index.php\/wp-json\/wp\/v2\/types\/product"}],"wp:attachment":[{"href":"https:\/\/roveyayinevi.com.tr\/index.php\/wp-json\/wp\/v2\/media?parent=692893"}],"wp:term":[{"taxonomy":"product_brand","embeddable":true,"href":"https:\/\/roveyayinevi.com.tr\/index.php\/wp-json\/wp\/v2\/product_brand?post=692893"},{"taxonomy":"product_cat","embeddable":true,"href":"https:\/\/roveyayinevi.com.tr\/index.php\/wp-json\/wp\/v2\/product_cat?post=692893"},{"taxonomy":"product_tag","embeddable":true,"href":"https:\/\/roveyayinevi.com.tr\/index.php\/wp-json\/wp\/v2\/product_tag?post=692893"}],"curies":[{"name":"wp","href":"https:\/\/api.w.org\/{rel}","templated":true}]}}