{"id":692892,"date":"2025-08-27T14:09:42","date_gmt":"2025-08-27T11:09:42","guid":{"rendered":"https:\/\/roveyayinevi.com.tr\/index.php\/urun\/su-tuyun-uzerinde-bekler\/"},"modified":"2026-04-16T02:02:42","modified_gmt":"2026-04-15T23:02:42","slug":"su-tuyun-uzerinde-bekler","status":"publish","type":"product","link":"https:\/\/roveyayinevi.com.tr\/index.php\/urun\/su-tuyun-uzerinde-bekler\/","title":{"rendered":"Su, T\u00fcy\u00fcn \u00dczerinde Bekler"},"content":{"rendered":"<p>Godot yoka g\u00fczel bir kad\u0131n m\u0131yd\u0131? Korkunun tek umar\u0131 m\u0131 korkuluk? \u00d6l\u00fcm m\u00fc insana verilmi\u015f en b\u00fcy\u00fck ceza, \u00f6l\u00fcms\u00fczl\u00fck m\u00fc? Gecenin ka\u00e7 \u00e7ocu\u011fu vard\u0131r? Zaman nereden gelir, kayd\u0131ra\u011f\u0131m\u0131 onarabilir mi? Su, T\u00fcy\u00fcn \u00dczerinde Bekler\u2019in ilk bas\u0131m\u0131nda yeralan metinleri kateden bu anasorulara, bu \u2018fevkalade geni\u015fletilmi\u015f bas\u0131m\u2019da yenileri eklendi; ama bir tanesi var ki, b\u00fct\u00fcn sorular\u0131n sol anahtar\u0131 belki de: Cehennem, yoksa, buras\u0131 m\u0131? <\/p>\n","protected":false},"excerpt":{"rendered":"<p>Godot yoka g\u00fczel bir kad\u0131n m\u0131yd\u0131? Korkunun tek umar\u0131 m\u0131 korkuluk? \u00d6l\u00fcm m\u00fc insana verilmi\u015f en b\u00fcy\u00fck ceza, \u00f6l\u00fcms\u00fczl\u00fck m\u00fc? Gecenin ka\u00e7 \u00e7ocu\u011fu vard\u0131r? Zaman nereden<span class=\"excerpt-hellip\"> [\u2026]<\/span><\/p>\n","protected":false},"featured_media":0,"template":"","meta":{"_monsterinsights_skip_tracking":false,"_monsterinsights_sitenote_active":false,"_monsterinsights_sitenote_note":"","_monsterinsights_sitenote_category":0},"product_brand":[],"product_cat":[12365,12364],"product_tag":[],"class_list":{"0":"post-692892","1":"product","2":"type-product","3":"status-publish","5":"product_cat-diger-genel-konular","6":"product_cat-genel-konular","7":"pa_tur-kitap","8":"pa_yayinevi-sel-yayincilik","9":"pa_yazar-enis-batur","11":"first","12":"instock","13":"sale","14":"shipping-taxable","15":"purchasable","16":"product-type-simple"},"_links":{"self":[{"href":"https:\/\/roveyayinevi.com.tr\/index.php\/wp-json\/wp\/v2\/product\/692892","targetHints":{"allow":["GET"]}}],"collection":[{"href":"https:\/\/roveyayinevi.com.tr\/index.php\/wp-json\/wp\/v2\/product"}],"about":[{"href":"https:\/\/roveyayinevi.com.tr\/index.php\/wp-json\/wp\/v2\/types\/product"}],"wp:attachment":[{"href":"https:\/\/roveyayinevi.com.tr\/index.php\/wp-json\/wp\/v2\/media?parent=692892"}],"wp:term":[{"taxonomy":"product_brand","embeddable":true,"href":"https:\/\/roveyayinevi.com.tr\/index.php\/wp-json\/wp\/v2\/product_brand?post=692892"},{"taxonomy":"product_cat","embeddable":true,"href":"https:\/\/roveyayinevi.com.tr\/index.php\/wp-json\/wp\/v2\/product_cat?post=692892"},{"taxonomy":"product_tag","embeddable":true,"href":"https:\/\/roveyayinevi.com.tr\/index.php\/wp-json\/wp\/v2\/product_tag?post=692892"}],"curies":[{"name":"wp","href":"https:\/\/api.w.org\/{rel}","templated":true}]}}