{"id":692891,"date":"2025-08-27T14:09:42","date_gmt":"2025-08-27T11:09:42","guid":{"rendered":"https:\/\/roveyayinevi.com.tr\/index.php\/urun\/salah-bey-tarihi-5-istanbul-paris\/"},"modified":"2025-10-02T02:23:34","modified_gmt":"2025-10-01T23:23:34","slug":"salah-bey-tarihi-5-istanbul-paris","status":"publish","type":"product","link":"https:\/\/roveyayinevi.com.tr\/index.php\/urun\/salah-bey-tarihi-5-istanbul-paris\/","title":{"rendered":"Salah Bey Tarihi 5  \u0130stanbul &#8211; Paris"},"content":{"rendered":"<p>\u0130stanbul &#8211; Paris hatt\u0131, Bat\u0131l\u0131la\u015fma hareketleri ba\u011flam\u0131nda, son 150 y\u0131l i\u00e7inde en \u00f6nemli ekseni olu\u015fturmu\u015ftur. \u00d6nce Osmanl\u0131 ayd\u0131n\u0131n\u0131n, sonra da muhalif T\u00fcrk ayd\u0131n\u0131n\u0131n, edebiyat\u00e7\u0131s\u0131n\u0131n, sanat adam\u0131n\u0131n g\u00f6z\u00fcnde \u00f6zg\u00fcrl\u00fc\u011fe a\u00e7\u0131lan yolun simgesiydi bu g\u00fczergah. Salah Birsel, herzamanki didikleyici y\u00f6ntemi ve benzersiz \u00fcslubuyla, k\u00fclt\u00fcrel tarihimizin bu cephesine alabildi\u011fine lezzetli bir bak\u0131\u015f getirmeyi bilmi\u015ftir. <\/p>\n","protected":false},"excerpt":{"rendered":"<p>\u0130stanbul &#8211; Paris hatt\u0131, Bat\u0131l\u0131la\u015fma hareketleri ba\u011flam\u0131nda, son 150 y\u0131l i\u00e7inde en \u00f6nemli ekseni olu\u015fturmu\u015ftur. \u00d6nce Osmanl\u0131 ayd\u0131n\u0131n\u0131n, sonra da muhalif T\u00fcrk ayd\u0131n\u0131n\u0131n, edebiyat\u00e7\u0131s\u0131n\u0131n, sanat adam\u0131n\u0131n<span class=\"excerpt-hellip\"> [\u2026]<\/span><\/p>\n","protected":false},"featured_media":0,"template":"","meta":{"_monsterinsights_skip_tracking":false,"_monsterinsights_sitenote_active":false,"_monsterinsights_sitenote_note":"","_monsterinsights_sitenote_category":0},"product_brand":[],"product_cat":[12312,12304],"product_tag":[],"class_list":{"0":"post-692891","1":"product","2":"type-product","3":"status-publish","5":"product_cat-diger","6":"product_cat-tarih","7":"pa_tur-kitap","8":"pa_yayinevi-sel-yayincilik","9":"pa_yazar-salah-birsel","11":"first","12":"instock","13":"sale","14":"shipping-taxable","15":"purchasable","16":"product-type-simple"},"_links":{"self":[{"href":"https:\/\/roveyayinevi.com.tr\/index.php\/wp-json\/wp\/v2\/product\/692891","targetHints":{"allow":["GET"]}}],"collection":[{"href":"https:\/\/roveyayinevi.com.tr\/index.php\/wp-json\/wp\/v2\/product"}],"about":[{"href":"https:\/\/roveyayinevi.com.tr\/index.php\/wp-json\/wp\/v2\/types\/product"}],"wp:attachment":[{"href":"https:\/\/roveyayinevi.com.tr\/index.php\/wp-json\/wp\/v2\/media?parent=692891"}],"wp:term":[{"taxonomy":"product_brand","embeddable":true,"href":"https:\/\/roveyayinevi.com.tr\/index.php\/wp-json\/wp\/v2\/product_brand?post=692891"},{"taxonomy":"product_cat","embeddable":true,"href":"https:\/\/roveyayinevi.com.tr\/index.php\/wp-json\/wp\/v2\/product_cat?post=692891"},{"taxonomy":"product_tag","embeddable":true,"href":"https:\/\/roveyayinevi.com.tr\/index.php\/wp-json\/wp\/v2\/product_tag?post=692891"}],"curies":[{"name":"wp","href":"https:\/\/api.w.org\/{rel}","templated":true}]}}