{"id":692888,"date":"2025-08-27T14:09:41","date_gmt":"2025-08-27T11:09:41","guid":{"rendered":"https:\/\/roveyayinevi.com.tr\/index.php\/urun\/ingilizce-okudugunu-anlama-rehberi\/"},"modified":"2026-04-16T02:02:42","modified_gmt":"2026-04-15T23:02:42","slug":"ingilizce-okudugunu-anlama-rehberi","status":"publish","type":"product","link":"https:\/\/roveyayinevi.com.tr\/index.php\/urun\/ingilizce-okudugunu-anlama-rehberi\/","title":{"rendered":"\u0130ngilizce Okudu\u011funu Anlama Rehberi"},"content":{"rendered":"<p>\u00dclkemizde yabanc\u0131 dil \u00f6\u011fretimi ve \u00f6\u011freniminin hedefleri, Avrupa \u00fclkeleri ile denk hale getirilmeye \u00e7al\u0131\u015f\u0131lmaktad\u0131r. Bu nedenler, Avrupa Konseyi Modern Diller B\u00f6l\u00fcm\u00fc&#8217;nce ge-li\u015ftirilen, Avrupa Dilleri \u00d6\u011fretimi Ortak \u00c7er\u00e7eve Program\u0131&#8217;ndaki (Common European Framework) dil g\u00f6stergeleri, \u00fclkemiz e\u011fitim sisteminde de benimsemi\u015ftir. Avrupa Dille-ri \u00d6\u011fretimi Ortak \u00c7er\u00e7eve Program\u0131&#8217;ndaki dil d\u00fczeyi g\u00f6stergeleri a\u015fa\u011f\u0131daki gibidir. Bu eserin amac\u0131, okuyucular\u0131n okuma becerilerini, a\u015fa\u011f\u0131daki g\u00f6stergelerden en az B2 d\u00fcze-yine ula\u015fmakt\u0131r.<\/p>\n","protected":false},"excerpt":{"rendered":"<p>\u00dclkemizde yabanc\u0131 dil \u00f6\u011fretimi ve \u00f6\u011freniminin hedefleri, Avrupa \u00fclkeleri ile denk hale getirilmeye \u00e7al\u0131\u015f\u0131lmaktad\u0131r. Bu nedenler, Avrupa Konseyi Modern Diller B\u00f6l\u00fcm\u00fc&#8217;nce ge-li\u015ftirilen, Avrupa Dilleri \u00d6\u011fretimi Ortak<span class=\"excerpt-hellip\"> [\u2026]<\/span><\/p>\n","protected":false},"featured_media":0,"template":"","meta":{"_monsterinsights_skip_tracking":false,"_monsterinsights_sitenote_active":false,"_monsterinsights_sitenote_note":"","_monsterinsights_sitenote_category":0},"product_brand":[],"product_cat":[12566,13611],"product_tag":[],"class_list":{"0":"post-692888","1":"product","2":"type-product","3":"status-publish","5":"product_cat-egitim","6":"product_cat-sozlukler-ve-konusma-kilavuzlari","7":"pa_cilt-ciltsiz","8":"pa_tur-kitap","9":"pa_yayinevi-siyasal-kitabevi-egitim","10":"pa_yazar-mehmet-sahin","12":"first","13":"instock","14":"sale","15":"shipping-taxable","16":"purchasable","17":"product-type-simple"},"_links":{"self":[{"href":"https:\/\/roveyayinevi.com.tr\/index.php\/wp-json\/wp\/v2\/product\/692888","targetHints":{"allow":["GET"]}}],"collection":[{"href":"https:\/\/roveyayinevi.com.tr\/index.php\/wp-json\/wp\/v2\/product"}],"about":[{"href":"https:\/\/roveyayinevi.com.tr\/index.php\/wp-json\/wp\/v2\/types\/product"}],"wp:attachment":[{"href":"https:\/\/roveyayinevi.com.tr\/index.php\/wp-json\/wp\/v2\/media?parent=692888"}],"wp:term":[{"taxonomy":"product_brand","embeddable":true,"href":"https:\/\/roveyayinevi.com.tr\/index.php\/wp-json\/wp\/v2\/product_brand?post=692888"},{"taxonomy":"product_cat","embeddable":true,"href":"https:\/\/roveyayinevi.com.tr\/index.php\/wp-json\/wp\/v2\/product_cat?post=692888"},{"taxonomy":"product_tag","embeddable":true,"href":"https:\/\/roveyayinevi.com.tr\/index.php\/wp-json\/wp\/v2\/product_tag?post=692888"}],"curies":[{"name":"wp","href":"https:\/\/api.w.org\/{rel}","templated":true}]}}