{"id":692884,"date":"2025-08-27T14:09:41","date_gmt":"2025-08-27T11:09:41","guid":{"rendered":"https:\/\/roveyayinevi.com.tr\/index.php\/urun\/oteki-erkekler\/"},"modified":"2026-04-16T02:02:42","modified_gmt":"2026-04-15T23:02:42","slug":"oteki-erkekler","status":"publish","type":"product","link":"https:\/\/roveyayinevi.com.tr\/index.php\/urun\/oteki-erkekler\/","title":{"rendered":"\u00d6teki Erkekler"},"content":{"rendered":"<p>\u00d6teki Erkekler, ikili cinsiyet sisteminin kad\u0131nl\u0131k ve erkeklik hatlar\u0131n\u0131 \u00e7izen, toplumsal cinsiyet duvarlar\u0131nda oyuklar a\u00e7an yedi trans erke\u011fin deneyimleri ile ge\u00e7i\u015f s\u00fcrecinde olanlar\u0131n yararlanabilece\u011fi bir rehber ve konu \u00fczerine ba\u015fl\u0131ca kavramlar\u0131n a\u00e7\u0131klamalar\u0131ndan olu\u015fmaktad\u0131r. T\u00fcrkiye\u2019nin farkl\u0131 b\u00f6lgelerinden, farkl\u0131 etnik, ekonomik ve sosyal alanlar\u0131ndan gelen trans erkeklerin aile, e\u011fitim, sa\u011fl\u0131k, hormon kullan\u0131m\u0131, trans ge\u00e7i\u015f ameliyatlar\u0131, hukuki s\u00fcre\u00e7leri ve g\u00fcndelik hayatlar\u0131na dair deneyimlerini i\u00e7eren \u00d6teki Erkekler\u2019de daha \u00f6nce dinleyemedi\u011finiz hikayeler anlat\u0131l\u0131yor. \ufffcTan\u0131t\u0131m Metni<\/p>\n","protected":false},"excerpt":{"rendered":"<p>\u00d6teki Erkekler, ikili cinsiyet sisteminin kad\u0131nl\u0131k ve erkeklik hatlar\u0131n\u0131 \u00e7izen, toplumsal cinsiyet duvarlar\u0131nda oyuklar a\u00e7an yedi trans erke\u011fin deneyimleri ile ge\u00e7i\u015f s\u00fcrecinde olanlar\u0131n yararlanabilece\u011fi bir rehber<span class=\"excerpt-hellip\"> [\u2026]<\/span><\/p>\n","protected":false},"featured_media":0,"template":"","meta":{"_monsterinsights_skip_tracking":false,"_monsterinsights_sitenote_active":false,"_monsterinsights_sitenote_note":"","_monsterinsights_sitenote_category":0},"product_brand":[],"product_cat":[12365,12364],"product_tag":[],"class_list":{"0":"post-692884","1":"product","2":"type-product","3":"status-publish","5":"product_cat-diger-genel-konular","6":"product_cat-genel-konular","7":"pa_cilt-ciltsiz","8":"pa_tur-kitap","9":"pa_yayinevi-sel-yayincilik","10":"pa_yazar-aras-gungor","12":"first","13":"instock","14":"sale","15":"shipping-taxable","16":"purchasable","17":"product-type-simple"},"_links":{"self":[{"href":"https:\/\/roveyayinevi.com.tr\/index.php\/wp-json\/wp\/v2\/product\/692884","targetHints":{"allow":["GET"]}}],"collection":[{"href":"https:\/\/roveyayinevi.com.tr\/index.php\/wp-json\/wp\/v2\/product"}],"about":[{"href":"https:\/\/roveyayinevi.com.tr\/index.php\/wp-json\/wp\/v2\/types\/product"}],"wp:attachment":[{"href":"https:\/\/roveyayinevi.com.tr\/index.php\/wp-json\/wp\/v2\/media?parent=692884"}],"wp:term":[{"taxonomy":"product_brand","embeddable":true,"href":"https:\/\/roveyayinevi.com.tr\/index.php\/wp-json\/wp\/v2\/product_brand?post=692884"},{"taxonomy":"product_cat","embeddable":true,"href":"https:\/\/roveyayinevi.com.tr\/index.php\/wp-json\/wp\/v2\/product_cat?post=692884"},{"taxonomy":"product_tag","embeddable":true,"href":"https:\/\/roveyayinevi.com.tr\/index.php\/wp-json\/wp\/v2\/product_tag?post=692884"}],"curies":[{"name":"wp","href":"https:\/\/api.w.org\/{rel}","templated":true}]}}