{"id":692878,"date":"2025-08-27T14:09:40","date_gmt":"2025-08-27T11:09:40","guid":{"rendered":"https:\/\/roveyayinevi.com.tr\/index.php\/urun\/nevrozlar-ve-insan-gelisimi\/"},"modified":"2026-04-16T02:02:42","modified_gmt":"2026-04-15T23:02:42","slug":"nevrozlar-ve-insan-gelisimi","status":"publish","type":"product","link":"https:\/\/roveyayinevi.com.tr\/index.php\/urun\/nevrozlar-ve-insan-gelisimi\/","title":{"rendered":"Nevrozlar ve \u0130nsan Geli\u015fimi"},"content":{"rendered":"<p>Psikanaliz a\u00e7\u0131s\u0131ndan, Freud sonras\u0131 ku\u015fakta, \u00f6zg\u00fcn \u00e7al\u0131\u015fmalar\u0131yla ilgi \u00e7eken isimlerden biri Karen Horney. Freud\u2019un teorisiyle ili\u015fkisi, Marx\u2019\u0131n Hegel felsefesiyle ili\u015fkisine benzer: Freud\u2019un kuram\u0131n\u0131 temel al\u0131rken, onu ele\u015ftirmekten de geri durmaz. Freud\u2019un g\u00f6r\u00fc\u015flerine daha insani bir y\u00f6n kazand\u0131ran, k\u00fclt\u00fcrel ve sosyal farkl\u0131l\u0131klar\u0131n etkilerini g\u00f6zeten bir yakla\u015f\u0131m geli\u015ftirir. Kad\u0131n psikolojisi \u00fczerine \u00e7al\u0131\u015fmalar\u0131ndan ba\u015flayarak onun i\u00e7in as\u0131l hedef, insan\u0131 kendini ger\u00e7ekle\u015ftirmesine g\u00f6t\u00fcren g\u00fc\u00e7lerin \u00f6zg\u00fcrle\u015ftirlmesidir. Bu konudaki as\u0131l katk\u0131s\u0131 elinizdeki yap\u0131t\u0131nda kapsaml\u0131 bir bi\u00e7imde derledi\u011fi nevrozlar \u00fczerine \u00e7al\u0131\u015fmalar\u0131d\u0131r. \u0130nsan\u0131n enerjisini k\u0131s\u0131tlayan nevroz durumlar\u0131n\u0131, durumun tezah\u00fcr\u00fcndeki nevrotik iddialar\u0131, g\u00f6rkem arzusunu, ideal benli\u011fin bask\u0131s\u0131n\u0131, i\u00e7sel buyruklar\u0131n zorbal\u0131\u011f\u0131n\u0131 ortaya koyar. Kendimizi ger\u00e7ekle\u015ftirmek yerine bizi zorlant\u0131l\u0131 davran\u0131\u015flarla pek istemedi\u011fimiz bir hayata mahkum k\u0131lan modelleri tan\u0131mlar: Etraf\u0131na bask\u0131 kuran geni\u015flemeci tip, i\u00e7e kapanarak ortamdan kendini silen tip; ba\u015fkalar\u0131na ba\u011flanan tip ve insan ili\u015fkilerinden kendini \u00e7eken kopuk tip&#8230; Nevrozlar ve \u0130nsan Geli\u015fimi sadece uzmanlara de\u011fil, ruhsal s\u0131k\u0131nt\u0131lar\u0131n\u0131n k\u00f6kenlerini ara\u015ft\u0131ran okurlara da y\u00f6nelik, yetkin bir \u00e7al\u0131\u015fma. \ufffcTan\u0131t\u0131m Metni<\/p>\n","protected":false},"excerpt":{"rendered":"<p>Psikanaliz a\u00e7\u0131s\u0131ndan, Freud sonras\u0131 ku\u015fakta, \u00f6zg\u00fcn \u00e7al\u0131\u015fmalar\u0131yla ilgi \u00e7eken isimlerden biri Karen Horney. Freud\u2019un teorisiyle ili\u015fkisi, Marx\u2019\u0131n Hegel felsefesiyle ili\u015fkisine benzer: Freud\u2019un kuram\u0131n\u0131 temel al\u0131rken, onu<span class=\"excerpt-hellip\"> [\u2026]<\/span><\/p>\n","protected":false},"featured_media":0,"template":"","meta":{"_monsterinsights_skip_tracking":false,"_monsterinsights_sitenote_active":false,"_monsterinsights_sitenote_note":"","_monsterinsights_sitenote_category":0},"product_brand":[],"product_cat":[12358,12357],"product_tag":[],"class_list":{"0":"post-692878","1":"product","2":"type-product","3":"status-publish","5":"product_cat-genel-psikoloji","6":"product_cat-psikoloji","7":"pa_cilt-ciltsiz","8":"pa_tur-kitap","9":"pa_yayinevi-sel-yayincilik","10":"pa_yazar-karen-horney","12":"first","13":"instock","14":"sale","15":"shipping-taxable","16":"purchasable","17":"product-type-simple"},"_links":{"self":[{"href":"https:\/\/roveyayinevi.com.tr\/index.php\/wp-json\/wp\/v2\/product\/692878","targetHints":{"allow":["GET"]}}],"collection":[{"href":"https:\/\/roveyayinevi.com.tr\/index.php\/wp-json\/wp\/v2\/product"}],"about":[{"href":"https:\/\/roveyayinevi.com.tr\/index.php\/wp-json\/wp\/v2\/types\/product"}],"wp:attachment":[{"href":"https:\/\/roveyayinevi.com.tr\/index.php\/wp-json\/wp\/v2\/media?parent=692878"}],"wp:term":[{"taxonomy":"product_brand","embeddable":true,"href":"https:\/\/roveyayinevi.com.tr\/index.php\/wp-json\/wp\/v2\/product_brand?post=692878"},{"taxonomy":"product_cat","embeddable":true,"href":"https:\/\/roveyayinevi.com.tr\/index.php\/wp-json\/wp\/v2\/product_cat?post=692878"},{"taxonomy":"product_tag","embeddable":true,"href":"https:\/\/roveyayinevi.com.tr\/index.php\/wp-json\/wp\/v2\/product_tag?post=692878"}],"curies":[{"name":"wp","href":"https:\/\/api.w.org\/{rel}","templated":true}]}}