{"id":692877,"date":"2025-08-27T14:09:39","date_gmt":"2025-08-27T11:09:39","guid":{"rendered":"https:\/\/roveyayinevi.com.tr\/index.php\/urun\/tutum-algi-iletisim\/"},"modified":"2026-04-16T02:02:42","modified_gmt":"2026-04-15T23:02:42","slug":"tutum-algi-iletisim","status":"publish","type":"product","link":"https:\/\/roveyayinevi.com.tr\/index.php\/urun\/tutum-algi-iletisim\/","title":{"rendered":"Tutum Alg\u0131 \u0130leti\u015fim"},"content":{"rendered":"<p>\u0130leti\u015fim ve tutum de\u011fi\u015fimi kuramsal \u00e7al\u0131\u015fmalar\u0131 1940\u2019l\u0131 y\u0131llarda ortaya \u00e7\u0131kmaya ba\u015flam\u0131\u015ft\u0131r. \u00d6nceleri  insan organizmas\u0131n\u0131n dinamik bir dengede oldu\u011fu  varsay\u0131m\u0131ndan hareket edilmi\u015f ve yanl\u0131\u015f sonu\u00e7lara var\u0131lm\u0131\u015ft\u0131r. Daha sonraki \u00e7al\u0131\u015fmalar  organizman\u0131n ve insan\u0131n yap\u0131s\u0131n\u0131n karma\u015f\u0131kl\u0131\u011f\u0131  nedeniyle farkl\u0131 de\u011fi\u015fkenlerin rol\u00fc \u00fczerinde yo\u011funla\u015fm\u0131\u015ft\u0131r. Medya arac\u0131l\u0131\u011f\u0131 ile yay\u0131lan ve bireyi belirli davran\u0131\u015flara y\u00f6nelten simge, sembol ve modeller ayn\u0131 zamanda birer toplumsal denetim arac\u0131d\u0131rlar. Bu kitap, sosyal psikoloji alan\u0131nda yap\u0131lan ara\u015ft\u0131rmalar\u0131n, ileti\u015fim alan\u0131ndaki ve \u00f6zellikle motivasyona y\u00f6nelik ikna edici ileti\u015fim alan\u0131ndaki etkileri \u00fczerinde durmaktad\u0131r. <\/p>\n","protected":false},"excerpt":{"rendered":"<p>\u0130leti\u015fim ve tutum de\u011fi\u015fimi kuramsal \u00e7al\u0131\u015fmalar\u0131 1940\u2019l\u0131 y\u0131llarda ortaya \u00e7\u0131kmaya ba\u015flam\u0131\u015ft\u0131r. \u00d6nceleri insan organizmas\u0131n\u0131n dinamik bir dengede oldu\u011fu varsay\u0131m\u0131ndan hareket edilmi\u015f ve yanl\u0131\u015f sonu\u00e7lara var\u0131lm\u0131\u015ft\u0131r. Daha<span class=\"excerpt-hellip\"> [\u2026]<\/span><\/p>\n","protected":false},"featured_media":0,"template":"","meta":{"_monsterinsights_skip_tracking":false,"_monsterinsights_sitenote_active":false,"_monsterinsights_sitenote_note":"","_monsterinsights_sitenote_category":0},"product_brand":[],"product_cat":[15983,13488],"product_tag":[],"class_list":{"0":"post-692877","1":"product","2":"type-product","3":"status-publish","5":"product_cat-iletisim-ve-medya","6":"product_cat-toplum-ve-insan","7":"pa_tur-kitap","8":"pa_yayinevi-siyasal-kitabevi-akademik-kitaplar","9":"pa_yazar-metin-inceoglu","11":"first","12":"instock","13":"sale","14":"shipping-taxable","15":"purchasable","16":"product-type-simple"},"_links":{"self":[{"href":"https:\/\/roveyayinevi.com.tr\/index.php\/wp-json\/wp\/v2\/product\/692877","targetHints":{"allow":["GET"]}}],"collection":[{"href":"https:\/\/roveyayinevi.com.tr\/index.php\/wp-json\/wp\/v2\/product"}],"about":[{"href":"https:\/\/roveyayinevi.com.tr\/index.php\/wp-json\/wp\/v2\/types\/product"}],"wp:attachment":[{"href":"https:\/\/roveyayinevi.com.tr\/index.php\/wp-json\/wp\/v2\/media?parent=692877"}],"wp:term":[{"taxonomy":"product_brand","embeddable":true,"href":"https:\/\/roveyayinevi.com.tr\/index.php\/wp-json\/wp\/v2\/product_brand?post=692877"},{"taxonomy":"product_cat","embeddable":true,"href":"https:\/\/roveyayinevi.com.tr\/index.php\/wp-json\/wp\/v2\/product_cat?post=692877"},{"taxonomy":"product_tag","embeddable":true,"href":"https:\/\/roveyayinevi.com.tr\/index.php\/wp-json\/wp\/v2\/product_tag?post=692877"}],"curies":[{"name":"wp","href":"https:\/\/api.w.org\/{rel}","templated":true}]}}