{"id":692874,"date":"2025-08-27T14:09:39","date_gmt":"2025-08-27T11:09:39","guid":{"rendered":"https:\/\/roveyayinevi.com.tr\/index.php\/urun\/sozlu-ceviri-calismalari-ve-uygulamalari\/"},"modified":"2026-04-16T02:02:42","modified_gmt":"2026-04-15T23:02:42","slug":"sozlu-ceviri-calismalari-ve-uygulamalari","status":"publish","type":"product","link":"https:\/\/roveyayinevi.com.tr\/index.php\/urun\/sozlu-ceviri-calismalari-ve-uygulamalari\/","title":{"rendered":"S\u00f6zl\u00fc \u00c7eviri \u00c7al\u0131\u015fmalar\u0131 ve Uygulamalar\u0131"},"content":{"rendered":"<p>S\u00f6zl\u00fc \u00c7eviri; Seri d\u00fc\u015f\u00fcnebilen, ayn\u0131 anda birka\u00e7 i\u015fe odaklanabilen, \u00fcst d\u00fczey zihinsel becerilere sahip, ya\u015fama merak duyan, \u00f6\u011frenmeyi de\u011fi\u015fimi, hareketi seven, riske at\u0131lmaktan korkmayan, zor ko\u015fullardan ve yo\u011fun stresten y\u0131lmayan ve bunlarla ba\u015fa \u00e7\u0131kabilme g\u00fcc\u00fcn\u00fc i\u00e7inde hisseden, ileti\u015fimde farkl\u0131 diller ve k\u00fclt\u00fcrler aras\u0131nda bir arac\u0131 olman\u0131n co\u015fkusunu \u00f6zleyen insan tipinin, tad\u0131na doyamadan ya\u015fayaca\u011f\u0131 ona bilginin tam ortas\u0131nda ve d\u00fcnyan\u0131n \u00f6n\u00fcnde olma f\u0131rsat\u0131n\u0131 sa\u011flayacak dolu dolu bir ser\u00fcvendir.Bu ser\u00fcven, \u00e7evirmene k\u00fclt\u00fcrleraras\u0131 etkile\u015fimde rengarenk deneyimler; ara\u015ft\u0131rmac\u0131ya \u00e7ok disiplinli ve geni\u015f bir Ara\u015ft\u0131rma alan\u0131; e\u011fitmene de \u00f6zel y\u00f6ntemleri olan bir e\u011fitim s\u00fcreci sunar.<\/p>\n","protected":false},"excerpt":{"rendered":"<p>S\u00f6zl\u00fc \u00c7eviri; Seri d\u00fc\u015f\u00fcnebilen, ayn\u0131 anda birka\u00e7 i\u015fe odaklanabilen, \u00fcst d\u00fczey zihinsel becerilere sahip, ya\u015fama merak duyan, \u00f6\u011frenmeyi de\u011fi\u015fimi, hareketi seven, riske at\u0131lmaktan korkmayan, zor ko\u015fullardan<span class=\"excerpt-hellip\"> [\u2026]<\/span><\/p>\n","protected":false},"featured_media":0,"template":"","meta":{"_monsterinsights_skip_tracking":false,"_monsterinsights_sitenote_active":false,"_monsterinsights_sitenote_note":"","_monsterinsights_sitenote_category":0},"product_brand":[],"product_cat":[20225,12291],"product_tag":[],"class_list":{"0":"post-692874","1":"product","2":"type-product","3":"status-publish","5":"product_cat-dil-bilim","6":"product_cat-edebiyat","7":"pa_cilt-ciltsiz","8":"pa_tur-kitap","9":"pa_yayinevi-siyasal-kitabevi-akademik-kitaplar","10":"pa_yazar-aymil-dogan","12":"first","13":"instock","14":"sale","15":"shipping-taxable","16":"purchasable","17":"product-type-simple"},"_links":{"self":[{"href":"https:\/\/roveyayinevi.com.tr\/index.php\/wp-json\/wp\/v2\/product\/692874","targetHints":{"allow":["GET"]}}],"collection":[{"href":"https:\/\/roveyayinevi.com.tr\/index.php\/wp-json\/wp\/v2\/product"}],"about":[{"href":"https:\/\/roveyayinevi.com.tr\/index.php\/wp-json\/wp\/v2\/types\/product"}],"wp:attachment":[{"href":"https:\/\/roveyayinevi.com.tr\/index.php\/wp-json\/wp\/v2\/media?parent=692874"}],"wp:term":[{"taxonomy":"product_brand","embeddable":true,"href":"https:\/\/roveyayinevi.com.tr\/index.php\/wp-json\/wp\/v2\/product_brand?post=692874"},{"taxonomy":"product_cat","embeddable":true,"href":"https:\/\/roveyayinevi.com.tr\/index.php\/wp-json\/wp\/v2\/product_cat?post=692874"},{"taxonomy":"product_tag","embeddable":true,"href":"https:\/\/roveyayinevi.com.tr\/index.php\/wp-json\/wp\/v2\/product_tag?post=692874"}],"curies":[{"name":"wp","href":"https:\/\/api.w.org\/{rel}","templated":true}]}}