{"id":692865,"date":"2025-08-27T14:09:37","date_gmt":"2025-08-27T11:09:37","guid":{"rendered":"https:\/\/roveyayinevi.com.tr\/index.php\/urun\/saglik-antropolojisi\/"},"modified":"2026-04-16T02:02:42","modified_gmt":"2026-04-15T23:02:42","slug":"saglik-antropolojisi","status":"publish","type":"product","link":"https:\/\/roveyayinevi.com.tr\/index.php\/urun\/saglik-antropolojisi\/","title":{"rendered":"Sa\u011fl\u0131k Antropolojisi"},"content":{"rendered":"<p>\u00dclkemizde sa\u011fl\u0131k antropolojisi ile ilgili ara\u015ft\u0131rmalar \u00e7ok yenidir. Bu ara\u015ft\u0131rmalar h\u0131zl\u0131 bir \u015fekilde artacakt\u0131r. \u00c7\u00fcnk\u00fc bir taraftan yeni antropoloji b\u00f6l\u00fcmleri a\u00e7\u0131lmakta, sa\u011fl\u0131\u011fa duyulan ilgi artmakta, di\u011fer yandan de\u011fi\u015fen ko\u015fullara ve sosyal yap\u0131m\u0131za uyan sa\u011fl\u0131k modelleri denenmektedir. Bu kitapta yer alan makaleler halk sa\u011fl\u0131\u011f\u0131 sorunlar\u0131n\u0131n antropolojik a\u00e7\u0131dan nas\u0131l incelenece\u011fini g\u00f6steren \u00f6rneklerdir. Ayn\u0131 zamanda bu makaleler halk sa\u011fl\u0131\u011f\u0131 sorunlar\u0131n\u0131n k\u00f6klerinin nerelerde oldu\u011funu ara\u015ft\u0131ran, sa\u011fl\u0131k sorunlar\u0131n\u0131n toplumdaki h\u00e2kim davran\u0131\u015f kal\u0131plar\u0131ndan ve toplumsal de\u011fi\u015fmelerden nas\u0131l etkilendi\u011fini g\u00f6steren \u00f6rneklerdir. <\/p>\n","protected":false},"excerpt":{"rendered":"<p>\u00dclkemizde sa\u011fl\u0131k antropolojisi ile ilgili ara\u015ft\u0131rmalar \u00e7ok yenidir. Bu ara\u015ft\u0131rmalar h\u0131zl\u0131 bir \u015fekilde artacakt\u0131r. \u00c7\u00fcnk\u00fc bir taraftan yeni antropoloji b\u00f6l\u00fcmleri a\u00e7\u0131lmakta, sa\u011fl\u0131\u011fa duyulan ilgi artmakta, di\u011fer<span class=\"excerpt-hellip\"> [\u2026]<\/span><\/p>\n","protected":false},"featured_media":0,"template":"","meta":{"_monsterinsights_skip_tracking":false,"_monsterinsights_sitenote_active":false,"_monsterinsights_sitenote_note":"","_monsterinsights_sitenote_category":0},"product_brand":[],"product_cat":[12364],"product_tag":[],"class_list":{"0":"post-692865","1":"product","2":"type-product","3":"status-publish","5":"product_cat-genel-konular","6":"pa_tur-kitap","7":"pa_yayinevi-siyasal-kitabevi-akademik-kitaplar","8":"pa_yazar-nuran-elmaci","10":"first","11":"instock","12":"sale","13":"shipping-taxable","14":"purchasable","15":"product-type-simple"},"_links":{"self":[{"href":"https:\/\/roveyayinevi.com.tr\/index.php\/wp-json\/wp\/v2\/product\/692865","targetHints":{"allow":["GET"]}}],"collection":[{"href":"https:\/\/roveyayinevi.com.tr\/index.php\/wp-json\/wp\/v2\/product"}],"about":[{"href":"https:\/\/roveyayinevi.com.tr\/index.php\/wp-json\/wp\/v2\/types\/product"}],"wp:attachment":[{"href":"https:\/\/roveyayinevi.com.tr\/index.php\/wp-json\/wp\/v2\/media?parent=692865"}],"wp:term":[{"taxonomy":"product_brand","embeddable":true,"href":"https:\/\/roveyayinevi.com.tr\/index.php\/wp-json\/wp\/v2\/product_brand?post=692865"},{"taxonomy":"product_cat","embeddable":true,"href":"https:\/\/roveyayinevi.com.tr\/index.php\/wp-json\/wp\/v2\/product_cat?post=692865"},{"taxonomy":"product_tag","embeddable":true,"href":"https:\/\/roveyayinevi.com.tr\/index.php\/wp-json\/wp\/v2\/product_tag?post=692865"}],"curies":[{"name":"wp","href":"https:\/\/api.w.org\/{rel}","templated":true}]}}