{"id":692864,"date":"2025-08-27T14:09:37","date_gmt":"2025-08-27T11:09:37","guid":{"rendered":"https:\/\/roveyayinevi.com.tr\/index.php\/urun\/hastane-ve-saglik-kurumlari-yonetimi\/"},"modified":"2026-04-16T02:02:42","modified_gmt":"2026-04-15T23:02:42","slug":"hastane-ve-saglik-kurumlari-yonetimi","status":"publish","type":"product","link":"https:\/\/roveyayinevi.com.tr\/index.php\/urun\/hastane-ve-saglik-kurumlari-yonetimi\/","title":{"rendered":"Hastane ve Sa\u011fl\u0131k Kurumlar\u0131 Y\u00f6netimi"},"content":{"rendered":"<p>Sa\u011fl\u0131k kurumlar\u0131n\u0131n rolleri ve i\u015flevleri giderek geni\u015flemektedir. \u0130\u015flevlerdeki geni\u015fleme, sa\u011fl\u0131k kurumlar\u0131n\u0131n yap\u0131sal olarak karma\u015f\u0131kla\u015fmas\u0131na yol a\u00e7arken, y\u00f6netimini de g\u00fc\u00e7le\u015ftirmektedir. Bu kitap, sa\u011fl\u0131k kurumlar\u0131n\u0131n y\u00f6netimiyle ilgilidir. Sa\u011fl\u0131k kurumlar\u0131n\u0131n etkili ve verimli \u00e7al\u0131\u015fmas\u0131n\u0131 sa\u011flamak y\u00f6neticilerin temel misyonudur ve bu misyonu ger\u00e7ekle\u015ftirmek i\u00e7in y\u00f6neticilerin bilimsel birikimlerinin bulunmas\u0131 gereklidir. Sa\u011fl\u0131k kurumlar\u0131 y\u00f6netimi, \u00f6zg\u00fcn bir disiplindir. Sa\u011fl\u0131k kurumlar\u0131 y\u00f6netimi, i\u015fletmecilik, y\u00f6netim ve organizasyon ilke ve teorilerinin sa\u011fl\u0131k alan\u0131na uyarlanmas \u0131 olarak g\u00f6r\u00fclmemelidir. Charles Austin, What is Health Administration isimli makalesinde, Sa\u011fl\u0131k kurumlar\u0131 y\u00f6netimini, t\u0131p ve sa\u011fl\u0131k hizmetleri alan\u0131na \u00f6zg\u00fc bir y\u00f6netim disiplini olarak ortaya koymu\u015f; sa\u011fl\u0131k alan\u0131nda ortaya \u00e7\u0131kan y\u00f6netim ihtiyac\u0131n\u0131n kar\u015f\u0131lanmas\u0131na y\u00f6nelik olarak geli\u015fen, bu nedenle de t\u0131p ve sa\u011fl\u0131k hizmetlerinin t\u00fcm boyutlar\u0131na i\u015fletmecilik perspektifiyle inceleyen, uzmanla\u015fm\u0131\u015f bir y\u00f6netsel disiplin olarak g\u00f6rmektedir. Burada vurgulanan i\u015f letmecilik kavram\u0131, ilk bak\u0131\u015fta serbest piyasa, rekabet ve k\u00e2r gibi kavramlar\u0131 \u00e7a\u011fr\u0131\u015ft\u0131rsa da, i\u015f letmecilik kavram\u0131, kaynaklar\u0131n ussal kullan\u0131lmas \u0131d\u0131r. Sa\u011fl\u0131k kurumlar\u0131 y\u00f6netimi, klasik i\u015fletme y\u00f6neticili\u011finden farkl\u0131d\u0131r. \u00d6rne\u011fin kurulu\u015f yeri se\u00e7iminde dikkat edilen fakt\u00f6rler a\u00e7\u0131s\u0131ndan has tane ve di\u011fer i\u015fletmeler aras\u0131nda farklar vard\u0131r. Bir i\u015fletme kurulurken, hammadde yak\u0131nl\u0131\u011f\u0131, askeri tehlike vb fakt\u00f6rler \u00f6n planda tutulurken, hastane kurulurken toplumun sa\u011fl\u0131k gereksinmeleri \u00f6n planda tutulur. Sa\u011fl\u0131k hizmetlerinin kamusal nite li\u011fi, farkl\u0131 bir y\u00f6netim anlay\u0131\u015f\u0131n\u0131 gerektirmektedir. Bu kitap, sa\u011fl\u0131k kurumlar\u0131 y\u00f6netimi alan\u0131na ilgi duyan \u00f6\u011frenciler yan\u0131nda, bu a lanla ilgili bilgi ve becerilerini geni\u015fletmeye \u00e7al\u0131\u015fan profesyonellere de y\u00f6nelik olarak haz\u0131rlanm\u0131\u015ft\u0131r. Kitapta yer alan konular\u0131n g\u00fcncel hayatta hangi t\u00fcr sorunlara \u00e7\u00f6z\u00fcm getirdi\u011fini g\u00f6sterebilmek i\u00e7in her b\u00f6l\u00fcmde birka\u00e7 tane gazete ve dergi haberleri g\u00fcncel ya\u015famdan yans\u0131malar ba\u015fl\u0131\u011f\u0131nda verilmi\u015ftir. Bu haberler, \u00f6rnek olay olarak da g\u00f6r\u00fclebilir. Kitapta bir\u00e7ok terimin \u0130ngilizce kar\u015f\u0131l\u0131klar\u0131, kavramlar\u0131n ortakl\u0131\u011f\u0131n\u0131 sa\u011flamak amac\u0131yla bilin\u00e7li olarak verilmi\u015ftir. \ufffcTan\u0131t\u0131m Metni<\/p>\n","protected":false},"excerpt":{"rendered":"<p>Sa\u011fl\u0131k kurumlar\u0131n\u0131n rolleri ve i\u015flevleri giderek geni\u015flemektedir. \u0130\u015flevlerdeki geni\u015fleme, sa\u011fl\u0131k kurumlar\u0131n\u0131n yap\u0131sal olarak karma\u015f\u0131kla\u015fmas\u0131na yol a\u00e7arken, y\u00f6netimini de g\u00fc\u00e7le\u015ftirmektedir. Bu kitap, sa\u011fl\u0131k kurumlar\u0131n\u0131n y\u00f6netimiyle ilgilidir. Sa\u011fl\u0131k<span class=\"excerpt-hellip\"> [\u2026]<\/span><\/p>\n","protected":false},"featured_media":0,"template":"","meta":{"_monsterinsights_skip_tracking":false,"_monsterinsights_sitenote_active":false,"_monsterinsights_sitenote_note":"","_monsterinsights_sitenote_category":0},"product_brand":[],"product_cat":[15350,17583],"product_tag":[],"class_list":{"0":"post-692864","1":"product","2":"type-product","3":"status-publish","5":"product_cat-hukuk","6":"product_cat-kanun-ve-uygulama-kitaplari","7":"pa_cilt-ciltsiz","8":"pa_tur-kitap","9":"pa_yayinevi-siyasal-kitabevi-akademik-kitaplar","10":"pa_yazar-sahin-kavuncubasi","12":"first","13":"instock","14":"sale","15":"shipping-taxable","16":"purchasable","17":"product-type-simple"},"_links":{"self":[{"href":"https:\/\/roveyayinevi.com.tr\/index.php\/wp-json\/wp\/v2\/product\/692864","targetHints":{"allow":["GET"]}}],"collection":[{"href":"https:\/\/roveyayinevi.com.tr\/index.php\/wp-json\/wp\/v2\/product"}],"about":[{"href":"https:\/\/roveyayinevi.com.tr\/index.php\/wp-json\/wp\/v2\/types\/product"}],"wp:attachment":[{"href":"https:\/\/roveyayinevi.com.tr\/index.php\/wp-json\/wp\/v2\/media?parent=692864"}],"wp:term":[{"taxonomy":"product_brand","embeddable":true,"href":"https:\/\/roveyayinevi.com.tr\/index.php\/wp-json\/wp\/v2\/product_brand?post=692864"},{"taxonomy":"product_cat","embeddable":true,"href":"https:\/\/roveyayinevi.com.tr\/index.php\/wp-json\/wp\/v2\/product_cat?post=692864"},{"taxonomy":"product_tag","embeddable":true,"href":"https:\/\/roveyayinevi.com.tr\/index.php\/wp-json\/wp\/v2\/product_tag?post=692864"}],"curies":[{"name":"wp","href":"https:\/\/api.w.org\/{rel}","templated":true}]}}