{"id":692861,"date":"2025-08-27T14:09:36","date_gmt":"2025-08-27T11:09:36","guid":{"rendered":"https:\/\/roveyayinevi.com.tr\/index.php\/urun\/toplumsal-cinsiyet-yanilsamasi\/"},"modified":"2026-04-16T02:02:41","modified_gmt":"2026-04-15T23:02:41","slug":"toplumsal-cinsiyet-yanilsamasi","status":"publish","type":"product","link":"https:\/\/roveyayinevi.com.tr\/index.php\/urun\/toplumsal-cinsiyet-yanilsamasi\/","title":{"rendered":"Toplumsal Cinsiyet Yan\u0131lsamas\u0131"},"content":{"rendered":"<p>Anne rahminde belirlenir cinsiyeti bebeklerin, ama as\u0131l ayr\u0131m toplumda ba\u015flar: Erkek bebeklere mavi giydirilir, k\u0131zlara pembe Erkekler mekanik d\u00fc\u015f\u00fcn\u00fcr, k\u0131zlar\u0131n s\u00f6zel yetene\u011fi kuvvetlidir Erkekler a\u011flamaz, k\u0131zlar \u015fefkatlidir&#8230; Erkekler i\u015f hayat\u0131nda ve toplumda \u00fcst tabakalara rahatl\u0131kla y\u00fckselirken, kad\u0131nlar\u0131n yerinin ev oldu\u011fu iddia edilir&#8230; \u00dcstelik t\u00fcm bu ayr\u0131mlar\u0131n dayana\u011f\u0131 fizyolojik de\u011fil, k\u00fclt\u00fcrel inan\u00e7lar ve \u00f6nyarg\u0131lard\u0131r. Hatta kimi zaman bu \u00f6nyarg\u0131lardan bilimsel k\u0131l\u0131flar uydurulur. Cordelia Fine, bu yarg\u0131lar\u0131n sa\u011flamas\u0131n\u0131 yap\u0131yor, inan\u00e7 haline gelmi\u015f yan\u0131lg\u0131lar\u0131 psikolojik ve n\u00f6rolojik alanda takip ediyor. \u0130ronik bir mizahla kaleme ald\u0131\u011f\u0131, ara\u015ft\u0131rmalarla tarihsel \u00f6rnekleri harmanlad\u0131\u011f\u0131 Toplumsal Cinsiyet Yan\u0131lsamas\u0131\u2019n\u0131n, 2010 yaz\u0131nda yay\u0131mland\u0131\u011f\u0131nda \u0130ngiltere\u2019de \u00e7oksatarlar listesinde kendisine yer bulmas\u0131, okurlar\u0131n da toplumsal cinsiyet yan\u0131lsamas\u0131ndan haberdar olduklar\u0131n\u0131 g\u00f6stermekte<\/p>\n","protected":false},"excerpt":{"rendered":"<p>Anne rahminde belirlenir cinsiyeti bebeklerin, ama as\u0131l ayr\u0131m toplumda ba\u015flar: Erkek bebeklere mavi giydirilir, k\u0131zlara pembe Erkekler mekanik d\u00fc\u015f\u00fcn\u00fcr, k\u0131zlar\u0131n s\u00f6zel yetene\u011fi kuvvetlidir Erkekler a\u011flamaz, k\u0131zlar<span class=\"excerpt-hellip\"> [\u2026]<\/span><\/p>\n","protected":false},"featured_media":0,"template":"","meta":{"_monsterinsights_skip_tracking":false,"_monsterinsights_sitenote_active":false,"_monsterinsights_sitenote_note":"","_monsterinsights_sitenote_category":0},"product_brand":[],"product_cat":[13252,12324],"product_tag":[],"class_list":{"0":"post-692861","1":"product","2":"type-product","3":"status-publish","5":"product_cat-kadin-calismalari","6":"product_cat-sosyoloji","7":"pa_cilt-ciltsiz","8":"pa_tur-kitap","9":"pa_yayinevi-sel-yayincilik","10":"pa_yazar-cordelia-fine","12":"first","13":"instock","14":"sale","15":"shipping-taxable","16":"purchasable","17":"product-type-simple"},"_links":{"self":[{"href":"https:\/\/roveyayinevi.com.tr\/index.php\/wp-json\/wp\/v2\/product\/692861","targetHints":{"allow":["GET"]}}],"collection":[{"href":"https:\/\/roveyayinevi.com.tr\/index.php\/wp-json\/wp\/v2\/product"}],"about":[{"href":"https:\/\/roveyayinevi.com.tr\/index.php\/wp-json\/wp\/v2\/types\/product"}],"wp:attachment":[{"href":"https:\/\/roveyayinevi.com.tr\/index.php\/wp-json\/wp\/v2\/media?parent=692861"}],"wp:term":[{"taxonomy":"product_brand","embeddable":true,"href":"https:\/\/roveyayinevi.com.tr\/index.php\/wp-json\/wp\/v2\/product_brand?post=692861"},{"taxonomy":"product_cat","embeddable":true,"href":"https:\/\/roveyayinevi.com.tr\/index.php\/wp-json\/wp\/v2\/product_cat?post=692861"},{"taxonomy":"product_tag","embeddable":true,"href":"https:\/\/roveyayinevi.com.tr\/index.php\/wp-json\/wp\/v2\/product_tag?post=692861"}],"curies":[{"name":"wp","href":"https:\/\/api.w.org\/{rel}","templated":true}]}}