{"id":692859,"date":"2025-08-27T14:09:36","date_gmt":"2025-08-27T11:09:36","guid":{"rendered":"https:\/\/roveyayinevi.com.tr\/index.php\/urun\/simdi-saat-kac\/"},"modified":"2026-04-16T02:02:41","modified_gmt":"2026-04-15T23:02:41","slug":"simdi-saat-kac","status":"publish","type":"product","link":"https:\/\/roveyayinevi.com.tr\/index.php\/urun\/simdi-saat-kac\/","title":{"rendered":"\u015eimdi Saat Ka\u00e7?"},"content":{"rendered":"<p>&#8220;Ya\u015fam\u0131n ve sanat\u0131n anlam\u0131yla ilgiliyseniz ve \u00f6n\u00fcn\u00fczde Ferit Edg\u00fc&#8217;n\u00fcn son denemeler kitab\u0131 \u015eimdi Saat Ka\u00e7 duruyorsa, daha ilk sat\u0131rlarda g\u00fcvenilir ve bildik k\u0131y\u0131lardan uzakla\u015faca\u011f\u0131n\u0131z\u0131, \u00e7arp\u0131c\u0131 ve ters sorunlar\u0131n ak\u0131nt\u0131lar\u0131 ile kar\u015f\u0131la\u015faca\u011f\u0131n\u0131z\u0131 hi\u00e7 unutmay\u0131n. S\u0131\u011f ve durgun sulardan ho\u015flanmayan biriyseniz, kitab\u0131 bitirdi\u011finizde \u00f6nemli bir ser\u00fcven ya\u015fad\u0131\u011f\u0131n\u0131z\u0131 g\u00f6receksiniz.&#8221; Onat Kutlar <\/p>\n","protected":false},"excerpt":{"rendered":"<p>&#8220;Ya\u015fam\u0131n ve sanat\u0131n anlam\u0131yla ilgiliyseniz ve \u00f6n\u00fcn\u00fczde Ferit Edg\u00fc&#8217;n\u00fcn son denemeler kitab\u0131 \u015eimdi Saat Ka\u00e7 duruyorsa, daha ilk sat\u0131rlarda g\u00fcvenilir ve bildik k\u0131y\u0131lardan uzakla\u015faca\u011f\u0131n\u0131z\u0131, \u00e7arp\u0131c\u0131 ve<span class=\"excerpt-hellip\"> [\u2026]<\/span><\/p>\n","protected":false},"featured_media":0,"template":"","meta":{"_monsterinsights_skip_tracking":false,"_monsterinsights_sitenote_active":false,"_monsterinsights_sitenote_note":"","_monsterinsights_sitenote_category":0},"product_brand":[],"product_cat":[12777,12291],"product_tag":[],"class_list":{"0":"post-692859","1":"product","2":"type-product","3":"status-publish","5":"product_cat-deneme","6":"product_cat-edebiyat","7":"pa_cilt-ciltsiz","8":"pa_tur-kitap","9":"pa_yayinevi-sel-yayincilik","10":"pa_yazar-ferit-edgu","12":"first","13":"instock","14":"sale","15":"shipping-taxable","16":"purchasable","17":"product-type-simple"},"_links":{"self":[{"href":"https:\/\/roveyayinevi.com.tr\/index.php\/wp-json\/wp\/v2\/product\/692859","targetHints":{"allow":["GET"]}}],"collection":[{"href":"https:\/\/roveyayinevi.com.tr\/index.php\/wp-json\/wp\/v2\/product"}],"about":[{"href":"https:\/\/roveyayinevi.com.tr\/index.php\/wp-json\/wp\/v2\/types\/product"}],"wp:attachment":[{"href":"https:\/\/roveyayinevi.com.tr\/index.php\/wp-json\/wp\/v2\/media?parent=692859"}],"wp:term":[{"taxonomy":"product_brand","embeddable":true,"href":"https:\/\/roveyayinevi.com.tr\/index.php\/wp-json\/wp\/v2\/product_brand?post=692859"},{"taxonomy":"product_cat","embeddable":true,"href":"https:\/\/roveyayinevi.com.tr\/index.php\/wp-json\/wp\/v2\/product_cat?post=692859"},{"taxonomy":"product_tag","embeddable":true,"href":"https:\/\/roveyayinevi.com.tr\/index.php\/wp-json\/wp\/v2\/product_tag?post=692859"}],"curies":[{"name":"wp","href":"https:\/\/api.w.org\/{rel}","templated":true}]}}