{"id":692852,"date":"2025-08-27T14:09:34","date_gmt":"2025-08-27T11:09:34","guid":{"rendered":"https:\/\/roveyayinevi.com.tr\/index.php\/urun\/romantik-hareket-seks-alisveris-ve-roman\/"},"modified":"2026-04-16T02:02:41","modified_gmt":"2026-04-15T23:02:41","slug":"romantik-hareket-seks-alisveris-ve-roman","status":"publish","type":"product","link":"https:\/\/roveyayinevi.com.tr\/index.php\/urun\/romantik-hareket-seks-alisveris-ve-roman\/","title":{"rendered":"Romantik Hareket Seks, Al\u0131\u015fveri\u015f ve Roman"},"content":{"rendered":"<p>Romantik Hareket&#8217;te Alain de Botton bir a\u015fk ili\u015fkisinin ba\u015flang\u0131c\u0131ndan biti\u015fine kadarki geli\u015fimini ke\u015ffediyor, bu ke\u015fif s\u0131ras\u0131nda sanat ve a\u015fk\u0131n do\u011fas\u0131na ili\u015fkin d\u00fc\u015f\u00fcncelerini payla\u015f\u0131yor okurlarla. Reklamc\u0131 Alice ile bankac\u0131 Eric aras\u0131ndaki ili\u015fkiye a\u015fama a\u015fama tan\u0131kl\u0131k ediyoruz, tan\u0131kl\u0131\u011f\u0131m\u0131za \u015femalar, resimler ve Descartes&#8217;tan Platon&#8217;a, Aretha Franklin&#8217;den Flaubert&#8217;e kadar bir\u00e7ok ismi kapsayan bir yazarlar ve d\u00fc\u015f\u00fcn\u00fcrler korosu e\u015flik ediyor. Romantik Hareket zekayla, n\u00fckteyle ve sezgi g\u00fcc\u00fcyle yaz\u0131lm\u0131\u015f bir roman. B\u00fct\u00fcn a\u015f\u0131klar, okurlar ve a\u015f\u0131k okurlar bu kitab\u0131 elinden d\u00fc\u015f\u00fcremeyecek.John Updike, The New YorkerHi\u00e7 de ayr\u0131ks\u0131 olmayan bir a\u015fk\u0131n s\u0131radan ve alelade rutinlerini al\u0131p latifeyle yo\u011furmak ve okurun kar\u015f\u0131s\u0131na ger\u00e7ek ya\u015famdakinden farks\u0131z bir a\u015fk incelemesi \u00e7\u0131karmak her romanc\u0131n\u0131n harc\u0131 de\u011fil. Ama i\u015fte Alain de Botton bunu ba\u015far\u0131yor&#8230; Bu roman modern a\u015fk\u0131n yalanlar\u0131na, do\u011frular\u0131na ve zaaflar\u0131na \u0131\u015f\u0131k tutuyor.Simon Montefiore, The TimesPop y\u0131ld\u0131zlar\u0131n\u0131n Phil Collins&#8217;e benzedikleri bir \u00e7a\u011fda edebiyatta b\u00f6ylesi oyunbaz bir \u0131\u015f\u0131kla kar\u015f\u0131la\u015fmak insan\u0131n i\u00e7ini ayd\u0131nlat\u0131yor. B\u00fct\u00fcn iyi yap\u0131tlar gibi \u00e7ok komik ve \u00e7ok h\u00fcz\u00fcnl\u00fc.Julie Bruchill, Spectator<\/p>\n","protected":false},"excerpt":{"rendered":"<p>Romantik Hareket&#8217;te Alain de Botton bir a\u015fk ili\u015fkisinin ba\u015flang\u0131c\u0131ndan biti\u015fine kadarki geli\u015fimini ke\u015ffediyor, bu ke\u015fif s\u0131ras\u0131nda sanat ve a\u015fk\u0131n do\u011fas\u0131na ili\u015fkin d\u00fc\u015f\u00fcncelerini payla\u015f\u0131yor okurlarla. Reklamc\u0131 Alice<span class=\"excerpt-hellip\"> [\u2026]<\/span><\/p>\n","protected":false},"featured_media":0,"template":"","meta":{"_monsterinsights_skip_tracking":false,"_monsterinsights_sitenote_active":false,"_monsterinsights_sitenote_note":"","_monsterinsights_sitenote_category":0},"product_brand":[],"product_cat":[12291,12866],"product_tag":[],"class_list":{"0":"post-692852","1":"product","2":"type-product","3":"status-publish","5":"product_cat-edebiyat","6":"product_cat-ingiliz-edebiyati","7":"pa_cilt-ciltsiz","8":"pa_tur-kitap","9":"pa_yayinevi-sel-yayincilik","10":"pa_yazar-alain-de-botton","12":"first","13":"instock","14":"sale","15":"shipping-taxable","16":"purchasable","17":"product-type-simple"},"_links":{"self":[{"href":"https:\/\/roveyayinevi.com.tr\/index.php\/wp-json\/wp\/v2\/product\/692852","targetHints":{"allow":["GET"]}}],"collection":[{"href":"https:\/\/roveyayinevi.com.tr\/index.php\/wp-json\/wp\/v2\/product"}],"about":[{"href":"https:\/\/roveyayinevi.com.tr\/index.php\/wp-json\/wp\/v2\/types\/product"}],"wp:attachment":[{"href":"https:\/\/roveyayinevi.com.tr\/index.php\/wp-json\/wp\/v2\/media?parent=692852"}],"wp:term":[{"taxonomy":"product_brand","embeddable":true,"href":"https:\/\/roveyayinevi.com.tr\/index.php\/wp-json\/wp\/v2\/product_brand?post=692852"},{"taxonomy":"product_cat","embeddable":true,"href":"https:\/\/roveyayinevi.com.tr\/index.php\/wp-json\/wp\/v2\/product_cat?post=692852"},{"taxonomy":"product_tag","embeddable":true,"href":"https:\/\/roveyayinevi.com.tr\/index.php\/wp-json\/wp\/v2\/product_tag?post=692852"}],"curies":[{"name":"wp","href":"https:\/\/api.w.org\/{rel}","templated":true}]}}