{"id":692850,"date":"2025-08-27T14:09:34","date_gmt":"2025-08-27T11:09:34","guid":{"rendered":"https:\/\/roveyayinevi.com.tr\/index.php\/urun\/sermaye-muammasi\/"},"modified":"2026-04-16T02:02:41","modified_gmt":"2026-04-15T23:02:41","slug":"sermaye-muammasi","status":"publish","type":"product","link":"https:\/\/roveyayinevi.com.tr\/index.php\/urun\/sermaye-muammasi\/","title":{"rendered":"Sermaye Muammas\u0131"},"content":{"rendered":"<p>Beden i\u00e7in kan dola\u015f\u0131m\u0131 neyse, g\u00fcn\u00fcm\u00fcz toplumunun politik bedeni i\u00e7in sermaye ak\u0131\u015f\u0131 da odur. Bu ak\u0131\u015f yava\u015flad\u0131\u011f\u0131nda, kesintiye u\u011frad\u0131\u011f\u0131nda ya da durdu\u011funda g\u00fcndelik hayat da duruyor. Ancak kapitalizmde krizler yaln\u0131zca ka\u00e7\u0131n\u0131lmaz de\u011fil, ayn\u0131 zamanda \u2018gerekli\u2019. Dolay\u0131s\u0131yla her an patlak vermeye haz\u0131r olsalar da, ekonomi politikalar\u0131na y\u00f6n verenler taraf\u0131ndan nedense asla \u2018\u00f6ng\u00f6r\u00fclemiyorlar\u2019. Sermaye ak\u0131\u015f\u0131n\u0131n nas\u0131l s\u00fcrd\u00fc\u011f\u00fc ve neden kesintiye u\u011frad\u0131\u011f\u0131 ise kavray\u0131\u015f yoksunu burjuva iktisat\u00e7\u0131lar\u0131n makaleleri, raporlar\u0131, \u00f6ng\u00f6r\u00fcleri, analizleri ve ekonomi haberleri aras\u0131nda kaybolup gidiyor. Te\u015fhis yok, tedavi de. Bu esnada kapitalizm toplumlar\u0131n ve bireylerin ya\u015fam\u0131nda y\u0131k\u0131mlar yaratarak d\u00fcnyaya egemen olmaya devam ediyor. Peki, anti-kapitalist hareketimizi nereden ba\u015flatmal\u0131y\u0131z? Zihinsel kavray\u0131\u015flardan m\u0131? Do\u011fa ile ili\u015fkilerden mi? Toplumsal ili\u015fkilerden mi? Teknolojiler ve organizasyonel bi\u00e7imlerden mi? Emek s\u00fcre\u00e7lerinden mi? Kurumlar\u0131n ele ge\u00e7irilmesi ve devrimci bi\u00e7imde d\u00f6n\u00fc\u015ft\u00fcr\u00fclmesinden mi? David Harvey, krizlere ra\u011fmen sermayenin h\u00e2kimiyetini nas\u0131l s\u00fcrd\u00fcrd\u00fc\u011f\u00fcn\u00fc sorgularken ne yapmal\u0131? ve kim yapacak? sorular\u0131na da cevap ar\u0131yor. Hem sermayenin egemenlik kurdu\u011fu hem de kapitalizme kar\u015f\u0131 m\u00fccadelenin geli\u015fece\u011fi \u2018faaliyet alanlar\u0131\u2019n\u0131n haritas\u0131n\u0131 \u00e7\u0131kar\u0131yor. \ufffcTan\u0131t\u0131m Metni<\/p>\n","protected":false},"excerpt":{"rendered":"<p>Beden i\u00e7in kan dola\u015f\u0131m\u0131 neyse, g\u00fcn\u00fcm\u00fcz toplumunun politik bedeni i\u00e7in sermaye ak\u0131\u015f\u0131 da odur. Bu ak\u0131\u015f yava\u015flad\u0131\u011f\u0131nda, kesintiye u\u011frad\u0131\u011f\u0131nda ya da durdu\u011funda g\u00fcndelik hayat da duruyor.<span class=\"excerpt-hellip\"> [\u2026]<\/span><\/p>\n","protected":false},"featured_media":0,"template":"","meta":{"_monsterinsights_skip_tracking":false,"_monsterinsights_sitenote_active":false,"_monsterinsights_sitenote_note":"","_monsterinsights_sitenote_category":0},"product_brand":[],"product_cat":[12338,12337],"product_tag":[],"class_list":{"0":"post-692850","1":"product","2":"type-product","3":"status-publish","5":"product_cat-dunya-siyaseti-ve-politikasi","6":"product_cat-politika-siyaset","7":"pa_cilt-ciltsiz","8":"pa_tur-kitap","9":"pa_yayinevi-sel-yayincilik","10":"pa_yazar-david-harvey","12":"first","13":"instock","14":"sale","15":"shipping-taxable","16":"purchasable","17":"product-type-simple"},"_links":{"self":[{"href":"https:\/\/roveyayinevi.com.tr\/index.php\/wp-json\/wp\/v2\/product\/692850","targetHints":{"allow":["GET"]}}],"collection":[{"href":"https:\/\/roveyayinevi.com.tr\/index.php\/wp-json\/wp\/v2\/product"}],"about":[{"href":"https:\/\/roveyayinevi.com.tr\/index.php\/wp-json\/wp\/v2\/types\/product"}],"wp:attachment":[{"href":"https:\/\/roveyayinevi.com.tr\/index.php\/wp-json\/wp\/v2\/media?parent=692850"}],"wp:term":[{"taxonomy":"product_brand","embeddable":true,"href":"https:\/\/roveyayinevi.com.tr\/index.php\/wp-json\/wp\/v2\/product_brand?post=692850"},{"taxonomy":"product_cat","embeddable":true,"href":"https:\/\/roveyayinevi.com.tr\/index.php\/wp-json\/wp\/v2\/product_cat?post=692850"},{"taxonomy":"product_tag","embeddable":true,"href":"https:\/\/roveyayinevi.com.tr\/index.php\/wp-json\/wp\/v2\/product_tag?post=692850"}],"curies":[{"name":"wp","href":"https:\/\/api.w.org\/{rel}","templated":true}]}}