{"id":692848,"date":"2025-08-27T14:09:33","date_gmt":"2025-08-27T11:09:33","guid":{"rendered":"https:\/\/roveyayinevi.com.tr\/index.php\/urun\/satranc-ustasi-don-sandalionun-romani\/"},"modified":"2026-04-16T02:02:41","modified_gmt":"2026-04-15T23:02:41","slug":"satranc-ustasi-don-sandalionun-romani","status":"publish","type":"product","link":"https:\/\/roveyayinevi.com.tr\/index.php\/urun\/satranc-ustasi-don-sandalionun-romani\/","title":{"rendered":"Satran\u00e7 Ustas\u0131 Don Sandalio\u2019nun Roman\u0131"},"content":{"rendered":"<p>Ya\u015fam\u0131n karma\u015f\u0131kl\u0131\u011f\u0131n\u0131 ba\u015far\u0131l\u0131 bir \u015fekilde yans\u0131tan satran\u00e7 tahtas\u0131n\u0131n ba\u015f\u0131nda Don Sandalio ad\u0131nda \u00e7ok usta bir oyuncu vard\u0131r. Don Sandalio, vezirin, kral\u0131n, at\u0131n ve hatta piyonlar\u0131n bile onlar\u0131 hareket ettiren insanlardan daha etkileyici bir ruh d\u00fcnyas\u0131na sahip olduklar\u0131n\u0131 d\u00fc\u015f\u00fcn\u00fcr. Bu kutsal ta\u015flar\u0131 oynat\u0131rken hi\u00e7 konu\u015fmayan Don Sandalio\u2019nun yumu\u015fak sesi sadece \u015eah Mat derken duyulur. \u00c7a\u011fda\u015f \u0130spanyol edebiyat\u0131n\u0131n ustalar\u0131ndan Miguel De Unamuno Satran\u00e7 Oyuncusu Don Sandalio\u2019nun Roman\u0131\u2019 nda satran\u00e7 oynaman\u0131n etkileyici bir bestenin g\u00fczelli\u011fi ve dinginli\u011fi i\u00e7inde kaybolmak oldu\u011funu kan\u0131tl\u0131yor. <\/p>\n","protected":false},"excerpt":{"rendered":"<p>Ya\u015fam\u0131n karma\u015f\u0131kl\u0131\u011f\u0131n\u0131 ba\u015far\u0131l\u0131 bir \u015fekilde yans\u0131tan satran\u00e7 tahtas\u0131n\u0131n ba\u015f\u0131nda Don Sandalio ad\u0131nda \u00e7ok usta bir oyuncu vard\u0131r. Don Sandalio, vezirin, kral\u0131n, at\u0131n ve hatta piyonlar\u0131n bile<span class=\"excerpt-hellip\"> [\u2026]<\/span><\/p>\n","protected":false},"featured_media":0,"template":"","meta":{"_monsterinsights_skip_tracking":false,"_monsterinsights_sitenote_active":false,"_monsterinsights_sitenote_note":"","_monsterinsights_sitenote_category":0},"product_brand":[],"product_cat":[12291,13113],"product_tag":[],"class_list":{"0":"post-692848","1":"product","2":"type-product","3":"status-publish","5":"product_cat-edebiyat","6":"product_cat-ispanyol-edebiyati","7":"pa_cilt-ciltsiz","8":"pa_tur-kitap","9":"pa_yayinevi-sel-yayincilik","10":"pa_yazar-miguel-de-unamuno","12":"first","13":"instock","14":"sale","15":"shipping-taxable","16":"purchasable","17":"product-type-simple"},"_links":{"self":[{"href":"https:\/\/roveyayinevi.com.tr\/index.php\/wp-json\/wp\/v2\/product\/692848","targetHints":{"allow":["GET"]}}],"collection":[{"href":"https:\/\/roveyayinevi.com.tr\/index.php\/wp-json\/wp\/v2\/product"}],"about":[{"href":"https:\/\/roveyayinevi.com.tr\/index.php\/wp-json\/wp\/v2\/types\/product"}],"wp:attachment":[{"href":"https:\/\/roveyayinevi.com.tr\/index.php\/wp-json\/wp\/v2\/media?parent=692848"}],"wp:term":[{"taxonomy":"product_brand","embeddable":true,"href":"https:\/\/roveyayinevi.com.tr\/index.php\/wp-json\/wp\/v2\/product_brand?post=692848"},{"taxonomy":"product_cat","embeddable":true,"href":"https:\/\/roveyayinevi.com.tr\/index.php\/wp-json\/wp\/v2\/product_cat?post=692848"},{"taxonomy":"product_tag","embeddable":true,"href":"https:\/\/roveyayinevi.com.tr\/index.php\/wp-json\/wp\/v2\/product_tag?post=692848"}],"curies":[{"name":"wp","href":"https:\/\/api.w.org\/{rel}","templated":true}]}}