{"id":692846,"date":"2025-08-27T14:09:33","date_gmt":"2025-08-27T11:09:33","guid":{"rendered":"https:\/\/roveyayinevi.com.tr\/index.php\/urun\/sermayenin-mekanlari\/"},"modified":"2026-04-16T02:02:41","modified_gmt":"2026-04-15T23:02:41","slug":"sermayenin-mekanlari","status":"publish","type":"product","link":"https:\/\/roveyayinevi.com.tr\/index.php\/urun\/sermayenin-mekanlari\/","title":{"rendered":"Sermayenin Mekanlar\u0131"},"content":{"rendered":"<p>David Harvey son d\u00f6nemin en \u00e7ok referans verilen, en etkileyici sosyal kuramc\u0131lar\u0131ndan biri. Aktivist kimli\u011fi ve antikapitalist hareketler \u00fczerine yazd\u0131klar\u0131yla da bilinen Harvey\u2019in \u00fcn\u00fc ve etkisi bak\u0131\u015f a\u00e7\u0131s\u0131n\u0131 de\u011fi\u015ftirdi\u011fi co\u011frafya biliminin yan\u0131 s\u0131ra sosyoloji, politik ekonomi, mimari, iktisat, edebiyat incelemeleri ve kent \u00e7al\u0131\u015fmalar\u0131na kadar uzan\u0131yor. Bu kitap 30 y\u0131l\u0131 a\u015fk\u0131n bir s\u00fcre zarf\u0131nda yazd\u0131\u011f\u0131 makaleleri ilk kez bir araya getirerek Harvey\u2019in ele\u015ftirel co\u011frafya kuram\u0131n\u0131n geli\u015fimine ve d\u00fc\u015f\u00fcncesinin yap\u0131ta\u015flar\u0131na ayna tutuyor. Co\u011frafi ara\u015ft\u0131rmalar\u0131n sonucu elde edilen bilginin sistematik bir bi\u00e7imde ele al\u0131namayaca\u011f\u0131, co\u011frafyan\u0131n yaln\u0131zca veri sundu\u011fu y\u00f6n\u00fcndeki doktrine kar\u015f\u0131 \u00e7\u0131kt\u0131\u011f\u0131 gibi Marksizm ve sosyal teoriye co\u011frafya ve mek\u00e2n boyutunun kazand\u0131r\u0131lmas\u0131nda da \u00f6nemli bir yeri olan Harvey, Co\u011frafya Bilgisi\/Politik \u0130ktidar ve Mek\u00e2n\u0131n Kapitalist \u00dcretimi isimli b\u00f6l\u00fcmlerle iktidar, politik ekonomik yap\u0131, bilgi, sosyal bilimler ve co\u011frafya aras\u0131ndaki ili\u015fkiyi yeniden kurarken; sermaye birikiminin, mek\u00e2n\u0131n kapitalist \u00fcretiminin ve e\u015fitsiz geli\u015fimin co\u011frafyas\u0131n\u0131 Marksist bak\u0131\u015f a\u00e7\u0131s\u0131yla ele al\u0131yor. Kapitalizmin jeopoliti\u011fini sergilerken Kant, Marx, Hegel, Foucault, Von Th\u00fcnen ve Heidegger gibi d\u00fc\u015f\u00fcn\u00fcrlerin kuramlar\u0131nda co\u011frafi d\u00fc\u015f\u00fcncenin izlerini g\u00f6steriyor. \ufffcTan\u0131t\u0131m Metni<\/p>\n","protected":false},"excerpt":{"rendered":"<p>David Harvey son d\u00f6nemin en \u00e7ok referans verilen, en etkileyici sosyal kuramc\u0131lar\u0131ndan biri. Aktivist kimli\u011fi ve antikapitalist hareketler \u00fczerine yazd\u0131klar\u0131yla da bilinen Harvey\u2019in \u00fcn\u00fc ve etkisi<span class=\"excerpt-hellip\"> [\u2026]<\/span><\/p>\n","protected":false},"featured_media":0,"template":"","meta":{"_monsterinsights_skip_tracking":false,"_monsterinsights_sitenote_active":false,"_monsterinsights_sitenote_note":"","_monsterinsights_sitenote_category":0},"product_brand":[],"product_cat":[12351,12324],"product_tag":[],"class_list":{"0":"post-692846","1":"product","2":"type-product","3":"status-publish","5":"product_cat-siyaset-sosyolojisi","6":"product_cat-sosyoloji","7":"pa_tur-kitap","8":"pa_yayinevi-sel-yayincilik","9":"pa_yazar-david-harvey","11":"first","12":"instock","13":"sale","14":"shipping-taxable","15":"purchasable","16":"product-type-simple"},"_links":{"self":[{"href":"https:\/\/roveyayinevi.com.tr\/index.php\/wp-json\/wp\/v2\/product\/692846","targetHints":{"allow":["GET"]}}],"collection":[{"href":"https:\/\/roveyayinevi.com.tr\/index.php\/wp-json\/wp\/v2\/product"}],"about":[{"href":"https:\/\/roveyayinevi.com.tr\/index.php\/wp-json\/wp\/v2\/types\/product"}],"wp:attachment":[{"href":"https:\/\/roveyayinevi.com.tr\/index.php\/wp-json\/wp\/v2\/media?parent=692846"}],"wp:term":[{"taxonomy":"product_brand","embeddable":true,"href":"https:\/\/roveyayinevi.com.tr\/index.php\/wp-json\/wp\/v2\/product_brand?post=692846"},{"taxonomy":"product_cat","embeddable":true,"href":"https:\/\/roveyayinevi.com.tr\/index.php\/wp-json\/wp\/v2\/product_cat?post=692846"},{"taxonomy":"product_tag","embeddable":true,"href":"https:\/\/roveyayinevi.com.tr\/index.php\/wp-json\/wp\/v2\/product_tag?post=692846"}],"curies":[{"name":"wp","href":"https:\/\/api.w.org\/{rel}","templated":true}]}}