{"id":692845,"date":"2025-08-27T14:09:33","date_gmt":"2025-08-27T11:09:33","guid":{"rendered":"https:\/\/roveyayinevi.com.tr\/index.php\/urun\/psomatiadan-samatyaya-bir-bizans-semtinin-hikayesi\/"},"modified":"2026-04-16T02:02:41","modified_gmt":"2026-04-15T23:02:41","slug":"psomatiadan-samatyaya-bir-bizans-semtinin-hikayesi","status":"publish","type":"product","link":"https:\/\/roveyayinevi.com.tr\/index.php\/urun\/psomatiadan-samatyaya-bir-bizans-semtinin-hikayesi\/","title":{"rendered":"Psomatia&#8217;dan Samatya&#8217;ya &#8211; Bir Bizans Semtinin Hikayesi"},"content":{"rendered":"<p>Orhan T\u00fcrker Psomatia&#8217;dan Samatya&#8217;ya \u00e7al\u0131\u015fmas\u0131nda yine kentin kadim bir semtinin tarihteki izini s\u00fcr\u00fcyor.\u00dcnl\u00fc devlet adamlar\u0131n\u0131n \u00f6ld\u00fcr\u00fcld\u00fc\u011f\u00fc Yedikule Zindanlar\u0131&#8217;n\u0131n yan\u0131 s\u0131ra pek \u00e7ok \u00f6nemli yap\u0131y\u0131 b\u00fcnyesinde bar\u0131nd\u0131ran semt, ayn\u0131 zamanda Rum ve Ermeni H\u0131ristiyan k\u00fclt\u00fcr\u00fcn\u00fcn M\u00fcsl\u00fcman k\u00fclt\u00fcr\u00fcyle i\u00e7 i\u00e7e ge\u00e7ti\u011fi, de\u011fi\u015fik geleneklere sahip halklar\u0131n yan yana ya\u015fabilece\u011finin \u00f6nemli bir kan\u0131t\u0131.Tarihi yap\u0131lar\u0131ndan Samatya&#8217;da ya\u015fayan \u00f6nemli ki\u015filere, semtin zaman i\u00e7indeki d\u00f6n\u00fc\u015f\u00fcm\u00fcnden 21. y\u00fczy\u0131ldaki durumuna uzanan Psomatia&#8217;dan Samatya&#8217;ya d\u00fcnyan\u0131n en g\u00fczel kentlerinden biri say\u0131lan \u0130stanbul&#8217;u biraz daha yak\u0131ndan tan\u0131mak, onun kozmopolit yap\u0131s\u0131n\u0131 anlamak i\u00e7in \u00f6nemli bir kaynak.<\/p>\n","protected":false},"excerpt":{"rendered":"<p>Orhan T\u00fcrker Psomatia&#8217;dan Samatya&#8217;ya \u00e7al\u0131\u015fmas\u0131nda yine kentin kadim bir semtinin tarihteki izini s\u00fcr\u00fcyor.\u00dcnl\u00fc devlet adamlar\u0131n\u0131n \u00f6ld\u00fcr\u00fcld\u00fc\u011f\u00fc Yedikule Zindanlar\u0131&#8217;n\u0131n yan\u0131 s\u0131ra pek \u00e7ok \u00f6nemli yap\u0131y\u0131 b\u00fcnyesinde bar\u0131nd\u0131ran<span class=\"excerpt-hellip\"> [\u2026]<\/span><\/p>\n","protected":false},"featured_media":0,"template":"","meta":{"_monsterinsights_skip_tracking":false,"_monsterinsights_sitenote_active":false,"_monsterinsights_sitenote_note":"","_monsterinsights_sitenote_category":0},"product_brand":[],"product_cat":[12312,12304],"product_tag":[],"class_list":{"0":"post-692845","1":"product","2":"type-product","3":"status-publish","5":"product_cat-diger","6":"product_cat-tarih","7":"pa_cilt-ciltsiz","8":"pa_tur-kitap","9":"pa_yayinevi-sel-yayincilik","10":"pa_yazar-orhan-turker","12":"first","13":"instock","14":"sale","15":"shipping-taxable","16":"purchasable","17":"product-type-simple"},"_links":{"self":[{"href":"https:\/\/roveyayinevi.com.tr\/index.php\/wp-json\/wp\/v2\/product\/692845","targetHints":{"allow":["GET"]}}],"collection":[{"href":"https:\/\/roveyayinevi.com.tr\/index.php\/wp-json\/wp\/v2\/product"}],"about":[{"href":"https:\/\/roveyayinevi.com.tr\/index.php\/wp-json\/wp\/v2\/types\/product"}],"wp:attachment":[{"href":"https:\/\/roveyayinevi.com.tr\/index.php\/wp-json\/wp\/v2\/media?parent=692845"}],"wp:term":[{"taxonomy":"product_brand","embeddable":true,"href":"https:\/\/roveyayinevi.com.tr\/index.php\/wp-json\/wp\/v2\/product_brand?post=692845"},{"taxonomy":"product_cat","embeddable":true,"href":"https:\/\/roveyayinevi.com.tr\/index.php\/wp-json\/wp\/v2\/product_cat?post=692845"},{"taxonomy":"product_tag","embeddable":true,"href":"https:\/\/roveyayinevi.com.tr\/index.php\/wp-json\/wp\/v2\/product_tag?post=692845"}],"curies":[{"name":"wp","href":"https:\/\/api.w.org\/{rel}","templated":true}]}}