{"id":692844,"date":"2025-08-27T14:09:33","date_gmt":"2025-08-27T11:09:33","guid":{"rendered":"https:\/\/roveyayinevi.com.tr\/index.php\/urun\/paris-modernitenin-baskenti\/"},"modified":"2026-04-16T02:02:41","modified_gmt":"2026-04-15T23:02:41","slug":"paris-modernitenin-baskenti","status":"publish","type":"product","link":"https:\/\/roveyayinevi.com.tr\/index.php\/urun\/paris-modernitenin-baskenti\/","title":{"rendered":"Paris, Modernitenin Ba\u015fkenti"},"content":{"rendered":"<p>B\u00fcy\u00fcy\u00fcp d\u00fcnyaya ba\u015fkent olsan bile hi\u00e7bir zaman yurtta\u015flar\u0131n olmayacak senin,   diyor Jules Ferry ge\u00e7mi\u015fe \u00f6zlemle. Modern hayat\u0131n kar\u015f\u0131s\u0131nda ba\u015f\u0131 d\u00f6nen Baudelaire \u015fehri,   hastane, hapishane, kerhane, araf, cehennem   diye tan\u0131ml\u0131yor ve ekliyor;   Seviyorum seni, rezil ba\u015fkent.   David Harvey Paris, Modernitenin Ba\u015fkenti\u2019nde, Balzac, Baudelaire, Flaubert, Zola gibi edebiyat\u00e7\u0131lar\u0131n tasvirleri ve gelecek vizyonlar\u0131, Daumier\u2019in karikat\u00fcrleri ve Marville\u2019in foto\u011fraflar\u0131 e\u015fli\u011finde Haussmann\u2019\u0131n kenti   zorla modernli\u011fe s\u00fcr\u00fckledi\u011fi   ve ba\u015ftan yaratt\u0131\u011f\u0131 \u0130kinci \u0130mparatorluk Parisi\u2019nden g\u00fcn\u00fcm\u00fcze bak\u0131yor. <\/p>\n","protected":false},"excerpt":{"rendered":"<p>B\u00fcy\u00fcy\u00fcp d\u00fcnyaya ba\u015fkent olsan bile hi\u00e7bir zaman yurtta\u015flar\u0131n olmayacak senin, diyor Jules Ferry ge\u00e7mi\u015fe \u00f6zlemle. Modern hayat\u0131n kar\u015f\u0131s\u0131nda ba\u015f\u0131 d\u00f6nen Baudelaire \u015fehri, hastane, hapishane, kerhane, araf,<span class=\"excerpt-hellip\"> [\u2026]<\/span><\/p>\n","protected":false},"featured_media":0,"template":"","meta":{"_monsterinsights_skip_tracking":false,"_monsterinsights_sitenote_active":false,"_monsterinsights_sitenote_note":"","_monsterinsights_sitenote_category":0},"product_brand":[],"product_cat":[12767,12324],"product_tag":[],"class_list":{"0":"post-692844","1":"product","2":"type-product","3":"status-publish","5":"product_cat-kentlesme-modernlesme","6":"product_cat-sosyoloji","7":"pa_tur-kitap","8":"pa_yayinevi-sel-yayincilik","9":"pa_yazar-david-harvey","11":"first","12":"instock","13":"sale","14":"shipping-taxable","15":"purchasable","16":"product-type-simple"},"_links":{"self":[{"href":"https:\/\/roveyayinevi.com.tr\/index.php\/wp-json\/wp\/v2\/product\/692844","targetHints":{"allow":["GET"]}}],"collection":[{"href":"https:\/\/roveyayinevi.com.tr\/index.php\/wp-json\/wp\/v2\/product"}],"about":[{"href":"https:\/\/roveyayinevi.com.tr\/index.php\/wp-json\/wp\/v2\/types\/product"}],"wp:attachment":[{"href":"https:\/\/roveyayinevi.com.tr\/index.php\/wp-json\/wp\/v2\/media?parent=692844"}],"wp:term":[{"taxonomy":"product_brand","embeddable":true,"href":"https:\/\/roveyayinevi.com.tr\/index.php\/wp-json\/wp\/v2\/product_brand?post=692844"},{"taxonomy":"product_cat","embeddable":true,"href":"https:\/\/roveyayinevi.com.tr\/index.php\/wp-json\/wp\/v2\/product_cat?post=692844"},{"taxonomy":"product_tag","embeddable":true,"href":"https:\/\/roveyayinevi.com.tr\/index.php\/wp-json\/wp\/v2\/product_tag?post=692844"}],"curies":[{"name":"wp","href":"https:\/\/api.w.org\/{rel}","templated":true}]}}