{"id":692842,"date":"2025-08-27T14:09:32","date_gmt":"2025-08-27T11:09:32","guid":{"rendered":"https:\/\/roveyayinevi.com.tr\/index.php\/urun\/olume-ovgu\/"},"modified":"2026-04-16T02:02:41","modified_gmt":"2026-04-15T23:02:41","slug":"olume-ovgu","status":"publish","type":"product","link":"https:\/\/roveyayinevi.com.tr\/index.php\/urun\/olume-ovgu\/","title":{"rendered":"\u00d6l\u00fcme \u00d6vg\u00fc"},"content":{"rendered":"<p>Felsefi geli\u015fime yaln\u0131zca d\u00fc\u015f\u00fcncesiyle de\u011fil, yapt\u0131\u011f\u0131 \u00e7eviriler ve buldu\u011fu kavramsal kar\u015f\u0131l\u0131klarla da \u00f6nemli katk\u0131lar sa\u011flam\u0131\u015f, Antik Yunan ve Roma aras\u0131nda k\u00f6pr\u00fcler kurmu\u015f olan Cicero, \u00d6l\u00fcme \u00d6vg\u00fc\u2019de, Antik \u00e7a\u011fdaki Yunan felsefesinin Stoac\u0131 ve Epik\u00fcrist \u00f6l\u00fcm alg\u0131s\u0131na kar\u015f\u0131n, daha \u00e7ok tek tanr\u0131c\u0131l\u0131k mistisizmine yak\u0131n duran Yeni Akademi felsefesini ortaya koyarken sergiledi\u011fi d\u00fc\u015f\u00fcnme y\u00f6ntemiyle olduk\u00e7a keyifli bir okuma vaat ediyor. Eflatun ve Sokrates aras\u0131nda ge\u00e7en diyaloglardaki gibi bir \u00fcslupla kaleme al\u0131nm\u0131\u015f, kar\u015f\u0131l\u0131kl\u0131 konu\u015fmalarla d\u00fc\u015f\u00fcnceyi geli\u015ftirmeyi hedefleyen \u00d6l\u00fcme \u00d6vg\u00fc, bug\u00fcn unutturulmaya \u00e7al\u0131\u015f\u0131lan felsefenin, hayata tutunabilmek i\u00e7in ne kadar elzem bir faaliyet oldu\u011funun kan\u0131t\u0131 gibi.Hayat\u0131n yatay ak\u0131\u015f mant\u0131\u011f\u0131n\u0131 kavraman\u0131n yolu, \u00d6l\u00fcme diklemesine bakmaktan ge\u00e7iyor. Bunu g\u00f6z\u00fcn\u00fc k\u0131rpmadan yap\u0131yor Cicero: D\u00fcnden de yak\u0131n bir tarihte kaleme al\u0131nm\u0131\u015f kadar diri, uyar\u0131c\u0131, ufuk a\u00e7\u0131c\u0131 bir rehber&#8230;<\/p>\n","protected":false},"excerpt":{"rendered":"<p>Felsefi geli\u015fime yaln\u0131zca d\u00fc\u015f\u00fcncesiyle de\u011fil, yapt\u0131\u011f\u0131 \u00e7eviriler ve buldu\u011fu kavramsal kar\u015f\u0131l\u0131klarla da \u00f6nemli katk\u0131lar sa\u011flam\u0131\u015f, Antik Yunan ve Roma aras\u0131nda k\u00f6pr\u00fcler kurmu\u015f olan Cicero, \u00d6l\u00fcme \u00d6vg\u00fc\u2019de,<span class=\"excerpt-hellip\"> [\u2026]<\/span><\/p>\n","protected":false},"featured_media":0,"template":"","meta":{"_monsterinsights_skip_tracking":false,"_monsterinsights_sitenote_active":false,"_monsterinsights_sitenote_note":"","_monsterinsights_sitenote_category":0},"product_brand":[],"product_cat":[12388,14717],"product_tag":[],"class_list":{"0":"post-692842","1":"product","2":"type-product","3":"status-publish","5":"product_cat-felsefe","6":"product_cat-felsefe-tarihi","7":"pa_cilt-ciltsiz","8":"pa_tur-kitap","9":"pa_yayinevi-sel-yayincilik","10":"pa_yazar-marcus-tullius-cicero","12":"first","13":"instock","14":"sale","15":"shipping-taxable","16":"purchasable","17":"product-type-simple"},"_links":{"self":[{"href":"https:\/\/roveyayinevi.com.tr\/index.php\/wp-json\/wp\/v2\/product\/692842","targetHints":{"allow":["GET"]}}],"collection":[{"href":"https:\/\/roveyayinevi.com.tr\/index.php\/wp-json\/wp\/v2\/product"}],"about":[{"href":"https:\/\/roveyayinevi.com.tr\/index.php\/wp-json\/wp\/v2\/types\/product"}],"wp:attachment":[{"href":"https:\/\/roveyayinevi.com.tr\/index.php\/wp-json\/wp\/v2\/media?parent=692842"}],"wp:term":[{"taxonomy":"product_brand","embeddable":true,"href":"https:\/\/roveyayinevi.com.tr\/index.php\/wp-json\/wp\/v2\/product_brand?post=692842"},{"taxonomy":"product_cat","embeddable":true,"href":"https:\/\/roveyayinevi.com.tr\/index.php\/wp-json\/wp\/v2\/product_cat?post=692842"},{"taxonomy":"product_tag","embeddable":true,"href":"https:\/\/roveyayinevi.com.tr\/index.php\/wp-json\/wp\/v2\/product_tag?post=692842"}],"curies":[{"name":"wp","href":"https:\/\/api.w.org\/{rel}","templated":true}]}}