{"id":692839,"date":"2025-08-27T14:09:32","date_gmt":"2025-08-27T11:09:32","guid":{"rendered":"https:\/\/roveyayinevi.com.tr\/index.php\/urun\/kamu-ve-ozel-kesimde-insan-kaynaklari-yonetimi\/"},"modified":"2026-04-16T02:02:41","modified_gmt":"2026-04-15T23:02:41","slug":"kamu-ve-ozel-kesimde-insan-kaynaklari-yonetimi","status":"publish","type":"product","link":"https:\/\/roveyayinevi.com.tr\/index.php\/urun\/kamu-ve-ozel-kesimde-insan-kaynaklari-yonetimi\/","title":{"rendered":"Kamu ve \u00d6zel Kesimde \u0130nsan Kaynaklar\u0131 Y\u00f6netimi"},"content":{"rendered":"<p>G\u00fcn\u00fcm\u00fcz rekabet\u00e7i ortam\u0131nda t\u00fcm \u00f6rg\u00fctlerin m\u00fccadele g\u00fcc\u00fcn\u00fc ve ba\u015far\u0131s\u0131n\u0131 etkileyen en \u00f6nemli fakt\u00f6r, insan kaynaklar\u0131d\u0131r. \u00d6rg\u00fctlerin b\u00fcy\u00fcmesi, de\u011fi\u015fen y\u00f6netim anlay\u0131\u015f\u0131, de\u011fi\u015fken, dinamik \u00f6rg\u00fctsel \u00e7evre ko\u015fullar\u0131 ve di\u011fer \u00e7a\u011fda\u015f geli\u015fmeler, \u00f6rg\u00fctlerde insan kaynaklar\u0131 y\u00f6netiminin \u00f6nemini art\u0131rm\u0131\u015f, etki alan\u0131n\u0131n geni\u015flemesine yol a\u00e7m\u0131\u015ft\u0131r. \u0130nsan kaynaklar\u0131 y\u00f6netimi, art\u0131k ayr\u0131 bir y\u00f6netsel disiplin niteli\u011fi kazanm\u0131\u015ft\u0131r. Bu kitap, insan kaynaklar\u0131 y\u00f6netimi alan\u0131nda teori ile prati\u011fi uygun oranlarda sentez ederek hem uygulay\u0131c\u0131lar, hem ara\u015ft\u0131rmac\u0131lar hem de e\u011fitim alan \u00f6\u011frenciler i\u00e7in haz\u0131rlanm\u0131\u015ft\u0131r.<\/p>\n","protected":false},"excerpt":{"rendered":"<p>G\u00fcn\u00fcm\u00fcz rekabet\u00e7i ortam\u0131nda t\u00fcm \u00f6rg\u00fctlerin m\u00fccadele g\u00fcc\u00fcn\u00fc ve ba\u015far\u0131s\u0131n\u0131 etkileyen en \u00f6nemli fakt\u00f6r, insan kaynaklar\u0131d\u0131r. \u00d6rg\u00fctlerin b\u00fcy\u00fcmesi, de\u011fi\u015fen y\u00f6netim anlay\u0131\u015f\u0131, de\u011fi\u015fken, dinamik \u00f6rg\u00fctsel \u00e7evre ko\u015fullar\u0131 ve<span class=\"excerpt-hellip\"> [\u2026]<\/span><\/p>\n","protected":false},"featured_media":0,"template":"","meta":{"_monsterinsights_skip_tracking":false,"_monsterinsights_sitenote_active":false,"_monsterinsights_sitenote_note":"","_monsterinsights_sitenote_category":0},"product_brand":[],"product_cat":[13043,14754],"product_tag":[],"class_list":{"0":"post-692839","1":"product","2":"type-product","3":"status-publish","5":"product_cat-ekonomi","6":"product_cat-halkla-iliskiler-insan-kaynaklari","7":"pa_cilt-ciltsiz","8":"pa_tur-kitap","9":"pa_yayinevi-siyasal-kitabevi-akademik-kitaplar","10":"pa_yazar-halil-can","12":"first","13":"instock","14":"sale","15":"shipping-taxable","16":"purchasable","17":"product-type-simple"},"_links":{"self":[{"href":"https:\/\/roveyayinevi.com.tr\/index.php\/wp-json\/wp\/v2\/product\/692839","targetHints":{"allow":["GET"]}}],"collection":[{"href":"https:\/\/roveyayinevi.com.tr\/index.php\/wp-json\/wp\/v2\/product"}],"about":[{"href":"https:\/\/roveyayinevi.com.tr\/index.php\/wp-json\/wp\/v2\/types\/product"}],"wp:attachment":[{"href":"https:\/\/roveyayinevi.com.tr\/index.php\/wp-json\/wp\/v2\/media?parent=692839"}],"wp:term":[{"taxonomy":"product_brand","embeddable":true,"href":"https:\/\/roveyayinevi.com.tr\/index.php\/wp-json\/wp\/v2\/product_brand?post=692839"},{"taxonomy":"product_cat","embeddable":true,"href":"https:\/\/roveyayinevi.com.tr\/index.php\/wp-json\/wp\/v2\/product_cat?post=692839"},{"taxonomy":"product_tag","embeddable":true,"href":"https:\/\/roveyayinevi.com.tr\/index.php\/wp-json\/wp\/v2\/product_tag?post=692839"}],"curies":[{"name":"wp","href":"https:\/\/api.w.org\/{rel}","templated":true}]}}