{"id":692838,"date":"2025-08-27T14:09:31","date_gmt":"2025-08-27T11:09:31","guid":{"rendered":"https:\/\/roveyayinevi.com.tr\/index.php\/urun\/genel-isletmecilik-bilgileri\/"},"modified":"2026-04-16T02:02:41","modified_gmt":"2026-04-15T23:02:41","slug":"genel-isletmecilik-bilgileri","status":"publish","type":"product","link":"https:\/\/roveyayinevi.com.tr\/index.php\/urun\/genel-isletmecilik-bilgileri\/","title":{"rendered":"Genel \u0130\u015fletmecilik Bilgileri"},"content":{"rendered":"<p>2007 \u015eubat\u2019\u0131nda ilk bask\u0131s\u0131 yap\u0131lan kitab\u0131n 2013 Temmuz ay\u0131nda da 5. bask\u0131s\u0131 yap\u0131lm\u0131\u015f ve t\u00fckenmi\u015ftir.Dolay\u0131s\u0131yla Genel \u0130\u015fletmecilik kitab\u0131m\u0131z\u0131n 6. bask\u0131s\u0131n\u0131n yap\u0131lmas\u0131 gereksinimi do\u011fmu\u015ftur.Temel i\u015fletmecilik bilgilerini \u00f6\u011frencilere aktarmak \u00fczere bir ders kitab\u0131 olarak haz\u0131rlanan bu \u00e7al\u0131\u015fma, ayn\u0131 zamanda e\u011fitimini tamamlayarak i\u015f ya\u015fam\u0131na at\u0131lan ve asl\u0131nda i\u015f ya\u015fam\u0131ndaki t\u00fcm ki\u015filerin gereksinim duyabilecekleri i\u015fletmecilik kavram ve geli\u015fmelerini onlara aktarmaya veya kazand\u0131rmaya olanak veren temel bir ba\u015fvuru kitab\u0131 niteli\u011finde tasarlanm\u0131\u015ft\u0131r.Ba\u015fta geri bildirim veren akademisyenler olmak \u00fczere eme\u011fi ge\u00e7en herkese te\u015fekk\u00fcr\u00fc bor\u00e7 biliriz.<\/p>\n","protected":false},"excerpt":{"rendered":"<p>2007 \u015eubat\u2019\u0131nda ilk bask\u0131s\u0131 yap\u0131lan kitab\u0131n 2013 Temmuz ay\u0131nda da 5. bask\u0131s\u0131 yap\u0131lm\u0131\u015f ve t\u00fckenmi\u015ftir.Dolay\u0131s\u0131yla Genel \u0130\u015fletmecilik kitab\u0131m\u0131z\u0131n 6. bask\u0131s\u0131n\u0131n yap\u0131lmas\u0131 gereksinimi do\u011fmu\u015ftur.Temel i\u015fletmecilik bilgilerini \u00f6\u011frencilere<span class=\"excerpt-hellip\"> [\u2026]<\/span><\/p>\n","protected":false},"featured_media":0,"template":"","meta":{"_monsterinsights_skip_tracking":false,"_monsterinsights_sitenote_active":false,"_monsterinsights_sitenote_note":"","_monsterinsights_sitenote_category":0},"product_brand":[],"product_cat":[12573,12566],"product_tag":[],"class_list":{"0":"post-692838","1":"product","2":"type-product","3":"status-publish","5":"product_cat-akademik-kitaplar","6":"product_cat-egitim","7":"pa_cilt-ciltsiz","8":"pa_tur-kitap","9":"pa_yayinevi-siyasal-kitabevi-akademik-kitaplar","10":"pa_yazar-dogan-yasar-ayhan","12":"first","13":"instock","14":"sale","15":"shipping-taxable","16":"purchasable","17":"product-type-simple"},"_links":{"self":[{"href":"https:\/\/roveyayinevi.com.tr\/index.php\/wp-json\/wp\/v2\/product\/692838","targetHints":{"allow":["GET"]}}],"collection":[{"href":"https:\/\/roveyayinevi.com.tr\/index.php\/wp-json\/wp\/v2\/product"}],"about":[{"href":"https:\/\/roveyayinevi.com.tr\/index.php\/wp-json\/wp\/v2\/types\/product"}],"wp:attachment":[{"href":"https:\/\/roveyayinevi.com.tr\/index.php\/wp-json\/wp\/v2\/media?parent=692838"}],"wp:term":[{"taxonomy":"product_brand","embeddable":true,"href":"https:\/\/roveyayinevi.com.tr\/index.php\/wp-json\/wp\/v2\/product_brand?post=692838"},{"taxonomy":"product_cat","embeddable":true,"href":"https:\/\/roveyayinevi.com.tr\/index.php\/wp-json\/wp\/v2\/product_cat?post=692838"},{"taxonomy":"product_tag","embeddable":true,"href":"https:\/\/roveyayinevi.com.tr\/index.php\/wp-json\/wp\/v2\/product_tag?post=692838"}],"curies":[{"name":"wp","href":"https:\/\/api.w.org\/{rel}","templated":true}]}}