{"id":692836,"date":"2025-08-27T14:09:31","date_gmt":"2025-08-27T11:09:31","guid":{"rendered":"https:\/\/roveyayinevi.com.tr\/index.php\/urun\/degisen-toplumda-degisen-aile\/"},"modified":"2026-04-16T02:02:41","modified_gmt":"2026-04-15T23:02:41","slug":"degisen-toplumda-degisen-aile","status":"publish","type":"product","link":"https:\/\/roveyayinevi.com.tr\/index.php\/urun\/degisen-toplumda-degisen-aile\/","title":{"rendered":"De\u011fi\u015fen Toplumda De\u011fi\u015fen Aile"},"content":{"rendered":"<p>Toplumlar\u0131n h\u0131zla de\u011fi\u015fip d\u00f6n\u00fc\u015ft\u00fc\u011f\u00fc g\u00fcn\u00fcm\u00fczde aile b\u00fct\u00fcn bu d\u00f6n\u00fc\u015f\u00fcmlerin merkezinde yer almaktad\u0131r. Ba\u015fta ailenin tan\u0131m\u0131 olmak \u00fczere, yap\u0131s\u0131, i\u015flevleri, a\u015fk, cinsellik, aile ve akrabal\u0131k ili\u015fkileri, e\u015f se\u00e7me gibi s\u00fcre\u00e7ler, toplumsal de\u011fi\u015fimlere paralel olarak d\u00f6n\u00fc\u015f\u00fcme u\u011framaktad\u0131r. Art\u0131k g\u00fcn\u00fcm\u00fcz toplumlar\u0131nda birlikte ya\u015fama gibi evlili\u011fe alternatif birlikler ortaya \u00e7\u0131kabildi\u011fi gibi baz\u0131 toplumlarda Gey\/Lezbiyen birliktelikleri de kabul g\u00f6rmektedir. Artan bo\u015fanma ve yeniden evlenme oranlar\u0131 da evlilik ve aileye olan sosyolojik ilgiye katk\u0131 sa\u011flamaktad\u0131r. Aile konusunda son y\u0131llarda \u00e7ok tart\u0131\u015f\u0131lan ve g\u00fcndeme gelen konulardan birisi de ba\u015fta kad\u0131na y\u00f6nelik \u015fiddet olmak \u00fczere aile i\u00e7i \u015fiddettir. Aileye ili\u015fkin bu de\u011fi\u015fimler do\u011frultusunda aileyi anlamaya ve a\u00e7\u0131klamaya \u00e7al\u0131\u015fan sosyolojik yakla\u015f\u0131mlar ve aileye y\u00f6nelik politikalar da de\u011fi\u015fmektedir. <\/p>\n","protected":false},"excerpt":{"rendered":"<p>Toplumlar\u0131n h\u0131zla de\u011fi\u015fip d\u00f6n\u00fc\u015ft\u00fc\u011f\u00fc g\u00fcn\u00fcm\u00fczde aile b\u00fct\u00fcn bu d\u00f6n\u00fc\u015f\u00fcmlerin merkezinde yer almaktad\u0131r. Ba\u015fta ailenin tan\u0131m\u0131 olmak \u00fczere, yap\u0131s\u0131, i\u015flevleri, a\u015fk, cinsellik, aile ve akrabal\u0131k ili\u015fkileri, e\u015f<span class=\"excerpt-hellip\"> [\u2026]<\/span><\/p>\n","protected":false},"featured_media":0,"template":"","meta":{"_monsterinsights_skip_tracking":false,"_monsterinsights_sitenote_active":false,"_monsterinsights_sitenote_note":"","_monsterinsights_sitenote_category":0},"product_brand":[],"product_cat":[12835,12324],"product_tag":[],"class_list":{"0":"post-692836","1":"product","2":"type-product","3":"status-publish","5":"product_cat-genel-sosyoloji","6":"product_cat-sosyoloji","7":"pa_cilt-ciltsiz","8":"pa_tur-kitap","9":"pa_yayinevi-siyasal-kitabevi-akademik-kitaplar","10":"pa_yazar-begum-kose","12":"first","13":"instock","14":"sale","15":"shipping-taxable","16":"purchasable","17":"product-type-simple"},"_links":{"self":[{"href":"https:\/\/roveyayinevi.com.tr\/index.php\/wp-json\/wp\/v2\/product\/692836","targetHints":{"allow":["GET"]}}],"collection":[{"href":"https:\/\/roveyayinevi.com.tr\/index.php\/wp-json\/wp\/v2\/product"}],"about":[{"href":"https:\/\/roveyayinevi.com.tr\/index.php\/wp-json\/wp\/v2\/types\/product"}],"wp:attachment":[{"href":"https:\/\/roveyayinevi.com.tr\/index.php\/wp-json\/wp\/v2\/media?parent=692836"}],"wp:term":[{"taxonomy":"product_brand","embeddable":true,"href":"https:\/\/roveyayinevi.com.tr\/index.php\/wp-json\/wp\/v2\/product_brand?post=692836"},{"taxonomy":"product_cat","embeddable":true,"href":"https:\/\/roveyayinevi.com.tr\/index.php\/wp-json\/wp\/v2\/product_cat?post=692836"},{"taxonomy":"product_tag","embeddable":true,"href":"https:\/\/roveyayinevi.com.tr\/index.php\/wp-json\/wp\/v2\/product_tag?post=692836"}],"curies":[{"name":"wp","href":"https:\/\/api.w.org\/{rel}","templated":true}]}}