{"id":692834,"date":"2025-08-27T14:09:17","date_gmt":"2025-08-27T11:09:17","guid":{"rendered":"https:\/\/roveyayinevi.com.tr\/index.php\/urun\/iletisim-tarihi\/"},"modified":"2026-04-16T02:02:41","modified_gmt":"2026-04-15T23:02:41","slug":"iletisim-tarihi","status":"publish","type":"product","link":"https:\/\/roveyayinevi.com.tr\/index.php\/urun\/iletisim-tarihi\/","title":{"rendered":"\u0130leti\u015fim Tarihi"},"content":{"rendered":"<p>\u0130leti\u015fim tarihi sadece g\u00fcn\u00fcm\u00fcz medya teknolojilerinin tarihinden ibaret de\u011fildir. Bu tarih, insan\u0131n yery\u00fcz\u00fcndeki varl\u0131\u011f\u0131na i\u00e7kindir. \u0130nsan, temel bir ileti\u015fim g\u00fcc\u00fc olarak varl\u0131\u011f\u0131n\u0131 s\u00fcrd\u00fcrebilmek ve geli\u015ftirebilmek i\u00e7in kendisiyle, do\u011fayla ve di\u011fer insanlarla ileti\u015fim kurmu\u015f; bu ise insan\u0131n kendisinin, do\u011fan\u0131n ve toplumun d\u00f6n\u00fc\u015f\u00fcm\u00fcne katk\u0131 yapm\u0131\u015ft\u0131r. \u0130nsan\u0131n kendi tarihini \u00fcretme maceras\u0131 ayn\u0131 zamanda ileti\u015fimin tarihini olu\u015fturmaktad\u0131r. Elinizdeki kitab\u0131n \u00f6nemi buradan kaynaklanmaktad\u0131r. Kitap, antropolojik bir bak\u0131\u015fla, insanl\u0131\u011f\u0131n ba\u015flang\u0131\u00e7tan g\u00fcn\u00fcm\u00fcze kadar olan maceras\u0131n\u0131 ileti\u015fim \u00e7er\u00e7evesinden anlatmaktad\u0131r. G\u00fcn\u00fcm\u00fcz\u00fcn internet ve kitle ileti\u015fim medyas\u0131n\u0131n teknolojik d\u00fcnyas\u0131ndan ge\u00e7mi\u015fin ma\u011fara resimlerinin ve Ven\u00fcs heykellerinin d\u00fcnyas\u0131na kadar uygarl\u0131k tarihi, ileti\u015fim tarihiyle ili\u015fki i\u00e7inde ve tekno-feti\u015fizmin tuza\u011f\u0131na d\u00fc\u015fmeden ortaya konulmaktad\u0131r. Kitap, bu y\u00f6n\u00fcyle sadece ileti\u015fim alan\u0131nda \u00e7al\u0131\u015fanlar i\u00e7in de\u011fil ayn\u0131 zamanda tarih, antropoloji, dilbilim ve sosyoloji ba\u015fta olmak \u00fczere sosyal bilimlerin b\u00fct\u00fcn alanlar\u0131nda \u00e7al\u0131\u015fanlar i\u00e7in ba\u015fucu kaynaklar\u0131 aras\u0131nda yer alabilecek bir \u00f6neme sahiptir. \ufffcTan\u0131t\u0131m Metni<\/p>\n","protected":false},"excerpt":{"rendered":"<p>\u0130leti\u015fim tarihi sadece g\u00fcn\u00fcm\u00fcz medya teknolojilerinin tarihinden ibaret de\u011fildir. Bu tarih, insan\u0131n yery\u00fcz\u00fcndeki varl\u0131\u011f\u0131na i\u00e7kindir. \u0130nsan, temel bir ileti\u015fim g\u00fcc\u00fc olarak varl\u0131\u011f\u0131n\u0131 s\u00fcrd\u00fcrebilmek ve geli\u015ftirebilmek i\u00e7in<span class=\"excerpt-hellip\"> [\u2026]<\/span><\/p>\n","protected":false},"featured_media":0,"template":"","meta":{"_monsterinsights_skip_tracking":false,"_monsterinsights_sitenote_active":false,"_monsterinsights_sitenote_note":"","_monsterinsights_sitenote_category":0},"product_brand":[],"product_cat":[12325,12324],"product_tag":[],"class_list":{"0":"post-692834","1":"product","2":"type-product","3":"status-publish","5":"product_cat-diger-sosyoloji","6":"product_cat-sosyoloji","7":"pa_cilt-ciltsiz","8":"pa_tur-kitap","9":"pa_yayinevi-siyasal-kitabevi-akademik-kitaplar","10":"pa_yazar-paul-heyer","12":"first","13":"instock","14":"sale","15":"shipping-taxable","16":"purchasable","17":"product-type-simple"},"_links":{"self":[{"href":"https:\/\/roveyayinevi.com.tr\/index.php\/wp-json\/wp\/v2\/product\/692834","targetHints":{"allow":["GET"]}}],"collection":[{"href":"https:\/\/roveyayinevi.com.tr\/index.php\/wp-json\/wp\/v2\/product"}],"about":[{"href":"https:\/\/roveyayinevi.com.tr\/index.php\/wp-json\/wp\/v2\/types\/product"}],"wp:attachment":[{"href":"https:\/\/roveyayinevi.com.tr\/index.php\/wp-json\/wp\/v2\/media?parent=692834"}],"wp:term":[{"taxonomy":"product_brand","embeddable":true,"href":"https:\/\/roveyayinevi.com.tr\/index.php\/wp-json\/wp\/v2\/product_brand?post=692834"},{"taxonomy":"product_cat","embeddable":true,"href":"https:\/\/roveyayinevi.com.tr\/index.php\/wp-json\/wp\/v2\/product_cat?post=692834"},{"taxonomy":"product_tag","embeddable":true,"href":"https:\/\/roveyayinevi.com.tr\/index.php\/wp-json\/wp\/v2\/product_tag?post=692834"}],"curies":[{"name":"wp","href":"https:\/\/api.w.org\/{rel}","templated":true}]}}