{"id":692830,"date":"2025-08-27T14:09:16","date_gmt":"2025-08-27T11:09:16","guid":{"rendered":"https:\/\/roveyayinevi.com.tr\/index.php\/urun\/new-york-modern-sanat-dusuncesini-nasil-caldi\/"},"modified":"2026-04-16T02:02:41","modified_gmt":"2026-04-15T23:02:41","slug":"new-york-modern-sanat-dusuncesini-nasil-caldi","status":"publish","type":"product","link":"https:\/\/roveyayinevi.com.tr\/index.php\/urun\/new-york-modern-sanat-dusuncesini-nasil-caldi\/","title":{"rendered":"New York Modern Sanat D\u00fc\u015f\u00fcncesini Nas\u0131l \u00c7ald\u0131"},"content":{"rendered":"<p>D\u00fcnya sanat\u0131n\u0131n merkezi Paris\u2019ten New York\u2019a nas\u0131l ta\u015f\u0131nd\u0131? Amerikan Soyut D\u0131\u015favurumculu\u011fu\u2019nun, \u0130kinci D\u00fcnya Sava\u015f\u0131\u2019ndan sonra kazand\u0131\u011f\u0131 b\u00fcy\u00fck ba\u015far\u0131n\u0131n ard\u0131nda yaln\u0131zca sanatsal nedenler mi vard\u0131? Sava\u015f \u00f6ncesinde sanat\u0131 ve sanat\u00e7\u0131y\u0131 desteklemek i\u00e7in Federal Sanat Projesi\u2019ni y\u00fcr\u00fcrl\u00fc\u011fe sokan Amerikan h\u00fck\u00fcmetinin So\u011fuk Sava\u015f d\u00f6neminde izledi\u011fi tutum bilin\u00e7li bir sanat politikas\u0131 m\u0131yd\u0131? \u2018\u00d6zg\u00fcrl\u00fckler \u00fclkesi\u2019 liberal Amerika, soyut sanat\u0131 bilin\u00e7li olarak m\u0131 destekledi? \ufffcTan\u0131t\u0131m Metni<\/p>\n","protected":false},"excerpt":{"rendered":"<p>D\u00fcnya sanat\u0131n\u0131n merkezi Paris\u2019ten New York\u2019a nas\u0131l ta\u015f\u0131nd\u0131? Amerikan Soyut D\u0131\u015favurumculu\u011fu\u2019nun, \u0130kinci D\u00fcnya Sava\u015f\u0131\u2019ndan sonra kazand\u0131\u011f\u0131 b\u00fcy\u00fck ba\u015far\u0131n\u0131n ard\u0131nda yaln\u0131zca sanatsal nedenler mi vard\u0131? Sava\u015f \u00f6ncesinde<span class=\"excerpt-hellip\"> [\u2026]<\/span><\/p>\n","protected":false},"featured_media":0,"template":"","meta":{"_monsterinsights_skip_tracking":false,"_monsterinsights_sitenote_active":false,"_monsterinsights_sitenote_note":"","_monsterinsights_sitenote_category":0},"product_brand":[],"product_cat":[12408,14197],"product_tag":[],"class_list":{"0":"post-692830","1":"product","2":"type-product","3":"status-publish","5":"product_cat-sanat","6":"product_cat-sanat-tarihi","7":"pa_cilt-ciltsiz","8":"pa_tur-kitap","9":"pa_yayinevi-sel-yayincilik","10":"pa_yazar-serge-guilbaut","12":"first","13":"instock","14":"sale","15":"shipping-taxable","16":"purchasable","17":"product-type-simple"},"_links":{"self":[{"href":"https:\/\/roveyayinevi.com.tr\/index.php\/wp-json\/wp\/v2\/product\/692830","targetHints":{"allow":["GET"]}}],"collection":[{"href":"https:\/\/roveyayinevi.com.tr\/index.php\/wp-json\/wp\/v2\/product"}],"about":[{"href":"https:\/\/roveyayinevi.com.tr\/index.php\/wp-json\/wp\/v2\/types\/product"}],"wp:attachment":[{"href":"https:\/\/roveyayinevi.com.tr\/index.php\/wp-json\/wp\/v2\/media?parent=692830"}],"wp:term":[{"taxonomy":"product_brand","embeddable":true,"href":"https:\/\/roveyayinevi.com.tr\/index.php\/wp-json\/wp\/v2\/product_brand?post=692830"},{"taxonomy":"product_cat","embeddable":true,"href":"https:\/\/roveyayinevi.com.tr\/index.php\/wp-json\/wp\/v2\/product_cat?post=692830"},{"taxonomy":"product_tag","embeddable":true,"href":"https:\/\/roveyayinevi.com.tr\/index.php\/wp-json\/wp\/v2\/product_tag?post=692830"}],"curies":[{"name":"wp","href":"https:\/\/api.w.org\/{rel}","templated":true}]}}