{"id":692813,"date":"2025-08-27T14:09:12","date_gmt":"2025-08-27T11:09:12","guid":{"rendered":"https:\/\/roveyayinevi.com.tr\/index.php\/urun\/devlet-ve-planlama\/"},"modified":"2026-04-16T02:02:40","modified_gmt":"2026-04-15T23:02:40","slug":"devlet-ve-planlama","status":"publish","type":"product","link":"https:\/\/roveyayinevi.com.tr\/index.php\/urun\/devlet-ve-planlama\/","title":{"rendered":"Devlet ve Planlama"},"content":{"rendered":"<p>2000\u2019li y\u0131llar T\u00fcrk kamu y\u00f6netiminde yeniden yap\u0131lanman\u0131n ve planlaman\u0131n yo\u011fun bir \u015fekilde tart\u0131\u015f\u0131ld\u0131\u011f\u0131 ve ya\u015fand\u0131\u011f\u0131 bir d\u00f6nemi temsil etmektedir. T\u00fcrk kamu y\u00f6netimi hem yap\u0131sal hem de i\u015flevsel a\u00e7\u0131dan b\u00fcy\u00fck bir de\u011fi\u015fim s\u00fcreci i\u00e7erisinde yer almakta ve merkezi y\u00f6netimden yerel y\u00f6netimlere kadar hemen hemen her alan reforma tabi tutulmaktad\u0131r. Kamu y\u00f6netiminde her bir birimin ge\u00e7irdi\u011fi bu de\u011fi\u015fim ve d\u00f6n\u00fc\u015f\u00fcm s\u00fcreci asl\u0131nda bir b\u00fct\u00fcn olarak devletin de\u011fi\u015fmesi anlam\u0131na gelmektedir. G\u00fcn\u00fcm\u00fczde devlet ekonomik ve toplumsal ya\u015fam\u0131 bir ba\u015fka bi\u00e7imde y\u00f6netmektedir. Elinizdeki kitab\u0131n temel konusu da devletin de\u011fi\u015fen bu yeni y\u00f6netim bi\u00e7imine ili\u015fkindir. B\u00fcrokratik devletin art\u0131k sonunun geldi\u011fi iddia edilmekte ve y\u00f6neti\u015fimci devlet olarak \u00f6rg\u00fctlenme ve i\u015fleyi\u015f d\u00fczeni bak\u0131m\u0131ndan bamba\u015fka bir devlet ortaya \u00e7\u0131kmaktad\u0131r. Devletin y\u00f6netim bi\u00e7iminin de\u011fi\u015fmesi do\u011fal olarak onun kamu y\u00f6netimini planlama y\u00f6nteminin de de\u011fi\u015fmesine neden olmakta ve kamu y\u00f6netimi, stratejik planlama olarak adland\u0131r\u0131lan yeni bir anlay\u0131\u015f ile tan\u0131\u015fmaktad\u0131r. Stratejik planlama, bir\u00e7ok \u00e7al\u0131\u015fmada sadece kurumsal temelde i\u015fleyen ve bir \u00f6rg\u00fct\u00fcn kendisini gelece\u011fe g\u00f6re haz\u0131rlamas\u0131n\u0131 ama\u00e7layan bir yakla\u015f\u0131m olarak ele al\u0131nmaktad\u0131r. Oysa bu \u00e7al\u0131\u015fma, stratejik planlaman\u0131n hem ulusal (makro) hem de kurumsal (mikro) d\u00fczlemde birtak\u0131m \u00f6zellikler sergiledi\u011fini ve bu planlama anlay\u0131\u015f\u0131n\u0131n ama\u00e7, karar, \u00f6rg\u00fctlenme ve i\u015fleyi\u015f d\u00fczeni bak\u0131m\u0131ndan devletin de\u011fi\u015fen niteli\u011fini yans\u0131tt\u0131\u011f\u0131n\u0131 savunmaktad\u0131r. Bu ba\u011flamda planlama anlay\u0131\u015f\u0131ndaki de\u011fi\u015fim, sadece basit bir tekniksel tercihi yans\u0131tmamakta; asl\u0131nda nas\u0131l bir kamu y\u00f6netimi yarat\u0131lmak istendi\u011fini g\u00f6zler \u00f6n\u00fcne sermektedir. <\/p>\n","protected":false},"excerpt":{"rendered":"<p>2000\u2019li y\u0131llar T\u00fcrk kamu y\u00f6netiminde yeniden yap\u0131lanman\u0131n ve planlaman\u0131n yo\u011fun bir \u015fekilde tart\u0131\u015f\u0131ld\u0131\u011f\u0131 ve ya\u015fand\u0131\u011f\u0131 bir d\u00f6nemi temsil etmektedir. T\u00fcrk kamu y\u00f6netimi hem yap\u0131sal hem de<span class=\"excerpt-hellip\"> [\u2026]<\/span><\/p>\n","protected":false},"featured_media":0,"template":"","meta":{"_monsterinsights_skip_tracking":false,"_monsterinsights_sitenote_active":false,"_monsterinsights_sitenote_note":"","_monsterinsights_sitenote_category":0},"product_brand":[],"product_cat":[12573,12566],"product_tag":[],"class_list":{"0":"post-692813","1":"product","2":"type-product","3":"status-publish","5":"product_cat-akademik-kitaplar","6":"product_cat-egitim","7":"pa_tur-kitap","8":"pa_yayinevi-siyasal-kitabevi-akademik-kitaplar","9":"pa_yazar-baris-ovgun","11":"first","12":"instock","13":"sale","14":"shipping-taxable","15":"purchasable","16":"product-type-simple"},"_links":{"self":[{"href":"https:\/\/roveyayinevi.com.tr\/index.php\/wp-json\/wp\/v2\/product\/692813","targetHints":{"allow":["GET"]}}],"collection":[{"href":"https:\/\/roveyayinevi.com.tr\/index.php\/wp-json\/wp\/v2\/product"}],"about":[{"href":"https:\/\/roveyayinevi.com.tr\/index.php\/wp-json\/wp\/v2\/types\/product"}],"wp:attachment":[{"href":"https:\/\/roveyayinevi.com.tr\/index.php\/wp-json\/wp\/v2\/media?parent=692813"}],"wp:term":[{"taxonomy":"product_brand","embeddable":true,"href":"https:\/\/roveyayinevi.com.tr\/index.php\/wp-json\/wp\/v2\/product_brand?post=692813"},{"taxonomy":"product_cat","embeddable":true,"href":"https:\/\/roveyayinevi.com.tr\/index.php\/wp-json\/wp\/v2\/product_cat?post=692813"},{"taxonomy":"product_tag","embeddable":true,"href":"https:\/\/roveyayinevi.com.tr\/index.php\/wp-json\/wp\/v2\/product_tag?post=692813"}],"curies":[{"name":"wp","href":"https:\/\/api.w.org\/{rel}","templated":true}]}}