{"id":692810,"date":"2025-08-27T14:09:12","date_gmt":"2025-08-27T11:09:12","guid":{"rendered":"https:\/\/roveyayinevi.com.tr\/index.php\/urun\/cumhuriyet-doneminde-sansur-1923-1973\/"},"modified":"2026-04-16T02:02:40","modified_gmt":"2026-04-15T23:02:40","slug":"cumhuriyet-doneminde-sansur-1923-1973","status":"publish","type":"product","link":"https:\/\/roveyayinevi.com.tr\/index.php\/urun\/cumhuriyet-doneminde-sansur-1923-1973\/","title":{"rendered":"Cumhuriyet D\u00f6neminde Sans\u00fcr (1923-1973)"},"content":{"rendered":"<p>Yasama, y\u00fcr\u00fctme ve yarg\u0131dan sonra d\u00f6rd\u00fcnc\u00fc kuvvet olarak ortaya \u00e7\u0131kan bas\u0131n\u0131n i\u00e7inde bulundu\u011fu toplumun sorunlar\u0131n\u0131 dile getirme ve y\u00f6netime kar\u015f\u0131 getirdi\u011fi ele\u015ftirel tav\u0131r sonras\u0131nda, siyasal iktidarlar taraf\u0131ndan d\u00fczenlemeye tabi tutuldu\u011fu ve kontrol alt\u0131na al\u0131nd\u0131\u011f\u0131 g\u00f6r\u00fclm\u00fc\u015ft\u00fcr. Bas\u0131na getirilen s\u0131k\u0131 denetim ve yasaklamalar Atat\u00fcrk, \u0130n\u00f6n\u00fc, Menderes d\u00f6nemi ve sonras\u0131nda benzer baz\u0131 \u00f6zellikler g\u00f6stermekte, bunun yan\u0131nda baz\u0131 konulara ili\u015fkin i\u00e7 ve d\u0131\u015f dinamiklere ba\u011fl\u0131 olarak yasaklama konular\u0131nda artma ve azalma g\u00f6zlenmektedir. \u0130ncelenen s\u00fcre\u00e7te bu farkl\u0131l\u0131klar d\u0131\u015f\u0131nda yasaklanan kararlar\u0131n i\u00e7eri\u011fine ili\u015fkin g\u00fcn\u00fcm\u00fczde yap\u0131lacak de\u011ferlendirmelerin \u00e7ok daha farkl\u0131 olaca\u011f\u0131 g\u00f6r\u00fclmektedir. Di\u011fer yandan incelenen b\u00fct\u00fcn d\u00f6nemlerde Bakanlar Kurulu karar\u0131 ile yasaklamaya neden olan konu i\u00e7eriklerinden baz\u0131lar\u0131na ili\u015fkin bug\u00fcn de hassasiyetin devam etti\u011fi anla\u015f\u0131lmaktad\u0131r. Bu \u00e7al\u0131\u015fma siyasal iktidarlar\u0131n bas\u0131nda yer alan baz\u0131 konulara ili\u015fkin \u00fclke ko\u015fullar\u0131 ve i\u00e7inde ya\u015fan\u0131lan d\u00fcnya ba\u011flam\u0131nda tak\u0131nd\u0131\u011f\u0131 tavra ili\u015fkindir. <\/p>\n","protected":false},"excerpt":{"rendered":"<p>Yasama, y\u00fcr\u00fctme ve yarg\u0131dan sonra d\u00f6rd\u00fcnc\u00fc kuvvet olarak ortaya \u00e7\u0131kan bas\u0131n\u0131n i\u00e7inde bulundu\u011fu toplumun sorunlar\u0131n\u0131 dile getirme ve y\u00f6netime kar\u015f\u0131 getirdi\u011fi ele\u015ftirel tav\u0131r sonras\u0131nda, siyasal iktidarlar<span class=\"excerpt-hellip\"> [\u2026]<\/span><\/p>\n","protected":false},"featured_media":0,"template":"","meta":{"_monsterinsights_skip_tracking":false,"_monsterinsights_sitenote_active":false,"_monsterinsights_sitenote_note":"","_monsterinsights_sitenote_category":0},"product_brand":[],"product_cat":[12835,12324],"product_tag":[],"class_list":{"0":"post-692810","1":"product","2":"type-product","3":"status-publish","5":"product_cat-genel-sosyoloji","6":"product_cat-sosyoloji","7":"pa_tur-kitap","8":"pa_yayinevi-siyasal-kitabevi","9":"pa_yazar-mustafa-yilmaz","11":"first","12":"instock","13":"sale","14":"shipping-taxable","15":"purchasable","16":"product-type-simple"},"_links":{"self":[{"href":"https:\/\/roveyayinevi.com.tr\/index.php\/wp-json\/wp\/v2\/product\/692810","targetHints":{"allow":["GET"]}}],"collection":[{"href":"https:\/\/roveyayinevi.com.tr\/index.php\/wp-json\/wp\/v2\/product"}],"about":[{"href":"https:\/\/roveyayinevi.com.tr\/index.php\/wp-json\/wp\/v2\/types\/product"}],"wp:attachment":[{"href":"https:\/\/roveyayinevi.com.tr\/index.php\/wp-json\/wp\/v2\/media?parent=692810"}],"wp:term":[{"taxonomy":"product_brand","embeddable":true,"href":"https:\/\/roveyayinevi.com.tr\/index.php\/wp-json\/wp\/v2\/product_brand?post=692810"},{"taxonomy":"product_cat","embeddable":true,"href":"https:\/\/roveyayinevi.com.tr\/index.php\/wp-json\/wp\/v2\/product_cat?post=692810"},{"taxonomy":"product_tag","embeddable":true,"href":"https:\/\/roveyayinevi.com.tr\/index.php\/wp-json\/wp\/v2\/product_tag?post=692810"}],"curies":[{"name":"wp","href":"https:\/\/api.w.org\/{rel}","templated":true}]}}