{"id":692807,"date":"2025-08-27T14:09:11","date_gmt":"2025-08-27T11:09:11","guid":{"rendered":"https:\/\/roveyayinevi.com.tr\/index.php\/urun\/yozgat-var-yozgatli-yok\/"},"modified":"2026-04-16T02:02:40","modified_gmt":"2026-04-15T23:02:40","slug":"yozgat-var-yozgatli-yok","status":"publish","type":"product","link":"https:\/\/roveyayinevi.com.tr\/index.php\/urun\/yozgat-var-yozgatli-yok\/","title":{"rendered":"Yozgat Var Yozgatl\u0131 Yok"},"content":{"rendered":"<p>Yozgat Var Yozgatl\u0131 Yok ta Abbas Sayar 1930\u2019lardan 1980\u2019lere uzanan takriben yar\u0131m y\u00fczy\u0131ll\u0131k bir zaman dilimi i\u00e7erisinde Yozgatl\u0131\u2019n\u0131n ser\u00fcvenini olaylar\u0131n ayd\u0131nl\u0131\u011f\u0131nda ak\u0131c\u0131 bir dille g\u00f6zler \u00f6n\u00fcne sermektedir. Sayar, bu eseri ile sadece Yozgat\u2019\u0131n Cumhuriyetli y\u0131llar\u0131na ait tarihine m\u00fctevazi \u0131\u015f\u0131klar yollamakla kalm\u0131yor, Yozgatl\u0131y\u0131 da ele\u015ftirel bir bak\u0131\u015f a\u00e7\u0131s\u0131yla sorguluyor. \ufffcTan\u0131t\u0131m Metni<\/p>\n","protected":false},"excerpt":{"rendered":"<p>Yozgat Var Yozgatl\u0131 Yok ta Abbas Sayar 1930\u2019lardan 1980\u2019lere uzanan takriben yar\u0131m y\u00fczy\u0131ll\u0131k bir zaman dilimi i\u00e7erisinde Yozgatl\u0131\u2019n\u0131n ser\u00fcvenini olaylar\u0131n ayd\u0131nl\u0131\u011f\u0131nda ak\u0131c\u0131 bir dille g\u00f6zler \u00f6n\u00fcne<span class=\"excerpt-hellip\"> [\u2026]<\/span><\/p>\n","protected":false},"featured_media":0,"template":"","meta":{"_monsterinsights_skip_tracking":false,"_monsterinsights_sitenote_active":false,"_monsterinsights_sitenote_note":"","_monsterinsights_sitenote_category":0},"product_brand":[],"product_cat":[12312,12304],"product_tag":[],"class_list":{"0":"post-692807","1":"product","2":"type-product","3":"status-publish","5":"product_cat-diger","6":"product_cat-tarih","7":"pa_cilt-ciltsiz","8":"pa_tur-kitap","9":"pa_yayinevi-otuken-nesriyat","10":"pa_yazar-abbas-sayar","12":"first","13":"instock","14":"sale","15":"shipping-taxable","16":"purchasable","17":"product-type-simple"},"_links":{"self":[{"href":"https:\/\/roveyayinevi.com.tr\/index.php\/wp-json\/wp\/v2\/product\/692807","targetHints":{"allow":["GET"]}}],"collection":[{"href":"https:\/\/roveyayinevi.com.tr\/index.php\/wp-json\/wp\/v2\/product"}],"about":[{"href":"https:\/\/roveyayinevi.com.tr\/index.php\/wp-json\/wp\/v2\/types\/product"}],"wp:attachment":[{"href":"https:\/\/roveyayinevi.com.tr\/index.php\/wp-json\/wp\/v2\/media?parent=692807"}],"wp:term":[{"taxonomy":"product_brand","embeddable":true,"href":"https:\/\/roveyayinevi.com.tr\/index.php\/wp-json\/wp\/v2\/product_brand?post=692807"},{"taxonomy":"product_cat","embeddable":true,"href":"https:\/\/roveyayinevi.com.tr\/index.php\/wp-json\/wp\/v2\/product_cat?post=692807"},{"taxonomy":"product_tag","embeddable":true,"href":"https:\/\/roveyayinevi.com.tr\/index.php\/wp-json\/wp\/v2\/product_tag?post=692807"}],"curies":[{"name":"wp","href":"https:\/\/api.w.org\/{rel}","templated":true}]}}