{"id":692802,"date":"2025-08-27T14:09:10","date_gmt":"2025-08-27T11:09:10","guid":{"rendered":"https:\/\/roveyayinevi.com.tr\/index.php\/urun\/yasanan-mimari\/"},"modified":"2026-04-16T02:02:40","modified_gmt":"2026-04-15T23:02:40","slug":"yasanan-mimari","status":"publish","type":"product","link":"https:\/\/roveyayinevi.com.tr\/index.php\/urun\/yasanan-mimari\/","title":{"rendered":"Ya\u015fanan Mimari"},"content":{"rendered":"<p>Yasanan Mimari T\u00fcm sanata ilgi duyanlar ve mimarlar i\u00e7in ilgili temel kavramlari ve bakis a\u00e7ilarini ele alan bir kilavuz&#8230; Yasanan Mimari adli bu kitap y\u00fczyillar boyunca ger\u00e7eklestirilmis mimari \u00e7alismalari her okurun kolayca anlayabilecegi bir dille anlatiyor; mimari tasarimlari \u00e7ay fincanlarindan Palladio`nun villalari ve Pekin`deki Kis Sarayi`na kadar uzanan genis bir yelpaze i\u00e7inde inceliyor. Yasanan Mimari mimari ve tasarim konularina ilgi duyan genel okur i\u00e7in temel bir basvuru ve k\u00fclt\u00fcr kaynagi olusturacak, bu alanlarda profesyonel olarak \u00e7alisanlar i\u00e7in de taze bir bakis a\u00e7isi getirecektir. Farkli tasarimiyla dikkat \u00e7eken g\u00f6zden ge\u00e7irilmis yeni basim&#8230; <\/p>\n","protected":false},"excerpt":{"rendered":"<p>Yasanan Mimari T\u00fcm sanata ilgi duyanlar ve mimarlar i\u00e7in ilgili temel kavramlari ve bakis a\u00e7ilarini ele alan bir kilavuz&#8230; Yasanan Mimari adli bu kitap y\u00fczyillar boyunca<span class=\"excerpt-hellip\"> [\u2026]<\/span><\/p>\n","protected":false},"featured_media":0,"template":"","meta":{"_monsterinsights_skip_tracking":false,"_monsterinsights_sitenote_active":false,"_monsterinsights_sitenote_note":"","_monsterinsights_sitenote_category":0},"product_brand":[],"product_cat":[13512,12408],"product_tag":[],"class_list":{"0":"post-692802","1":"product","2":"type-product","3":"status-publish","5":"product_cat-mimarlik","6":"product_cat-sanat","7":"pa_cilt-ciltsiz","8":"pa_tur-kitap","9":"pa_yayinevi-remzi-kitabevi","10":"pa_yazar-steen-eiler-rasmussen","12":"first","13":"instock","14":"sale","15":"shipping-taxable","16":"purchasable","17":"product-type-simple"},"_links":{"self":[{"href":"https:\/\/roveyayinevi.com.tr\/index.php\/wp-json\/wp\/v2\/product\/692802","targetHints":{"allow":["GET"]}}],"collection":[{"href":"https:\/\/roveyayinevi.com.tr\/index.php\/wp-json\/wp\/v2\/product"}],"about":[{"href":"https:\/\/roveyayinevi.com.tr\/index.php\/wp-json\/wp\/v2\/types\/product"}],"wp:attachment":[{"href":"https:\/\/roveyayinevi.com.tr\/index.php\/wp-json\/wp\/v2\/media?parent=692802"}],"wp:term":[{"taxonomy":"product_brand","embeddable":true,"href":"https:\/\/roveyayinevi.com.tr\/index.php\/wp-json\/wp\/v2\/product_brand?post=692802"},{"taxonomy":"product_cat","embeddable":true,"href":"https:\/\/roveyayinevi.com.tr\/index.php\/wp-json\/wp\/v2\/product_cat?post=692802"},{"taxonomy":"product_tag","embeddable":true,"href":"https:\/\/roveyayinevi.com.tr\/index.php\/wp-json\/wp\/v2\/product_tag?post=692802"}],"curies":[{"name":"wp","href":"https:\/\/api.w.org\/{rel}","templated":true}]}}