{"id":692801,"date":"2025-08-27T14:09:10","date_gmt":"2025-08-27T11:09:10","guid":{"rendered":"https:\/\/roveyayinevi.com.tr\/index.php\/urun\/yasamin-anlami\/"},"modified":"2026-04-16T02:02:40","modified_gmt":"2026-04-15T23:02:40","slug":"yasamin-anlami","status":"publish","type":"product","link":"https:\/\/roveyayinevi.com.tr\/index.php\/urun\/yasamin-anlami\/","title":{"rendered":"Ya\u015fam\u0131n Anlam\u0131"},"content":{"rendered":"<p>Hayat\u0131n gizemli dehlizlerine yolculuk, yeni bas\u0131mda&#8230;Emre Kongar ya\u015fam\u0131n derin anlam\u0131n\u0131 sorgularken, mizah\u00ee bir \u00fcslupla, sadece an\u0131lar\u0131n\u0131n de\u011fil, edebiyat ve felsefenin de derinliklerinde geziniyor. Okurlar\u0131n\u0131 \u201cIhlamur kokan ilk \u00f6p\u00fcc\u00fck\u201dten, 12 Eyl\u00fcl darbesi d\u00f6nemindeki \u201cSakal e\u015fimin egemenlik alan\u0131d\u0131r, devletin de\u011fil\u201d isyan\u0131na kadar ilgin\u00e7 \u00e7\u00f6z\u00fcmlemelerle dolu bir yolculu\u011fa \u00e7\u0131kar\u0131yor. Yo\u011fun bir mizah duygusu olan Emre Kongar, anlatt\u0131\u011f\u0131 olaylara katt\u0131\u011f\u0131 duyarl\u0131\u011f\u0131 mizahla dengeliyor. Sennur SEZER Emre Kongar Ya\u015fam\u0131n Anlam\u0131 adl\u0131 kitab\u0131nda duru bir dille ge\u00e7mi\u015fini ve d\u00fc\u015f\u00fcncelerini anlat\u0131rken s\u0131k s\u0131k yakal\u0131yor \u015fiiri. Refik ERDURAN Kongar\u2019\u0131n kendi kendine konu\u015furcas\u0131na yazd\u0131\u011f\u0131 Ya\u015fam\u0131n Anlam\u0131, ayd\u0131n bir hocan\u0131n i\u00e7 hesapla\u015fmas\u0131 gibi\u2026 Yal\u00e7\u0131n PEK\u015eEN Kongar\u2019\u0131n ya\u015fam\u0131ndan kesitler de, onun d\u00fc\u015f\u00fcncelerinin nas\u0131l olu\u015ftu\u011funu, nice a\u015famalardan ge\u00e7ti\u011fini sergiliyor bu kitab\u0131nda. Do\u011fan HIZLAN<\/p>\n","protected":false},"excerpt":{"rendered":"<p>Hayat\u0131n gizemli dehlizlerine yolculuk, yeni bas\u0131mda&#8230;Emre Kongar ya\u015fam\u0131n derin anlam\u0131n\u0131 sorgularken, mizah\u00ee bir \u00fcslupla, sadece an\u0131lar\u0131n\u0131n de\u011fil, edebiyat ve felsefenin de derinliklerinde geziniyor. Okurlar\u0131n\u0131 \u201cIhlamur kokan<span class=\"excerpt-hellip\"> [\u2026]<\/span><\/p>\n","protected":false},"featured_media":0,"template":"","meta":{"_monsterinsights_skip_tracking":false,"_monsterinsights_sitenote_active":false,"_monsterinsights_sitenote_note":"","_monsterinsights_sitenote_category":0},"product_brand":[],"product_cat":[12777,12291],"product_tag":[],"class_list":{"0":"post-692801","1":"product","2":"type-product","3":"status-publish","5":"product_cat-deneme","6":"product_cat-edebiyat","7":"pa_cilt-ciltsiz","8":"pa_tur-kitap","9":"pa_yayinevi-remzi-kitabevi","10":"pa_yazar-emre-kongar","12":"first","13":"instock","14":"sale","15":"shipping-taxable","16":"purchasable","17":"product-type-simple"},"_links":{"self":[{"href":"https:\/\/roveyayinevi.com.tr\/index.php\/wp-json\/wp\/v2\/product\/692801","targetHints":{"allow":["GET"]}}],"collection":[{"href":"https:\/\/roveyayinevi.com.tr\/index.php\/wp-json\/wp\/v2\/product"}],"about":[{"href":"https:\/\/roveyayinevi.com.tr\/index.php\/wp-json\/wp\/v2\/types\/product"}],"wp:attachment":[{"href":"https:\/\/roveyayinevi.com.tr\/index.php\/wp-json\/wp\/v2\/media?parent=692801"}],"wp:term":[{"taxonomy":"product_brand","embeddable":true,"href":"https:\/\/roveyayinevi.com.tr\/index.php\/wp-json\/wp\/v2\/product_brand?post=692801"},{"taxonomy":"product_cat","embeddable":true,"href":"https:\/\/roveyayinevi.com.tr\/index.php\/wp-json\/wp\/v2\/product_cat?post=692801"},{"taxonomy":"product_tag","embeddable":true,"href":"https:\/\/roveyayinevi.com.tr\/index.php\/wp-json\/wp\/v2\/product_tag?post=692801"}],"curies":[{"name":"wp","href":"https:\/\/api.w.org\/{rel}","templated":true}]}}