{"id":692798,"date":"2025-08-27T14:09:09","date_gmt":"2025-08-27T11:09:09","guid":{"rendered":"https:\/\/roveyayinevi.com.tr\/index.php\/urun\/turk-sanati\/"},"modified":"2026-04-16T02:02:40","modified_gmt":"2026-04-15T23:02:40","slug":"turk-sanati","status":"publish","type":"product","link":"https:\/\/roveyayinevi.com.tr\/index.php\/urun\/turk-sanati\/","title":{"rendered":"T\u00fcrk Sanat\u0131"},"content":{"rendered":"<p>B\u00fct\u00fcn T\u00fcrk sanat\u0131 ve mimarisini i\u00e7ine alan bu kitap, ayn\u0131 zamanda son y\u0131llarda \u0131ran, Afganistan, T\u00fcrkistan (Sovyet Orta Asya ve di\u011fer Sovyet cumhuriyetleri i\u00e7in \u00c7in T\u00fcrkistan\u0131) ve Anadolu\u00b4da yap\u0131lan kaz\u0131 ve ara\u015ft\u0131rmalar\u0131n sonu\u00e7lar\u0131n\u0131 bir araya getirmektedir. Kitab\u0131n b\u00fcy\u00fck k\u0131sm\u0131 mimariye ayr\u0131lm\u0131\u015f olup, cami, medrese, t\u00fcrbe, hamam, kale, kervansaray, saray ve \u00e7e\u015fmeler, ta\u015f ve al\u00e7\u0131 kabartmalar gibi konular yan\u0131nda, \u00e7ini ve keramik, maden i\u015fleri, cam i\u015fleri, hal\u0131, kuma\u015f, minyat\u00fcr ve hat sanat\u0131 ile \u00e7e\u015fili k\u00fc\u00e7\u00fck sanatlara da ayr\u0131ca yer verilmi\u015ftir. islaml\u0131k \u00f6ncesinden ba\u015flayarak, az tan\u0131nan ilk devirler ele al\u0131nmakla birlikte, as\u0131l a\u011f\u0131rl\u0131k b\u00fcy\u00fck Sel\u00e7uklu ve Anadolu Sel\u00e7uklular\u0131 ile Osmanl\u0131 sanat\u0131na verilmi\u015ftir. Renkli, siyah beyaz resimlerle, planlar, \u00e7izimler de ayr\u0131ca kitab\u0131 zenginle\u015ftirmektedir.<\/p>\n","protected":false},"excerpt":{"rendered":"<p>B\u00fct\u00fcn T\u00fcrk sanat\u0131 ve mimarisini i\u00e7ine alan bu kitap, ayn\u0131 zamanda son y\u0131llarda \u0131ran, Afganistan, T\u00fcrkistan (Sovyet Orta Asya ve di\u011fer Sovyet cumhuriyetleri i\u00e7in \u00c7in T\u00fcrkistan\u0131)<span class=\"excerpt-hellip\"> [\u2026]<\/span><\/p>\n","protected":false},"featured_media":0,"template":"","meta":{"_monsterinsights_skip_tracking":false,"_monsterinsights_sitenote_active":false,"_monsterinsights_sitenote_note":"","_monsterinsights_sitenote_category":0},"product_brand":[],"product_cat":[16169,12408],"product_tag":[],"class_list":{"0":"post-692798","1":"product","2":"type-product","3":"status-publish","5":"product_cat-geleneksel-sanatlar","6":"product_cat-sanat","7":"pa_cilt-ciltsiz","8":"pa_tur-kitap","9":"pa_yayinevi-remzi-kitabevi","10":"pa_yazar-oktay-aslanapa","12":"first","13":"instock","14":"sale","15":"shipping-taxable","16":"purchasable","17":"product-type-simple"},"_links":{"self":[{"href":"https:\/\/roveyayinevi.com.tr\/index.php\/wp-json\/wp\/v2\/product\/692798","targetHints":{"allow":["GET"]}}],"collection":[{"href":"https:\/\/roveyayinevi.com.tr\/index.php\/wp-json\/wp\/v2\/product"}],"about":[{"href":"https:\/\/roveyayinevi.com.tr\/index.php\/wp-json\/wp\/v2\/types\/product"}],"wp:attachment":[{"href":"https:\/\/roveyayinevi.com.tr\/index.php\/wp-json\/wp\/v2\/media?parent=692798"}],"wp:term":[{"taxonomy":"product_brand","embeddable":true,"href":"https:\/\/roveyayinevi.com.tr\/index.php\/wp-json\/wp\/v2\/product_brand?post=692798"},{"taxonomy":"product_cat","embeddable":true,"href":"https:\/\/roveyayinevi.com.tr\/index.php\/wp-json\/wp\/v2\/product_cat?post=692798"},{"taxonomy":"product_tag","embeddable":true,"href":"https:\/\/roveyayinevi.com.tr\/index.php\/wp-json\/wp\/v2\/product_tag?post=692798"}],"curies":[{"name":"wp","href":"https:\/\/api.w.org\/{rel}","templated":true}]}}