{"id":692785,"date":"2025-08-27T14:09:07","date_gmt":"2025-08-27T11:09:07","guid":{"rendered":"https:\/\/roveyayinevi.com.tr\/index.php\/urun\/20-yuzyilin-en-buyuk-lideri-mustafa-kemal\/"},"modified":"2026-04-16T02:02:40","modified_gmt":"2026-04-15T23:02:40","slug":"20-yuzyilin-en-buyuk-lideri-mustafa-kemal","status":"publish","type":"product","link":"https:\/\/roveyayinevi.com.tr\/index.php\/urun\/20-yuzyilin-en-buyuk-lideri-mustafa-kemal\/","title":{"rendered":"20. Y\u00fczy\u0131l\u0131n En B\u00fcy\u00fck Lideri: Mustafa Kemal"},"content":{"rendered":"<p>Mustafa Kemal, her \u015feyden \u00f6nce yorulmaz bir sava\u015f\u00e7\u0131d\u0131r; i\u015fine sertlikle, eserine g\u00f6n\u00fclden ba\u011flanm\u0131\u015ft\u0131r. \u00c7ok hareketli, sab\u0131rl\u0131, dostluklar\u0131na sad\u0131k fakat onlar\u0131n egemenli\u011fi alt\u0131na girmeyen bir miza\u00e7. <\/p>\n","protected":false},"excerpt":{"rendered":"<p>Mustafa Kemal, her \u015feyden \u00f6nce yorulmaz bir sava\u015f\u00e7\u0131d\u0131r; i\u015fine sertlikle, eserine g\u00f6n\u00fclden ba\u011flanm\u0131\u015ft\u0131r. \u00c7ok hareketli, sab\u0131rl\u0131, dostluklar\u0131na sad\u0131k fakat onlar\u0131n egemenli\u011fi alt\u0131na girmeyen bir miza\u00e7.<\/p>\n","protected":false},"featured_media":0,"template":"","meta":{"_monsterinsights_skip_tracking":false,"_monsterinsights_sitenote_active":false,"_monsterinsights_sitenote_note":"","_monsterinsights_sitenote_category":0},"product_brand":[],"product_cat":[12530,12304],"product_tag":[],"class_list":{"0":"post-692785","1":"product","2":"type-product","3":"status-publish","5":"product_cat-mustafa-kemal-ataturk","6":"product_cat-tarih","7":"pa_cilt-ciltsiz","8":"pa_tur-kitap","9":"pa_yayinevi-remzi-kitabevi","10":"pa_yazar-ilker-basbug","12":"first","13":"instock","14":"sale","15":"shipping-taxable","16":"purchasable","17":"product-type-simple"},"_links":{"self":[{"href":"https:\/\/roveyayinevi.com.tr\/index.php\/wp-json\/wp\/v2\/product\/692785","targetHints":{"allow":["GET"]}}],"collection":[{"href":"https:\/\/roveyayinevi.com.tr\/index.php\/wp-json\/wp\/v2\/product"}],"about":[{"href":"https:\/\/roveyayinevi.com.tr\/index.php\/wp-json\/wp\/v2\/types\/product"}],"wp:attachment":[{"href":"https:\/\/roveyayinevi.com.tr\/index.php\/wp-json\/wp\/v2\/media?parent=692785"}],"wp:term":[{"taxonomy":"product_brand","embeddable":true,"href":"https:\/\/roveyayinevi.com.tr\/index.php\/wp-json\/wp\/v2\/product_brand?post=692785"},{"taxonomy":"product_cat","embeddable":true,"href":"https:\/\/roveyayinevi.com.tr\/index.php\/wp-json\/wp\/v2\/product_cat?post=692785"},{"taxonomy":"product_tag","embeddable":true,"href":"https:\/\/roveyayinevi.com.tr\/index.php\/wp-json\/wp\/v2\/product_tag?post=692785"}],"curies":[{"name":"wp","href":"https:\/\/api.w.org\/{rel}","templated":true}]}}