{"id":692783,"date":"2025-08-27T14:09:06","date_gmt":"2025-08-27T11:09:06","guid":{"rendered":"https:\/\/roveyayinevi.com.tr\/index.php\/urun\/algilama-yonetimi\/"},"modified":"2026-04-16T02:02:40","modified_gmt":"2026-04-15T23:02:40","slug":"algilama-yonetimi","status":"publish","type":"product","link":"https:\/\/roveyayinevi.com.tr\/index.php\/urun\/algilama-yonetimi\/","title":{"rendered":"Alg\u0131lama Y\u00f6netimi"},"content":{"rendered":"<p>Karma\u015f\u0131k toplumsal tutumlar\u0131n sergilendi\u011fi T\u00fcrkiye gibi inan\u0131lmaz dinamik bir \u00fclkenin insan\u0131 kar\u015f\u0131s\u0131nda yal\u0131nl\u0131k nas\u0131l yakalanabilir? \u00d6yle bir yal\u0131nl\u0131k ki \u00fcretim, ili\u015fki bi\u00e7imleri, anlama, kavrama kapasiteleri, k\u00fclt\u00fcrel yap\u0131 ta\u015flar\u0131 birbirlerinden tamamen farkl\u0131 \u00fc\u00e7 dalga insan\u0131n\u0131n (tar\u0131m, sanayi, bilgi toplumu) ortak alg\u0131 tanjantlar\u0131na de\u011fsin ve alg\u0131lama y\u00f6netimine kap\u0131 a\u00e7abilsin!   ***   Bir d\u00f6nem elitizm horland\u0131 ve a\u015fa\u011f\u0131land\u0131. E\u011fitim sistemi de siyasile\u015ftirildi\u011fi ve pop\u00fclarize edildi\u011fi i\u00e7in, her t\u00fcrden \u00fcr\u00fcn ya da hizmetin \u00fcretim k\u00fclt\u00fcr\u00fcne y\u00fczeysellik ve bir t\u00fcr s\u0131\u011fl\u0131k egemen oldu. Derinlik giderek azald\u0131, \u00f6nemini yitirdi. Derinle\u015fmeyi elden b\u0131rakmak istemeyenler ise \u2018entel-dantel\u2019 olmakla su\u00e7land\u0131lar. Benim \u2018ne\u015feli cahiliye devri\u2019 diye adland\u0131rd\u0131\u011f\u0131m bu d\u00f6nemin 1980 ile 2000 aras\u0131nda s\u00fcrd\u00fc\u011f\u00fc s\u00f6ylenebilir. 2000\u2019li y\u0131llarda T\u00fcrkiye ba\u015fka bir k\u00fclt\u00fcrel k\u0131r\u0131lma noktas\u0131n\u0131n e\u015fi\u011fine gelmi\u015ftir: Yeni Pop\u00fcler K\u00fclt\u00fcr! *** Ulu orta \u201cErrare humanum est!\u201d buyurdu\u011fum g\u00fcnlerden birinde, h\u00e2l\u00e2 ahbapl\u0131\u011f\u0131m\u0131z\u0131 s\u00fcrd\u00fcrd\u00fc\u011f\u00fcm\u00fcz \u0130svi\u00e7reli dostum Peter Schurter dedi ki: \u201cArkada\u015f, sen bu deyi\u015fi \u00e7ok kullan\u0131yorsun, ama sadece yar\u0131s\u0131n\u0131&#8230; Herh\u00e2lde ikinci yar\u0131s\u0131n\u0131 bilmiyorsun!\u201d Hayli \u015fa\u015f\u0131rm\u0131\u015ft\u0131m. Ben biraz k\u00fcstah\u00e7a, \u201cNeymi\u015f bakal\u0131m ikinci yar\u0131s\u0131?\u201d diye sorunca \u015f\u00f6yle dedi: \u201cErrare humanum est; perseverare diabolicum!\u201d Hata yapmak insanlara mahsustur; hatay\u0131 tekrarlamak ise \u015feytanlara! <\/p>\n","protected":false},"excerpt":{"rendered":"<p>Karma\u015f\u0131k toplumsal tutumlar\u0131n sergilendi\u011fi T\u00fcrkiye gibi inan\u0131lmaz dinamik bir \u00fclkenin insan\u0131 kar\u015f\u0131s\u0131nda yal\u0131nl\u0131k nas\u0131l yakalanabilir? \u00d6yle bir yal\u0131nl\u0131k ki \u00fcretim, ili\u015fki bi\u00e7imleri, anlama, kavrama kapasiteleri, k\u00fclt\u00fcrel<span class=\"excerpt-hellip\"> [\u2026]<\/span><\/p>\n","protected":false},"featured_media":0,"template":"","meta":{"_monsterinsights_skip_tracking":false,"_monsterinsights_sitenote_active":false,"_monsterinsights_sitenote_note":"","_monsterinsights_sitenote_category":0},"product_brand":[],"product_cat":[13043,14754],"product_tag":[],"class_list":{"0":"post-692783","1":"product","2":"type-product","3":"status-publish","5":"product_cat-ekonomi","6":"product_cat-halkla-iliskiler-insan-kaynaklari","7":"pa_cilt-ciltsiz","8":"pa_tur-kitap","9":"pa_yayinevi-remzi-kitabevi","10":"pa_yazar-ali-saydam","12":"first","13":"instock","14":"sale","15":"shipping-taxable","16":"purchasable","17":"product-type-simple"},"_links":{"self":[{"href":"https:\/\/roveyayinevi.com.tr\/index.php\/wp-json\/wp\/v2\/product\/692783","targetHints":{"allow":["GET"]}}],"collection":[{"href":"https:\/\/roveyayinevi.com.tr\/index.php\/wp-json\/wp\/v2\/product"}],"about":[{"href":"https:\/\/roveyayinevi.com.tr\/index.php\/wp-json\/wp\/v2\/types\/product"}],"wp:attachment":[{"href":"https:\/\/roveyayinevi.com.tr\/index.php\/wp-json\/wp\/v2\/media?parent=692783"}],"wp:term":[{"taxonomy":"product_brand","embeddable":true,"href":"https:\/\/roveyayinevi.com.tr\/index.php\/wp-json\/wp\/v2\/product_brand?post=692783"},{"taxonomy":"product_cat","embeddable":true,"href":"https:\/\/roveyayinevi.com.tr\/index.php\/wp-json\/wp\/v2\/product_cat?post=692783"},{"taxonomy":"product_tag","embeddable":true,"href":"https:\/\/roveyayinevi.com.tr\/index.php\/wp-json\/wp\/v2\/product_tag?post=692783"}],"curies":[{"name":"wp","href":"https:\/\/api.w.org\/{rel}","templated":true}]}}