{"id":692780,"date":"2025-08-27T14:09:06","date_gmt":"2025-08-27T11:09:06","guid":{"rendered":"https:\/\/roveyayinevi.com.tr\/index.php\/urun\/kolay-ve-ekonomik-yemekler\/"},"modified":"2026-04-16T02:02:40","modified_gmt":"2026-04-15T23:02:40","slug":"kolay-ve-ekonomik-yemekler","status":"publish","type":"product","link":"https:\/\/roveyayinevi.com.tr\/index.php\/urun\/kolay-ve-ekonomik-yemekler\/","title":{"rendered":"Kolay ve Ekonomik Yemekler"},"content":{"rendered":"<p>Kolay ve Ekonomik Yemekler Bu kitapta, kentle\u015fmenin ve \u00e7al\u0131\u015fma hayat\u0131n\u0131n zorunlu k\u0131ld\u0131\u011f\u0131 h\u0131zl\u0131 ya\u015fam temposu i\u00e7indeki insan\u0131m\u0131z\u0131n, k\u0131sa s\u00fcrede, kolay malzemeyle fazla emek harcamadan do\u011fru ve dengeli beslenmesine olanak sa\u011flayan yemek tariflerine yer verildi. \u2022 \u00c7ORBALAR \u2022 YUMURTALAR \u2022 ETLER \u2022 SAKATATLAR \u2022 TAVUK \u00c7E\u015e\u0130TLER\u0130 \u2022 BALIK \u00c7E\u015e\u0130TLER\u0130 \u2022 KOLAY MEZE VE SALATALAR \u2022 SEBZELER \u2022 BAKLAG\u0130LLER \u2022 MAKARNA VE P\u0130LAV \u00c7E\u015e\u0130TLER\u0130 \u2022 KOLAY B\u00d6REK \u00c7E\u015e\u0130TLER\u0130 \u2022 TATLI \u00c7E\u015e\u0130TLER\u0130 \u2022 KOLAY KEK VE PASTA \u00c7E\u015e\u0130TLER\u0130 \u2022 KOLAY B\u0130SK\u00dcV\u0130 VE PO\u011eA\u00c7A \u00c7E\u015e\u0130TLER\u0130<\/p>\n","protected":false},"excerpt":{"rendered":"<p>Kolay ve Ekonomik Yemekler Bu kitapta, kentle\u015fmenin ve \u00e7al\u0131\u015fma hayat\u0131n\u0131n zorunlu k\u0131ld\u0131\u011f\u0131 h\u0131zl\u0131 ya\u015fam temposu i\u00e7indeki insan\u0131m\u0131z\u0131n, k\u0131sa s\u00fcrede, kolay malzemeyle fazla emek harcamadan do\u011fru ve<span class=\"excerpt-hellip\"> [\u2026]<\/span><\/p>\n","protected":false},"featured_media":0,"template":"","meta":{"_monsterinsights_skip_tracking":false,"_monsterinsights_sitenote_active":false,"_monsterinsights_sitenote_note":"","_monsterinsights_sitenote_category":0},"product_brand":[],"product_cat":[12458,12457],"product_tag":[],"class_list":{"0":"post-692780","1":"product","2":"type-product","3":"status-publish","5":"product_cat-turk-mutfagi","6":"product_cat-yemek-kitaplari","7":"pa_cilt-ciltsiz","8":"pa_tur-kitap","9":"pa_yayinevi-remzi-kitabevi","10":"pa_yazar-leman-cilizoglu-eryilmaz","12":"first","13":"instock","14":"sale","15":"shipping-taxable","16":"purchasable","17":"product-type-simple"},"_links":{"self":[{"href":"https:\/\/roveyayinevi.com.tr\/index.php\/wp-json\/wp\/v2\/product\/692780","targetHints":{"allow":["GET"]}}],"collection":[{"href":"https:\/\/roveyayinevi.com.tr\/index.php\/wp-json\/wp\/v2\/product"}],"about":[{"href":"https:\/\/roveyayinevi.com.tr\/index.php\/wp-json\/wp\/v2\/types\/product"}],"wp:attachment":[{"href":"https:\/\/roveyayinevi.com.tr\/index.php\/wp-json\/wp\/v2\/media?parent=692780"}],"wp:term":[{"taxonomy":"product_brand","embeddable":true,"href":"https:\/\/roveyayinevi.com.tr\/index.php\/wp-json\/wp\/v2\/product_brand?post=692780"},{"taxonomy":"product_cat","embeddable":true,"href":"https:\/\/roveyayinevi.com.tr\/index.php\/wp-json\/wp\/v2\/product_cat?post=692780"},{"taxonomy":"product_tag","embeddable":true,"href":"https:\/\/roveyayinevi.com.tr\/index.php\/wp-json\/wp\/v2\/product_tag?post=692780"}],"curies":[{"name":"wp","href":"https:\/\/api.w.org\/{rel}","templated":true}]}}