{"id":692774,"date":"2025-08-27T14:09:04","date_gmt":"2025-08-27T11:09:04","guid":{"rendered":"https:\/\/roveyayinevi.com.tr\/index.php\/urun\/turk-tarihinden-yapraklar\/"},"modified":"2026-04-16T02:02:39","modified_gmt":"2026-04-15T23:02:39","slug":"turk-tarihinden-yapraklar","status":"publish","type":"product","link":"https:\/\/roveyayinevi.com.tr\/index.php\/urun\/turk-tarihinden-yapraklar\/","title":{"rendered":"T\u00fcrk Tarihinden Yapraklar"},"content":{"rendered":"<p>T\u00fcrkiye\u2019de geni\u015f kitlelere tarihi sevdiren ki\u015fi olarak bilinen Y\u0131lmaz \u00d6ztuna, T\u00fcrk Tarihinden Yapraklar\u2019da tarihimizin \u00f6nemli k\u0131r\u0131lma anlar\u0131n\u0131 adeta bir sohbet havas\u0131nda samimi ve ak\u0131c\u0131 bir \u00fcsl\u00fbpla anlat\u0131yor. Ergenekon Dest\u00e2n\u0131, K\u00fcr\u015fad \u0130htil\u00e2li ve T\u00fcrkler\u2019in k\u00f6keninden T\u00fcrkler\u2019in ni\u00e7in M\u00fcsl\u00fcman oldu\u011funa, Osmanl\u0131 Devleti\u2019nin nas\u0131l kuruldu\u011fundan Baltac\u0131 ve Katerina mevzuuna, Akdeniz ve di\u011fer d\u00fcnya denizlerindeki T\u00fcrk g\u00fcc\u00fcnden Osmanl\u0131 Devleti\u2019ndeki yenile\u015fme hareketlerine, T\u00fcrk k\u00fclt\u00fcr ve sanat hayat\u0131na y\u00f6n veren Mimar Sinan ve Itr\u00ee\u2019den Cem Sultan\u2019\u0131n Roma\u2019daki hayat\u0131na var\u0131ncaya dek merak edilen pek \u00e7ok husus bu kitapta anlat\u0131l\u0131yor. Y\u0131lmaz \u00d6ztuna\u2019n\u0131n 1968 y\u0131l\u0131nda \u0130stanbul Radyosu&#8217;nda yapt\u0131\u011f\u0131 konu\u015fmalardan kendi yapt\u0131\u011f\u0131 bu derlemedeki k\u0131sa ve zevkli bahisleri bir solukta okuyacaks\u0131n\u0131z.<\/p>\n","protected":false},"excerpt":{"rendered":"<p>T\u00fcrkiye\u2019de geni\u015f kitlelere tarihi sevdiren ki\u015fi olarak bilinen Y\u0131lmaz \u00d6ztuna, T\u00fcrk Tarihinden Yapraklar\u2019da tarihimizin \u00f6nemli k\u0131r\u0131lma anlar\u0131n\u0131 adeta bir sohbet havas\u0131nda samimi ve ak\u0131c\u0131 bir \u00fcsl\u00fbpla<span class=\"excerpt-hellip\"> [\u2026]<\/span><\/p>\n","protected":false},"featured_media":0,"template":"","meta":{"_monsterinsights_skip_tracking":false,"_monsterinsights_sitenote_active":false,"_monsterinsights_sitenote_note":"","_monsterinsights_sitenote_category":0},"product_brand":[],"product_cat":[13517,12304],"product_tag":[],"class_list":{"0":"post-692774","1":"product","2":"type-product","3":"status-publish","5":"product_cat-osmanli-tarihi","6":"product_cat-tarih","7":"pa_cilt-ciltsiz","8":"pa_tur-kitap","9":"pa_yayinevi-otuken-nesriyat","10":"pa_yazar-yilmaz-oztuna","12":"first","13":"instock","14":"sale","15":"shipping-taxable","16":"purchasable","17":"product-type-simple"},"_links":{"self":[{"href":"https:\/\/roveyayinevi.com.tr\/index.php\/wp-json\/wp\/v2\/product\/692774","targetHints":{"allow":["GET"]}}],"collection":[{"href":"https:\/\/roveyayinevi.com.tr\/index.php\/wp-json\/wp\/v2\/product"}],"about":[{"href":"https:\/\/roveyayinevi.com.tr\/index.php\/wp-json\/wp\/v2\/types\/product"}],"wp:attachment":[{"href":"https:\/\/roveyayinevi.com.tr\/index.php\/wp-json\/wp\/v2\/media?parent=692774"}],"wp:term":[{"taxonomy":"product_brand","embeddable":true,"href":"https:\/\/roveyayinevi.com.tr\/index.php\/wp-json\/wp\/v2\/product_brand?post=692774"},{"taxonomy":"product_cat","embeddable":true,"href":"https:\/\/roveyayinevi.com.tr\/index.php\/wp-json\/wp\/v2\/product_cat?post=692774"},{"taxonomy":"product_tag","embeddable":true,"href":"https:\/\/roveyayinevi.com.tr\/index.php\/wp-json\/wp\/v2\/product_tag?post=692774"}],"curies":[{"name":"wp","href":"https:\/\/api.w.org\/{rel}","templated":true}]}}