{"id":692773,"date":"2025-08-27T14:09:04","date_gmt":"2025-08-27T11:09:04","guid":{"rendered":"https:\/\/roveyayinevi.com.tr\/index.php\/urun\/icimizdeki-zalim\/"},"modified":"2026-04-16T02:02:39","modified_gmt":"2026-04-15T23:02:39","slug":"icimizdeki-zalim","status":"publish","type":"product","link":"https:\/\/roveyayinevi.com.tr\/index.php\/urun\/icimizdeki-zalim\/","title":{"rendered":"\u0130\u00e7imizdeki Zalim"},"content":{"rendered":"<p>&#8220;Anlamak ve \u00dcstesinden Gelmek&#8221;\u0130\u00e7inizdeki zalime teslim olmay\u0131n!Prof. Dr. Emre Kongar, bir toplumbilimci duyarl\u0131\u011f\u0131yla hem bireysel d\u00fcnyam\u0131zda hem de toplumsal ya\u015fam\u0131n derinliklerinde bu kez \u201czalim\u201din izini s\u00fcr\u00fcyor. Psikolojinin ve sosyolojinin kesi\u015fme noktalar\u0131nda kar\u015f\u0131m\u0131za \u00e7\u0131kan \u201czul\u00fcm\u201d kavram\u0131n\u0131, g\u00fcn\u00fcm\u00fcz\u00fcn toplumsal olgular\u0131 a\u00e7\u0131s\u0131ndan yorumlayan Kongar, bireysel ve toplumsal geli\u015fmemize y\u00f6nelik yepyeni bir bak\u0131\u015f a\u00e7\u0131s\u0131 getiriyor. <\/p>\n","protected":false},"excerpt":{"rendered":"<p>&#8220;Anlamak ve \u00dcstesinden Gelmek&#8221;\u0130\u00e7inizdeki zalime teslim olmay\u0131n!Prof. Dr. Emre Kongar, bir toplumbilimci duyarl\u0131\u011f\u0131yla hem bireysel d\u00fcnyam\u0131zda hem de toplumsal ya\u015fam\u0131n derinliklerinde bu kez \u201czalim\u201din izini s\u00fcr\u00fcyor.<span class=\"excerpt-hellip\"> [\u2026]<\/span><\/p>\n","protected":false},"featured_media":0,"template":"","meta":{"_monsterinsights_skip_tracking":false,"_monsterinsights_sitenote_active":false,"_monsterinsights_sitenote_note":"","_monsterinsights_sitenote_category":0},"product_brand":[],"product_cat":[13633,12324],"product_tag":[],"class_list":{"0":"post-692773","1":"product","2":"type-product","3":"status-publish","5":"product_cat-kultur-ve-bilim","6":"product_cat-sosyoloji","7":"pa_cilt-ciltsiz","8":"pa_tur-kitap","9":"pa_yayinevi-remzi-kitabevi","10":"pa_yazar-emre-kongar","12":"first","13":"instock","14":"sale","15":"shipping-taxable","16":"purchasable","17":"product-type-simple"},"_links":{"self":[{"href":"https:\/\/roveyayinevi.com.tr\/index.php\/wp-json\/wp\/v2\/product\/692773","targetHints":{"allow":["GET"]}}],"collection":[{"href":"https:\/\/roveyayinevi.com.tr\/index.php\/wp-json\/wp\/v2\/product"}],"about":[{"href":"https:\/\/roveyayinevi.com.tr\/index.php\/wp-json\/wp\/v2\/types\/product"}],"wp:attachment":[{"href":"https:\/\/roveyayinevi.com.tr\/index.php\/wp-json\/wp\/v2\/media?parent=692773"}],"wp:term":[{"taxonomy":"product_brand","embeddable":true,"href":"https:\/\/roveyayinevi.com.tr\/index.php\/wp-json\/wp\/v2\/product_brand?post=692773"},{"taxonomy":"product_cat","embeddable":true,"href":"https:\/\/roveyayinevi.com.tr\/index.php\/wp-json\/wp\/v2\/product_cat?post=692773"},{"taxonomy":"product_tag","embeddable":true,"href":"https:\/\/roveyayinevi.com.tr\/index.php\/wp-json\/wp\/v2\/product_tag?post=692773"}],"curies":[{"name":"wp","href":"https:\/\/api.w.org\/{rel}","templated":true}]}}